{"id":8436,"date":"2023-07-12T10:35:42","date_gmt":"2023-07-12T10:35:42","guid":{"rendered":"https:\/\/pallarsfustes.com\/tratamientos-madera\/"},"modified":"2024-11-14T13:22:47","modified_gmt":"2024-11-14T13:22:47","slug":"tratamientos-madera","status":"publish","type":"page","link":"https:\/\/pallarsfustes.com\/es\/tratamientos-madera\/","title":{"rendered":"Tratamientos madera: Ventajas, prevenci\u00f3n y mantenimiento de la madera"},"content":{"rendered":"[mk_page_section bg_image=\u00bbhttps:\/\/pallarsfustes.com\/wp-content\/uploads\/2023\/07\/pexels-brett-sayles-981286-scaled.jpg\u00bb bg_position=\u00bbcenter bottom\u00bb bg_stretch=\u00bbtrue\u00bb enable_3d=\u00bbtrue\u00bb video_color_mask=\u00bb#000000&#8243; padding_top=\u00bb175&#8243; padding_bottom=\u00bb175&#8243; sidebar=\u00bbsidebar-1&#8243;][vc_column][vc_custom_heading text=\u00bbTratamientos en madera: Ventajas, prevenci\u00f3n y mantenimiento de la madera\u00bb font_container=\u00bbtag:h2|text_align:center|color:%23ffffff\u00bb use_theme_fonts=\u00bbyes\u00bb][\/vc_column][\/mk_page_section][vc_row][vc_column][vc_empty_space height=\u00bb70px\u00bb][vc_custom_heading text=\u00bbTratamientos en madera: Ventajas, prevenci\u00f3n y mantenimiento de la madera\u00bb font_container=\u00bbtag:h1|text_align:center\u00bb use_theme_fonts=\u00bbyes\u00bb][vc_empty_space height=\u00bb10px\u00bb][vc_column_text css=\u00bb.vc_custom_1715261719388{margin-bottom: 0px !important;}\u00bb]\n<p style=\"text-align: center;\">Existen varios tratamientos para la madera que aportan ventajas en la prevenci\u00f3n y el mantenimiento de esta.<br \/>\nEs importante considerar varios factores desconocidos por gran parte de los usuarios que pueden ser decisivos a la hora de escoger la madera como material de construcci\u00f3n para ciertos proyectos.<br \/>\nEl fuego, la podredumbre provocado por agentes externos como termitas y hongos, as\u00ed como el mantenimiento de las estructuras de madera, especialmente las exteriores, son algunos de los principales \u00edtems a tener en cuenta.  <\/p>\n<p style=\"text-align: center;\">En Pallars Fustes, ya somos tres generaciones de experiencia en construcciones y proyectos con madera, ya hemos contemplado esta serie de posibles problemas.<br \/>\nAunque muchos usuarios puedan desconocer estas soluciones, la realidad es que estos factores ya est\u00e1n resueltos en la actualidad, lo que hace de la madera una opci\u00f3n segura y duradera para todo tipo de construcciones. <\/p>\n<p style=\"text-align: center;\">Conoce los tratamientos en madera m\u00e1s actuales, sus ventajas y avances, la prevenci\u00f3n del desgaste y los diferentes tratamientos para el mantenimiento de la madera.<\/p>\n[\/vc_column_text][\/vc_column][\/vc_row][vc_row][vc_column][vc_empty_space height=\u00bb70px\u00bb][vc_custom_heading text=\u00bbLa madera y el fuego\u00bb use_theme_fonts=\u00bbyes\u00bb][vc_separator color=\u00bbcustom\u00bb accent_color=\u00bb#9b8e69&#8243;][\/vc_column][\/vc_row][vc_row css=\u00bb.vc_custom_1689153798341{margin-right: -60px !important;margin-left: -60px !important;}\u00bb][vc_column][vc_row_inner attached=\u00bbtrue\u00bb column_padding=\u00bb4&#8243;][vc_column_inner width=\u00bb1\/2&#8243;][vc_single_image image=\u00bb8425&#8243; img_size=\u00bbfull\u00bb css=\u00bb.vc_custom_1697550934442{margin-bottom: 10px !important;}\u00bb][\/vc_column_inner][vc_column_inner width=\u00bb1\/2&#8243;][vc_custom_heading text=\u00bbVentajas de la madera vs el fuego\u00bb font_container=\u00bbtag:h4|text_align:left\u00bb use_theme_fonts=\u00bbyes\u00bb][vc_column_text css=\u00bb.vc_custom_1689154272629{margin-bottom: 0px !important;}\u00bb]Aunque pueda parecer contradictorio, las construcciones de madera tienen algunas ventajas \u00fanicas cuando se trata de resistir el fuego.<br \/>\nEn comparaci\u00f3n con otros materiales de construcci\u00f3n, como el acero, que se doblega al alcanzar cierta temperatura, o el hormig\u00f3n, que puede llegar a explotar debido a la dilataci\u00f3n del hierro de su interior, la madera tiene una mayor resistencia al fuego durante un mayor tiempo, debido a su bajo coeficiente de conductividad t\u00e9rmica y su capacidad para carbonizarse en la superficie, lo que protege el interior del material.<br \/>\nEsta capa protectora hace que no penetre el fuego hacia dentro de la viga y provoque que la madera se mantenga en pie por m\u00e1s tiempo en comparaci\u00f3n a otros materiales.[\/vc_column_text][vc_custom_heading text=\u00bbPrevenci\u00f3n de incendios\u00bb font_container=\u00bbtag:h4|text_align:left\u00bb use_theme_fonts=\u00bbyes\u00bb][vc_column_text css=\u00bb.vc_custom_1715261729701{margin-bottom: 0px !important;}\u00bb]Muchos incendios dom\u00e9sticos son producidos a causa de un mal dise\u00f1o de las salidas de humo o chimeneas. Esto se puede evitar con un buen revestimiento cer\u00e1mico a trav\u00e9s de la cubierta de madera, tubos dobles con aislante t\u00e9rmico y rellenados de cemento aligerado. Gracias al estudio previo de las estructuras y a este revestimiento, nos encontramos que no hay ninguna posibilidad que el fuego de una chimenea entre en contacto con nuestra cubierta de madera. En Pallars Fustes sobredimensionamos las vigas de madera con la condici\u00f3n que estas resistan m\u00e1s tiempos expuestos al fuego. Es cierto que la madera es un material que, con llama viva, crema, pero que una vez sobredimensionado, calculado correctamente y acompa\u00f1ado de un buen dise\u00f1o, no tiene ning\u00fan inconveniente en la hora de la construcci\u00f3n. Es decir, aporta m\u00e1s ventajas y seguridad expuesto al fuego en comparaci\u00f3n con otros materiales.[\/vc_column_text][\/vc_column_inner][\/vc_row_inner][\/vc_column][\/vc_row][vc_row][vc_column][vc_empty_space height=\u00bb70px\u00bb][vc_custom_heading text=\u00bbAgentes de podriment en la madera: par\u00e1sitos, hongos, termitas&#8230;\u00bb use_theme_fonts=\u00bbyes\u00bb][vc_separator color=\u00bbcustom\u00bb accent_color=\u00bb#9b8e69&#8243;][\/vc_column][\/vc_row][vc_row css=\u00bb.vc_custom_1689153798341{margin-right: -60px !important;margin-left: -60px !important;}\u00bb][vc_column][vc_row_inner attached=\u00bbtrue\u00bb column_padding=\u00bb4&#8243;][vc_column_inner width=\u00bb1\/2&#8243;][vc_single_image image=\u00bb8428&#8243; img_size=\u00bbfull\u00bb css=\u00bb.vc_custom_1689155916282{margin-bottom: 10px !important;}\u00bb][\/vc_column_inner][vc_column_inner width=\u00bb1\/2&#8243;][vc_custom_heading text=\u00bbExisten tratamientos y medidas de prevenci\u00f3n por la madera\u00bb font_container=\u00bbtag:h4|text_align:left\u00bb use_theme_fonts=\u00bbyes\u00bb][vc_column_text css=\u00bb.vc_custom_1689156113272{margin-bottom: 0px !important;}\u00bb]Aunque es cierto que la madera es vulnerable al ataque de los agentes de pudrimiento, cabe destacar que esto se da con condiciones espec\u00edficas y puntuales.<br \/>\nEn la actualidad existen varios tratamientos y medidas de prevenci\u00f3n que pueden ser utilizados para proteger la madera y extender su vida \u00fatil.<br \/>\nEstos incluyen el uso de maderas resistentes al pudrimiento, la aplicaci\u00f3n de preservantes de madera y el control de la humedad en el ambiente donde se encuentra la madera.[\/vc_column_text][vc_custom_heading text=\u00bbPorque aparece el pudrimiento a la madera?\u00bb font_container=\u00bbtag:h4|text_align:left\u00bb use_theme_fonts=\u00bbyes\u00bb][vc_column_text css=\u00bb.vc_custom_1689156836149{margin-bottom: 0px !important;}\u00bb]Los agentes de pudrimiento aparecen en la madera cuando esta tiene un nivel de humedad superior al 18%.<br \/>\nEsta es una cifra elevada que \u00fanicamente se puede alcanzar en lugares muy h\u00famedos donde la viga de madera est\u00e9 totalmente tapada y con una ventilaci\u00f3n incorrecta o inexistente.<br \/>\nEs por esto, que le ponemos una especial atenci\u00f3n al dise\u00f1o, ya que, este es fundamental para que la madera tenga una correcta ventilaci\u00f3n, evitando as\u00ed la absorci\u00f3n de humedad.<br \/>\nEn Pallars Fustes trabajamos con maderas que contengan un m\u00e1ximo del 12% de humedad en su composici\u00f3n, teniendo en cuenta que no es posible que ning\u00fan elemento de pudrimiento viva en una madera que contenga de un 12% a un 18% de humedad, evitamos desde el inicio que se puedan producir desgastes de este tipo en nuestras construcciones.<br \/>\nTambi\u00e9n existen diversos tratamientos qu\u00edmicos espec\u00edficos que impregnan el interior de la madera, de esa manera, los elementos que podr\u00edan da\u00f1ar la madera, como las termitas o los hongos, no pueden hacer vida.[\/vc_column_text][\/vc_column_inner][\/vc_row_inner][\/vc_column][\/vc_row][vc_row][vc_column][vc_empty_space height=\u00bb70px\u00bb][vc_custom_heading text=\u00bbMantenimiento de las estructuras de madera en exterior\u00bb use_theme_fonts=\u00bbyes\u00bb][vc_separator color=\u00bbcustom\u00bb accent_color=\u00bb#9b8e69&#8243;][\/vc_column][\/vc_row][vc_row css=\u00bb.vc_custom_1689153798341{margin-right: -60px !important;margin-left: -60px !important;}\u00bb][vc_column][vc_row_inner attached=\u00bbtrue\u00bb column_padding=\u00bb4&#8243;][vc_column_inner width=\u00bb1\/2&#8243;][vc_single_image image=\u00bb8431&#8243; img_size=\u00bbfull\u00bb css=\u00bb.vc_custom_1689156959570{margin-bottom: 10px !important;}\u00bb][\/vc_column_inner][vc_column_inner width=\u00bb1\/2&#8243;][vc_custom_heading text=\u00bbEn Pallars Fustes utilizamos&#8230;\u00bb font_container=\u00bbtag:h4|text_align:left\u00bb use_theme_fonts=\u00bbyes\u00bb][vc_column_text css=\u00bb.vc_custom_1689157002959{margin-bottom: 0px !important;}\u00bb]En Pallars Fustes somos expertos en todo tipo de madera, por eso, conocemos sus propiedades y seleccionamos la perfecta para cada proyecto teniendo en cuenta el uso final que se le va a dar.<br \/>\nSe cree que las estructuras exteriores de madera no son resistentes y requieren de un mantenimiento constante, pero eso no es as\u00ed.<br \/>\nLa clave est\u00e1 en seleccionar la madera correcta y seguir las indicaciones y cuidados que te dan los profesionales, de igual forma que se har\u00eda con una construcci\u00f3n de otro material.<br \/>\nPara construcciones en exterior se recomienda emplear todo lo que ser\u00edan maderas tropicales, ya que estas, tiene m\u00e1s durabilidad en exterior que otro tipo de maderas, como lo ser\u00edan las de abeto.<br \/>\n. Las maderas tropicales se pueden llegar a enterrar en el suelo sin que tengan un pudrimiento notorio, es decir, ni la viga ni la estructura de madera se ven afectados.<br \/>\nEn Pallars Fustes hacemos una elecci\u00f3n cuidadosa de las maderas utilizadas para construcciones exterior, destacando las maderas de proximidad como el Abeto Douglas, u otros como el bamb\u00fa, el IPE, o el Iroc.[\/vc_column_text][vc_custom_heading text=\u00bbTrabajamos con productos de primera generaci\u00f3n\u00bb font_container=\u00bbtag:h4|text_align:left\u00bb use_theme_fonts=\u00bbyes\u00bb][vc_column_text css=\u00bb.vc_custom_1689157033582{margin-bottom: 0px !important;}\u00bb]De todas formas, tratamos la madera con productos de mantenimiento de color de primera generaci\u00f3n, donde aseguramos el perfecto estado y mantenimiento total de los materiales a largo plazo, concretamente de 4 a 6 a\u00f1os, dependiendo de la exposici\u00f3n al sol que sufra y tambi\u00e9n de otros factores determinados por el lugar donde se encuentre la instalaci\u00f3n.<br \/>\nPor lo tanto, de igual forma que una fachada se tiene que pintar cada cierto tiempo, la madera igual, cada 4 o 6 a\u00f1os, se tiene que repintar.<br \/>\nEn Pallars Fustes trabajamos con productos y tratamientos de nueva generaci\u00f3n, de este modo conseguimos mantener el color y las propiedades de la madera en exterior durante un largo tiempo.[\/vc_column_text][\/vc_column_inner][\/vc_row_inner][\/vc_column][\/vc_row][vc_row][vc_column][vc_empty_space height=\u00bb100px\u00bb][\/vc_column][\/vc_row]\n","protected":false},"excerpt":{"rendered":"<p>[mk_page_section bg_image=\u00bbhttps:\/\/pallarsfustes.com\/wp-content\/uploads\/2023\/07\/pexels-brett-sayles-981286-scaled.jpg\u00bb bg_position=\u00bbcenter bottom\u00bb bg_stretch=\u00bbtrue\u00bb enable_3d=\u00bbtrue\u00bb video_color_mask=\u00bb#000000&#8243; padding_top=\u00bb175&#8243; padding_bottom=\u00bb175&#8243; sidebar=\u00bbsidebar-1&#8243;][vc_column][vc_custom_heading text=\u00bbTratamientos en madera: Ventajas, prevenci\u00f3n y mantenimiento de la madera\u00bb font_container=\u00bbtag:h2|text_align:center|color:%23ffffff\u00bb use_theme_fonts=\u00bbyes\u00bb][\/vc_column][\/mk_page_section][vc_row][vc_column][vc_empty_space height=\u00bb70px\u00bb][vc_custom_heading text=\u00bbTratamientos en madera: Ventajas, prevenci\u00f3n y mantenimiento de la madera\u00bb font_container=\u00bbtag:h1|text_align:center\u00bb use_theme_fonts=\u00bbyes\u00bb][vc_empty_space height=\u00bb10px\u00bb][vc_column_text css=\u00bb.vc_custom_1715261719388{margin-bottom: 0px !important;}\u00bb] Existen varios tratamientos para la madera que aportan ventajas en la prevenci\u00f3n y el mantenimiento de [&hellip;]<\/p>\n","protected":false},"author":5,"featured_media":0,"parent":0,"menu_order":0,"comment_status":"closed","ping_status":"closed","template":"","meta":{"footnotes":""},"class_list":["post-8436","page","type-page","status-publish","hentry"],"yoast_head":"<!-- This site is optimized with the Yoast SEO plugin v26.0 - https:\/\/yoast.com\/wordpress\/plugins\/seo\/ -->\n<title>Tratamientos en madera: Ventajas, prevenci\u00f3n y mantenimiento<\/title>\n<meta name=\"description\" content=\"Existen multitud de tratamientos para la madera que har\u00e1n de esta tu mejor opci\u00f3n para tus proyectos y construcciones.\" \/>\n<meta name=\"robots\" content=\"index, follow, max-snippet:-1, max-image-preview:large, max-video-preview:-1\" \/>\n<link rel=\"canonical\" href=\"https:\/\/pallarsfustes.com\/es\/tratamientos-madera\/\" \/>\n<meta property=\"og:locale\" content=\"es_ES\" \/>\n<meta property=\"og:type\" content=\"article\" \/>\n<meta property=\"og:title\" content=\"Tratamientos en madera: Ventajas, prevenci\u00f3n y mantenimiento\" \/>\n<meta property=\"og:description\" content=\"Existen multitud de tratamientos para la madera que har\u00e1n de esta tu mejor opci\u00f3n para tus proyectos y construcciones.\" \/>\n<meta property=\"og:url\" content=\"https:\/\/pallarsfustes.com\/es\/tratamientos-madera\/\" \/>\n<meta property=\"og:site_name\" content=\"Pallars\" \/>\n<meta property=\"article:modified_time\" content=\"2024-11-14T13:22:47+00:00\" \/>\n<meta name=\"twitter:card\" content=\"summary_large_image\" \/>\n<meta name=\"twitter:label1\" content=\"Tiempo de lectura\" \/>\n\t<meta name=\"twitter:data1\" content=\"7 minutos\" \/>\n<script type=\"application\/ld+json\" class=\"yoast-schema-graph\">{\"@context\":\"https:\/\/schema.org\",\"@graph\":[{\"@type\":\"WebPage\",\"@id\":\"https:\/\/pallarsfustes.com\/es\/tratamientos-madera\/\",\"url\":\"https:\/\/pallarsfustes.com\/es\/tratamientos-madera\/\",\"name\":\"Tratamientos en madera: Ventajas, prevenci\u00f3n y mantenimiento\",\"isPartOf\":{\"@id\":\"https:\/\/pallarsfustes.com\/es\/#website\"},\"datePublished\":\"2023-07-12T10:35:42+00:00\",\"dateModified\":\"2024-11-14T13:22:47+00:00\",\"description\":\"Existen multitud de tratamientos para la madera que har\u00e1n de esta tu mejor opci\u00f3n para tus proyectos y construcciones.\",\"breadcrumb\":{\"@id\":\"https:\/\/pallarsfustes.com\/es\/tratamientos-madera\/#breadcrumb\"},\"inLanguage\":\"es\",\"potentialAction\":[{\"@type\":\"ReadAction\",\"target\":[\"https:\/\/pallarsfustes.com\/es\/tratamientos-madera\/\"]}]},{\"@type\":\"BreadcrumbList\",\"@id\":\"https:\/\/pallarsfustes.com\/es\/tratamientos-madera\/#breadcrumb\",\"itemListElement\":[{\"@type\":\"ListItem\",\"position\":1,\"name\":\"Home\",\"item\":\"https:\/\/pallarsfustes.com\/es\/\"},{\"@type\":\"ListItem\",\"position\":2,\"name\":\"Tratamientos madera: Ventajas, prevenci\u00f3n y mantenimiento de la madera\"}]},{\"@type\":\"WebSite\",\"@id\":\"https:\/\/pallarsfustes.com\/es\/#website\",\"url\":\"https:\/\/pallarsfustes.com\/es\/\",\"name\":\"Pallars\",\"description\":\"\",\"potentialAction\":[{\"@type\":\"SearchAction\",\"target\":{\"@type\":\"EntryPoint\",\"urlTemplate\":\"https:\/\/pallarsfustes.com\/es\/?s={search_term_string}\"},\"query-input\":{\"@type\":\"PropertyValueSpecification\",\"valueRequired\":true,\"valueName\":\"search_term_string\"}}],\"inLanguage\":\"es\"}]}<\/script>\n<!-- \/ Yoast SEO plugin. -->","yoast_head_json":{"title":"Tratamientos en madera: Ventajas, prevenci\u00f3n y mantenimiento","description":"Existen multitud de tratamientos para la madera que har\u00e1n de esta tu mejor opci\u00f3n para tus proyectos y construcciones.","robots":{"index":"index","follow":"follow","max-snippet":"max-snippet:-1","max-image-preview":"max-image-preview:large","max-video-preview":"max-video-preview:-1"},"canonical":"https:\/\/pallarsfustes.com\/es\/tratamientos-madera\/","og_locale":"es_ES","og_type":"article","og_title":"Tratamientos en madera: Ventajas, prevenci\u00f3n y mantenimiento","og_description":"Existen multitud de tratamientos para la madera que har\u00e1n de esta tu mejor opci\u00f3n para tus proyectos y construcciones.","og_url":"https:\/\/pallarsfustes.com\/es\/tratamientos-madera\/","og_site_name":"Pallars","article_modified_time":"2024-11-14T13:22:47+00:00","twitter_card":"summary_large_image","twitter_misc":{"Tiempo de lectura":"7 minutos"},"schema":{"@context":"https:\/\/schema.org","@graph":[{"@type":"WebPage","@id":"https:\/\/pallarsfustes.com\/es\/tratamientos-madera\/","url":"https:\/\/pallarsfustes.com\/es\/tratamientos-madera\/","name":"Tratamientos en madera: Ventajas, prevenci\u00f3n y mantenimiento","isPartOf":{"@id":"https:\/\/pallarsfustes.com\/es\/#website"},"datePublished":"2023-07-12T10:35:42+00:00","dateModified":"2024-11-14T13:22:47+00:00","description":"Existen multitud de tratamientos para la madera que har\u00e1n de esta tu mejor opci\u00f3n para tus proyectos y construcciones.","breadcrumb":{"@id":"https:\/\/pallarsfustes.com\/es\/tratamientos-madera\/#breadcrumb"},"inLanguage":"es","potentialAction":[{"@type":"ReadAction","target":["https:\/\/pallarsfustes.com\/es\/tratamientos-madera\/"]}]},{"@type":"BreadcrumbList","@id":"https:\/\/pallarsfustes.com\/es\/tratamientos-madera\/#breadcrumb","itemListElement":[{"@type":"ListItem","position":1,"name":"Home","item":"https:\/\/pallarsfustes.com\/es\/"},{"@type":"ListItem","position":2,"name":"Tratamientos madera: Ventajas, prevenci\u00f3n y mantenimiento de la madera"}]},{"@type":"WebSite","@id":"https:\/\/pallarsfustes.com\/es\/#website","url":"https:\/\/pallarsfustes.com\/es\/","name":"Pallars","description":"","potentialAction":[{"@type":"SearchAction","target":{"@type":"EntryPoint","urlTemplate":"https:\/\/pallarsfustes.com\/es\/?s={search_term_string}"},"query-input":{"@type":"PropertyValueSpecification","valueRequired":true,"valueName":"search_term_string"}}],"inLanguage":"es"}]}},"_links":{"self":[{"href":"https:\/\/pallarsfustes.com\/es\/wp-json\/wp\/v2\/pages\/8436","targetHints":{"allow":["GET"]}}],"collection":[{"href":"https:\/\/pallarsfustes.com\/es\/wp-json\/wp\/v2\/pages"}],"about":[{"href":"https:\/\/pallarsfustes.com\/es\/wp-json\/wp\/v2\/types\/page"}],"author":[{"embeddable":true,"href":"https:\/\/pallarsfustes.com\/es\/wp-json\/wp\/v2\/users\/5"}],"replies":[{"embeddable":true,"href":"https:\/\/pallarsfustes.com\/es\/wp-json\/wp\/v2\/comments?post=8436"}],"version-history":[{"count":20,"href":"https:\/\/pallarsfustes.com\/es\/wp-json\/wp\/v2\/pages\/8436\/revisions"}],"predecessor-version":[{"id":11143,"href":"https:\/\/pallarsfustes.com\/es\/wp-json\/wp\/v2\/pages\/8436\/revisions\/11143"}],"wp:attachment":[{"href":"https:\/\/pallarsfustes.com\/es\/wp-json\/wp\/v2\/media?parent=8436"}],"curies":[{"name":"wp","href":"https:\/\/api.w.org\/{rel}","templated":true}]}}