{"id":4555,"date":"2021-04-19T09:42:51","date_gmt":"2021-04-19T09:42:51","guid":{"rendered":"https:\/\/niunapalabraanadie.com\/pallarsfustes\/venta-al-detalle\/"},"modified":"2024-12-05T09:24:28","modified_gmt":"2024-12-05T09:24:28","slug":"venta-al-detalle","status":"publish","type":"page","link":"https:\/\/pallarsfustes.com\/es\/venta-al-detalle\/","title":{"rendered":"Pavimentos y forrados con madera"},"content":{"rendered":"[mk_page_section bg_image=\u00bbhttps:\/\/pallarsfustes.com\/wp-content\/uploads\/2019\/03\/venta-al-detall-4-1.jpg\u00bb bg_position=\u00bbcenter center\u00bb bg_stretch=\u00bbtrue\u00bb enable_3d=\u00bbtrue\u00bb video_color_mask=\u00bb#000000&#8243; padding_top=\u00bb150&#8243; padding_bottom=\u00bb150&#8243; sidebar=\u00bbsidebar-1&#8243;][vc_column][vc_custom_heading text=\u00bbPavimentos y forrados con madera\u00bb font_container=\u00bbtag:h2|text_align:center|color:%23ffffff\u00bb use_theme_fonts=\u00bbyes\u00bb][\/vc_column][\/mk_page_section][vc_row][vc_column][vc_empty_space height=\u00bb70px\u00bb][\/vc_column][\/vc_row][vc_row][vc_column width=\u00bb1\/3&#8243;][vc_images_carousel images=\u00bb880,879,882,876&#8243; img_size=\u00bbfull\u00bb][vc_custom_heading text=\u00bbSUELOS Y VALLADOS\u00bb font_container=\u00bbtag:h6|text_align:center\u00bb use_theme_fonts=\u00bbyes\u00bb][vc_empty_space height=\u00bb10px\u00bb][vc_column_text css=\u00bb.vc_custom_1733307704255{margin-bottom: 0px !important;}\u00bb]\n<p style=\"text-align: center;\">Los suelos y vallados de madera son opciones perfectas para combinar funcionalidad y est\u00e9tica. Aportan calidez y naturalidad en los espacios, integr\u00e1ndose arm\u00f3nicamente con el entorno. La madera, tratada adecuadamente, garantiza durabilidad y resistencia, convirti\u00e9ndose en una soluci\u00f3n sostenible y de gran calidad para exteriores.  <\/p>\n[\/vc_column_text][\/vc_column][vc_column width=\u00bb1\/3&#8243;][vc_single_image image=\u00bb267&#8243; img_size=\u00bbfull\u00bb css=\u00bb.vc_custom_1553512056597{margin-bottom: 10px !important;}\u00bb][vc_empty_space height=\u00bb20px\u00bb][vc_custom_heading text=\u00bbAISLAMIENTOS\u00bb font_container=\u00bbtag:h6|text_align:center\u00bb use_theme_fonts=\u00bbyes\u00bb][vc_empty_space height=\u00bb10px\u00bb][vc_column_text css=\u00bb.vc_custom_1733307743326{margin-bottom: 0px !important;}\u00bb]\n<p style=\"text-align: center;\">Los aislamientos con madera son una soluci\u00f3n natural, eficiente y sostenible para mejorar el confort t\u00e9rmico y ac\u00fastico de los espacios. La madera act\u00faa como barrera contra el fr\u00edo y el calor, reduciendo el consumo energ\u00e9tico y potenciando la sostenibilidad. Una opci\u00f3n funcional y respetuosa con el medio ambiente.  <\/p>\n[\/vc_column_text][\/vc_column][vc_column width=\u00bb1\/3&#8243;][vc_single_image image=\u00bb957&#8243; img_size=\u00bbfull\u00bb css=\u00bb.vc_custom_1555065419228{margin-bottom: 10px !important;}\u00bb][vc_empty_space height=\u00bb20px\u00bb][vc_custom_heading text=\u00bbMACHIHEMBRADO\u00bb font_container=\u00bbtag:h6|text_align:center\u00bb use_theme_fonts=\u00bbyes\u00bb][vc_empty_space height=\u00bb10px\u00bb][vc_column_text css=\u00bb.vc_custom_1733307777272{margin-bottom: 0px !important;}\u00bb]\n<p style=\"text-align: center;\">Los machihembrados de madera son una t\u00e9cnica tradicional y funcional que combina est\u00e9tica y resistencia. Se utilizan para revestir techos, paredes o tierras, ofreciendo una acabado elegante y c\u00e1lido, a la vez que mejoran el aislamiento t\u00e9rmico y ac\u00fastico del espacio. Una opci\u00f3n vers\u00e1til y sostenible para integrar la madera en cualquier proyecto.  <\/p>\n[\/vc_column_text][\/vc_column][\/vc_row][vc_row][vc_column][vc_empty_space height=\u00bb30px\u00bb][\/vc_column][\/vc_row][vc_row][vc_column width=\u00bb1\/3&#8243;][vc_single_image image=\u00bb94&#8243; img_size=\u00bbfull\u00bb css=\u00bb.vc_custom_1553512830344{margin-bottom: 10px !important;}\u00bb][vc_empty_space height=\u00bb20px\u00bb][vc_custom_heading text=\u00bbVIGAS ANTIGUAS REPARADAS, TRATADAS Y REUTILIZADAS\u00bb font_container=\u00bbtag:h6|text_align:center\u00bb use_theme_fonts=\u00bbyes\u00bb][vc_empty_space height=\u00bb10px\u00bb][vc_column_text css=\u00bb.vc_custom_1733307815619{margin-bottom: 0px !important;}\u00bb]\n<p style=\"text-align: center;\">Las vigas antiguas reparadas, tratadas y reutilizadas son una excelente opci\u00f3n para combinar sostenibilidad y encanto hist\u00f3rico en cualquier proyecto de construcci\u00f3n o rehabilitaci\u00f3n. Con un tratamiento adecuado para garantizar la durabilidad y la seguridad, estas piezas de madera recuperadas aportan autenticidad, calidez y personalidad a los espacios, manteniendo viva la historia que llevan con ellas. <\/p>\n[\/vc_column_text][\/vc_column][vc_column width=\u00bb1\/3&#8243;][vc_single_image image=\u00bb958&#8243; img_size=\u00bbfull\u00bb css=\u00bb.vc_custom_1555065438805{margin-bottom: 10px !important;}\u00bb][vc_empty_space height=\u00bb20px\u00bb][vc_custom_heading text=\u00bbMADERA TRATADA\u00bb font_container=\u00bbtag:h6|text_align:center\u00bb use_theme_fonts=\u00bbyes\u00bb][vc_empty_space height=\u00bb10px\u00bb][vc_column_text css=\u00bb.vc_custom_1733307843200{margin-bottom: 0px !important;}\u00bb]\n<p style=\"text-align: center;\">La madera tratada es esencial para garantizar su durabilidad y resistencia ante factores externos como la humedad, los insectos o los hongos. Con tratamientos espec\u00edficos como autoclave o fungicidas, se consigue una protecci\u00f3n \u00f3ptima para uso tanto en interiores como en exteriores. Una opci\u00f3n segura, sostenible y duradera para cualquier proyecto con madera.<\/p>\n[\/vc_column_text][\/vc_column][vc_column width=\u00bb1\/3&#8243;][vc_single_image image=\u00bb268&#8243; img_size=\u00bbfull\u00bb css=\u00bb.vc_custom_1553512755266{margin-bottom: 10px !important;}\u00bb][vc_empty_space height=\u00bb20px\u00bb][vc_custom_heading text=\u00bbL\u00c1MINAS TRANSPIRABLES Y IMPERMEABILITZANTES\u00bb font_container=\u00bbtag:h6|text_align:center\u00bb use_theme_fonts=\u00bbyes\u00bb][vc_empty_space height=\u00bb10px\u00bb][vc_column_text css=\u00bb.vc_custom_1733307884789{margin-bottom: 0px !important;}\u00bb]\n<p style=\"text-align: center;\">Las l\u00e1minas transpirables y *impermeabilitzants son elementos clave en la construcci\u00f3n con madera, puesto que permiten proteger las estructuras contra la humedad exterior mientras favorecen la transpiraci\u00f3n interna. Este equilibrio ayuda a evitar condensaciones y mejora el aislamiento t\u00e9rmico, garantizando as\u00ed una mayor durabilidad y confort en cualquier proyecto. <\/p>\n[\/vc_column_text][\/vc_column][\/vc_row][vc_row][vc_column][vc_empty_space height=\u00bb30px\u00bb][\/vc_column][\/vc_row][vc_row][vc_column width=\u00bb1\/3&#8243;][vc_single_image image=\u00bb263&#8243; img_size=\u00bbfull\u00bb css=\u00bb.vc_custom_1553512078189{margin-bottom: 10px !important;}\u00bb][vc_empty_space height=\u00bb20px\u00bb][vc_custom_heading text=\u00bbTABLEROS\u00bb font_container=\u00bbtag:h6|text_align:center\u00bb use_theme_fonts=\u00bbyes\u00bb][vc_empty_space height=\u00bb10px\u00bb][vc_column_text css=\u00bb.vc_custom_1733307911325{margin-bottom: 0px !important;}\u00bb]\n<p style=\"text-align: center;\">Los tableros de madera son materiales vers\u00e1tiles y esenciales en la construcci\u00f3n y decoraci\u00f3n. Disponible en m\u00faltiplos formados, como contrachapados, OSB o MDF, se adaptan a una gran variedad de proyectos: desde estructuras y revestimientos hasta mobiliario. Gracias a su resistencia, estabilidad y acabados personalizables, son una opci\u00f3n sostenible y funcional para trabajos de calidad.  <\/p>\n[\/vc_column_text][\/vc_column][vc_column width=\u00bb1\/3&#8243;][vc_single_image image=\u00bb261&#8243; img_size=\u00bbfull\u00bb css=\u00bb.vc_custom_1553512039753{margin-bottom: 10px !important;}\u00bb][vc_empty_space height=\u00bb20px\u00bb][vc_custom_heading text=\u00bbTRONCO REDONDO C18&#8243; font_container=\u00bbtag:h6|text_align:center\u00bb use_theme_fonts=\u00bbyes\u00bb][vc_empty_space height=\u00bb10px\u00bb][vc_column_text css=\u00bb.vc_custom_1733307934438{margin-bottom: 0px !important;}\u00bb]\n<p style=\"text-align: center;\">El tronco redondo C18 es una soluci\u00f3n ideal para estructuras de madera resistentes y naturales. Clasificado seg\u00fan la normativa estructural, ofrece una alta durabilidad y un gran rendimiento para proyectos como cenadores, cubiertas, porches o vigas vistas. Con su acabado r\u00fastico y robusto, combina funcionalidad y est\u00e9tica para dar un toque c\u00e1lido y natural a cualquier construcci\u00f3n.  <\/p>\n[\/vc_column_text][\/vc_column][vc_column width=\u00bb1\/3&#8243;][vc_single_image image=\u00bb956&#8243; img_size=\u00bbfull\u00bb css=\u00bb.vc_custom_1555065393365{margin-bottom: 10px !important;}\u00bb][vc_empty_space height=\u00bb20px\u00bb][vc_custom_heading text=\u00bbVIGUER\u00cdA: LAMINADA GL24\/GL28 \/ DUO\/TRIO BS11 MAZIZA C18\/C24&#8243; font_container=\u00bbtag:h6|text_align:center\u00bb use_theme_fonts=\u00bbyes\u00bb][vc_empty_space height=\u00bb10px\u00bb][vc_column_text css=\u00bb.vc_custom_1733308014668{margin-bottom: 0px !important;}\u00bb]\n<p style=\"text-align: center;\">En Pallars Maderas ofrecemos una amplia gama de vigas de madera para todos los tipos de proyectos, como GL24\/GL28 para una gran resistencia, D\u00fao\/Tr\u00edo BS11 por una mayor estabilidad y Macizas C18\/C24 para proyectos tradicionales, combinando calidad y resistencia para garantizarte los mejores resultados<\/p>\n[\/vc_column_text][\/vc_column][\/vc_row][vc_row][vc_column][vc_empty_space height=\u00bb50px\u00bb][vc_btn title=\u00bbExpl\u00edcanos tu proyecto\u00bb shape=\u00bbround\u00bb color=\u00bbchino\u00bb size=\u00bblg\u00bb align=\u00bbcenter\u00bb link=\u00bburl:https%3A%2F%2Fapi.leadconnectorhq.com%2Fwidget%2Fsurvey%2F9yjqQASJOobo7Cpovp63|target:%20_blank|\u00bb][vc_empty_space height=\u00bb100px\u00bb][\/vc_column][\/vc_row]\n","protected":false},"excerpt":{"rendered":"<p>[mk_page_section bg_image=\u00bbhttps:\/\/pallarsfustes.com\/wp-content\/uploads\/2019\/03\/venta-al-detall-4-1.jpg\u00bb bg_position=\u00bbcenter center\u00bb bg_stretch=\u00bbtrue\u00bb enable_3d=\u00bbtrue\u00bb video_color_mask=\u00bb#000000&#8243; padding_top=\u00bb150&#8243; padding_bottom=\u00bb150&#8243; sidebar=\u00bbsidebar-1&#8243;][vc_column][vc_custom_heading text=\u00bbPavimentos y forrados con madera\u00bb font_container=\u00bbtag:h2|text_align:center|color:%23ffffff\u00bb use_theme_fonts=\u00bbyes\u00bb][\/vc_column][\/mk_page_section][vc_row][vc_column][vc_empty_space height=\u00bb70px\u00bb][\/vc_column][\/vc_row][vc_row][vc_column width=\u00bb1\/3&#8243;][vc_images_carousel images=\u00bb880,879,882,876&#8243; img_size=\u00bbfull\u00bb][vc_custom_heading text=\u00bbSUELOS Y VALLADOS\u00bb font_container=\u00bbtag:h6|text_align:center\u00bb use_theme_fonts=\u00bbyes\u00bb][vc_empty_space height=\u00bb10px\u00bb][vc_column_text css=\u00bb.vc_custom_1733307704255{margin-bottom: 0px !important;}\u00bb] Los suelos y vallados de madera son opciones perfectas para combinar funcionalidad y est\u00e9tica. Aportan calidez y naturalidad en los espacios, integr\u00e1ndose arm\u00f3nicamente con el [&hellip;]<\/p>\n","protected":false},"author":5,"featured_media":0,"parent":0,"menu_order":0,"comment_status":"closed","ping_status":"closed","template":"","meta":{"footnotes":""},"class_list":["post-4555","page","type-page","status-publish","hentry"],"yoast_head":"<!-- This site is optimized with the Yoast SEO plugin v26.0 - https:\/\/yoast.com\/wordpress\/plugins\/seo\/ -->\n<title>Pavimentos y forrados con madera - Pallars<\/title>\n<meta name=\"description\" content=\"Todos las materiales necesarios que te pueden ayudar en la construcci\u00f3n de un nuevo hogar los puedes probar en Pallars Maderas.\" \/>\n<meta name=\"robots\" content=\"index, follow, max-snippet:-1, max-image-preview:large, max-video-preview:-1\" \/>\n<link rel=\"canonical\" href=\"https:\/\/pallarsfustes.com\/es\/venta-al-detalle\/\" \/>\n<meta property=\"og:locale\" content=\"es_ES\" \/>\n<meta property=\"og:type\" content=\"article\" \/>\n<meta property=\"og:title\" content=\"Pavimentos y forrados con madera - Pallars\" \/>\n<meta property=\"og:description\" content=\"Todos las materiales necesarios que te pueden ayudar en la construcci\u00f3n de un nuevo hogar los puedes probar en Pallars Maderas.\" \/>\n<meta property=\"og:url\" content=\"https:\/\/pallarsfustes.com\/es\/venta-al-detalle\/\" \/>\n<meta property=\"og:site_name\" content=\"Pallars\" \/>\n<meta property=\"article:modified_time\" content=\"2024-12-05T09:24:28+00:00\" \/>\n<meta name=\"twitter:card\" content=\"summary_large_image\" \/>\n<meta name=\"twitter:label1\" content=\"Tiempo de lectura\" \/>\n\t<meta name=\"twitter:data1\" content=\"6 minutos\" \/>\n<script type=\"application\/ld+json\" class=\"yoast-schema-graph\">{\"@context\":\"https:\/\/schema.org\",\"@graph\":[{\"@type\":\"WebPage\",\"@id\":\"https:\/\/pallarsfustes.com\/es\/venta-al-detalle\/\",\"url\":\"https:\/\/pallarsfustes.com\/es\/venta-al-detalle\/\",\"name\":\"Pavimentos y forrados con madera - Pallars\",\"isPartOf\":{\"@id\":\"https:\/\/pallarsfustes.com\/es\/#website\"},\"datePublished\":\"2021-04-19T09:42:51+00:00\",\"dateModified\":\"2024-12-05T09:24:28+00:00\",\"description\":\"Todos las materiales necesarios que te pueden ayudar en la construcci\u00f3n de un nuevo hogar los puedes probar en Pallars Maderas.\",\"breadcrumb\":{\"@id\":\"https:\/\/pallarsfustes.com\/es\/venta-al-detalle\/#breadcrumb\"},\"inLanguage\":\"es\",\"potentialAction\":[{\"@type\":\"ReadAction\",\"target\":[\"https:\/\/pallarsfustes.com\/es\/venta-al-detalle\/\"]}]},{\"@type\":\"BreadcrumbList\",\"@id\":\"https:\/\/pallarsfustes.com\/es\/venta-al-detalle\/#breadcrumb\",\"itemListElement\":[{\"@type\":\"ListItem\",\"position\":1,\"name\":\"Home\",\"item\":\"https:\/\/pallarsfustes.com\/es\/\"},{\"@type\":\"ListItem\",\"position\":2,\"name\":\"Pavimentos y forrados con madera\"}]},{\"@type\":\"WebSite\",\"@id\":\"https:\/\/pallarsfustes.com\/es\/#website\",\"url\":\"https:\/\/pallarsfustes.com\/es\/\",\"name\":\"Pallars\",\"description\":\"\",\"potentialAction\":[{\"@type\":\"SearchAction\",\"target\":{\"@type\":\"EntryPoint\",\"urlTemplate\":\"https:\/\/pallarsfustes.com\/es\/?s={search_term_string}\"},\"query-input\":{\"@type\":\"PropertyValueSpecification\",\"valueRequired\":true,\"valueName\":\"search_term_string\"}}],\"inLanguage\":\"es\"}]}<\/script>\n<!-- \/ Yoast SEO plugin. -->","yoast_head_json":{"title":"Pavimentos y forrados con madera - Pallars","description":"Todos las materiales necesarios que te pueden ayudar en la construcci\u00f3n de un nuevo hogar los puedes probar en Pallars Maderas.","robots":{"index":"index","follow":"follow","max-snippet":"max-snippet:-1","max-image-preview":"max-image-preview:large","max-video-preview":"max-video-preview:-1"},"canonical":"https:\/\/pallarsfustes.com\/es\/venta-al-detalle\/","og_locale":"es_ES","og_type":"article","og_title":"Pavimentos y forrados con madera - Pallars","og_description":"Todos las materiales necesarios que te pueden ayudar en la construcci\u00f3n de un nuevo hogar los puedes probar en Pallars Maderas.","og_url":"https:\/\/pallarsfustes.com\/es\/venta-al-detalle\/","og_site_name":"Pallars","article_modified_time":"2024-12-05T09:24:28+00:00","twitter_card":"summary_large_image","twitter_misc":{"Tiempo de lectura":"6 minutos"},"schema":{"@context":"https:\/\/schema.org","@graph":[{"@type":"WebPage","@id":"https:\/\/pallarsfustes.com\/es\/venta-al-detalle\/","url":"https:\/\/pallarsfustes.com\/es\/venta-al-detalle\/","name":"Pavimentos y forrados con madera - Pallars","isPartOf":{"@id":"https:\/\/pallarsfustes.com\/es\/#website"},"datePublished":"2021-04-19T09:42:51+00:00","dateModified":"2024-12-05T09:24:28+00:00","description":"Todos las materiales necesarios que te pueden ayudar en la construcci\u00f3n de un nuevo hogar los puedes probar en Pallars Maderas.","breadcrumb":{"@id":"https:\/\/pallarsfustes.com\/es\/venta-al-detalle\/#breadcrumb"},"inLanguage":"es","potentialAction":[{"@type":"ReadAction","target":["https:\/\/pallarsfustes.com\/es\/venta-al-detalle\/"]}]},{"@type":"BreadcrumbList","@id":"https:\/\/pallarsfustes.com\/es\/venta-al-detalle\/#breadcrumb","itemListElement":[{"@type":"ListItem","position":1,"name":"Home","item":"https:\/\/pallarsfustes.com\/es\/"},{"@type":"ListItem","position":2,"name":"Pavimentos y forrados con madera"}]},{"@type":"WebSite","@id":"https:\/\/pallarsfustes.com\/es\/#website","url":"https:\/\/pallarsfustes.com\/es\/","name":"Pallars","description":"","potentialAction":[{"@type":"SearchAction","target":{"@type":"EntryPoint","urlTemplate":"https:\/\/pallarsfustes.com\/es\/?s={search_term_string}"},"query-input":{"@type":"PropertyValueSpecification","valueRequired":true,"valueName":"search_term_string"}}],"inLanguage":"es"}]}},"_links":{"self":[{"href":"https:\/\/pallarsfustes.com\/es\/wp-json\/wp\/v2\/pages\/4555","targetHints":{"allow":["GET"]}}],"collection":[{"href":"https:\/\/pallarsfustes.com\/es\/wp-json\/wp\/v2\/pages"}],"about":[{"href":"https:\/\/pallarsfustes.com\/es\/wp-json\/wp\/v2\/types\/page"}],"author":[{"embeddable":true,"href":"https:\/\/pallarsfustes.com\/es\/wp-json\/wp\/v2\/users\/5"}],"replies":[{"embeddable":true,"href":"https:\/\/pallarsfustes.com\/es\/wp-json\/wp\/v2\/comments?post=4555"}],"version-history":[{"count":8,"href":"https:\/\/pallarsfustes.com\/es\/wp-json\/wp\/v2\/pages\/4555\/revisions"}],"predecessor-version":[{"id":11310,"href":"https:\/\/pallarsfustes.com\/es\/wp-json\/wp\/v2\/pages\/4555\/revisions\/11310"}],"wp:attachment":[{"href":"https:\/\/pallarsfustes.com\/es\/wp-json\/wp\/v2\/media?parent=4555"}],"curies":[{"name":"wp","href":"https:\/\/api.w.org\/{rel}","templated":true}]}}