{"id":4552,"date":"2021-04-19T09:41:25","date_gmt":"2021-04-19T09:41:25","guid":{"rendered":"https:\/\/niunapalabraanadie.com\/pallarsfustes\/quienes-somos\/"},"modified":"2025-10-08T15:54:58","modified_gmt":"2025-10-08T15:54:58","slug":"quienes-somos","status":"publish","type":"page","link":"https:\/\/pallarsfustes.com\/es\/quienes-somos\/","title":{"rendered":"Qui\u00e9nes Somos"},"content":{"rendered":"[mk_page_section bg_image=\u00bbhttps:\/\/pallarsfustes.com\/wp-content\/uploads\/2019\/03\/qui-som-19b.jpg\u00bb bg_position=\u00bbcenter center\u00bb bg_stretch=\u00bbtrue\u00bb enable_3d=\u00bbtrue\u00bb video_color_mask=\u00bb#000000&#8243; video_opacity=\u00bb0.3&#8243; padding_top=\u00bb175&#8243; padding_bottom=\u00bb175&#8243; sidebar=\u00bbsidebar-1&#8243;][vc_column][vc_custom_heading text=\u00bbQui\u00e9nes Somos\u00bb font_container=\u00bbtag:h1|text_align:center|color:%23ffffff\u00bb use_theme_fonts=\u00bbyes\u00bb][\/vc_column][\/mk_page_section][vc_row][vc_column][vc_empty_space height=\u00bb70px\u00bb][vc_row_inner][vc_column_inner][vc_column_text css=\u00bb.vc_custom_1699956619170{margin-bottom: 0px !important;}\u00bb]\n<h2 style=\"text-align: center;\">En Pallars Maderas, construir vuestros sue\u00f1os con madera es nuestra gran pasi\u00f3n<\/h2>\n[\/vc_column_text][vc_empty_space height=\u00bb30&#8243;][vc_column_text css=\u00bb.vc_custom_1699956822577{margin-bottom: 0px !important;}\u00bb]\n<p style=\"text-align: center;\">Pallars Maderas es una empresa familiar, joven y emprendedora, con m\u00e1s de 20 a\u00f1os de experiencia al sector de la madera. Empezamos en el Pirineo de Lleida, teniendo origen en el a\u00f1o 1965 como aserradero de madera estructural, en medio de un paraje natural de bosques y monta\u00f1as, conscientes de la sostenibilidad del medio que lo envuelve y con un fuerte arraigo a esta tierra. Ahora estamos situados en la Costa Brava (Girona),disponemos de un showroom en Sant Antoni de Calonge donde est\u00e1n expuestos parte de nuestros productos. Llevamos la madera en el coraz\u00f3n ya que des de nuestros abuelos nos han inculcado la vida en la naturaleza, el respeto al medio ambiente y el buen saber de este noble material.<\/p>\n<p style=\"text-align: center;\">Nuestra actividad est\u00e1 basada en la ingenier\u00eda, dise\u00f1o, fabricaci\u00f3n y montaje de todo tipo de estructuras y <a href=\"https:\/\/pallarsfustes.com\/es\/casas-madera\/\">casas de madera.<\/a><\/p>\n<p style=\"text-align: center;\">Tambi\u00e9n ofrecemos al cliente la <a href=\"https:\/\/pallarsfustes.com\/venda-al-detall\/\">venta al detalle <\/a>de productos como: vigas de selecci\u00f3n y largo variable en varias especies, tronco r\u00fastico y torneado, machihembrados, tablones, rastreles, aislantes t\u00e9rmicos, impermeabilizaciones, tableros de madera de varios tipos (part\u00edculas orientadas, aglomerados, fibra-madera, contrachapados, tricapas\u2026) revestimientos exteriores, tarimas interiores y exteriores y todos los medios de fijaci\u00f3n mec\u00e1nicos para conseguir el \u00f3ptimo acabado.<\/p>\n<p style=\"text-align: center;\">El equipo de Pallars Maderas est\u00e1 formado por ingenieros, calculistas, dise\u00f1adores, carpinteros de armar, transportistas y colocadores de estructuras conscientes de llegar a una calidad al producto final, un servicio r\u00e1pido y preciso, con la m\u00e1xima seriedad y cumplimiento.<\/p>\n<p style=\"text-align: center;\">Llevamos toda la vida creando ambientes, ilusiones y utilizando la madera como material vivo, sostenible y noble. Conseguir una estructura de madera con la m\u00e1xima cualidad y que el cliente est\u00e9 satisfecho es nuestro principal objetivo. Volver a los or\u00edgenes donde se utilizaba la madera como principal elemento estructural y convertir la construcci\u00f3n establecida para conseguir un mundo m\u00e1s sano, eficiente y feliz es nuestro reto. Construir vuestros sue\u00f1os con madera es nuestra gran pasi\u00f3n.<\/p>\n[\/vc_column_text][\/vc_column_inner][\/vc_row_inner][vc_empty_space height=\u00bb70px\u00bb][\/vc_column][\/vc_row][vc_row fullwidth=\u00bbtrue\u00bb fullwidth_content=\u00bbfalse\u00bb equal_columns=\u00bbtrue\u00bb css=\u00bb.vc_custom_1553513030145{background-color: #a89985 !important;}\u00bb][vc_column][vc_empty_space height=\u00bb30px\u00bb][vc_row_inner attached=\u00bbtrue\u00bb column_padding=\u00bb4&#8243;][vc_column_inner width=\u00bb1\/2&#8243;][vc_single_image image=\u00bb11673&#8243; img_size=\u00bb2000&#215;2000&#8243;][vc_custom_heading text=\u00bbSandra\u00bb font_container=\u00bbtag:h5|text_align:left|color:%23ffffff\u00bb use_theme_fonts=\u00bbyes\u00bb][vc_column_text css=\u00bb.vc_custom_1623841096483{margin-bottom: 0px !important;}\u00bb]\n<p class=\"p1\" style=\"color: white; font-weight: 600;\">Licenciada en Administraci\u00f3n y Direcci\u00f3n de empresas por la Universidad de Barcelona. M\u00e1s de 25 a\u00f1os de experiencia trabajando con madera. Proveniente de una empresa familiar con m\u00e1s de 55 a\u00f1os dedicados a la madera. Originariamente situada en el Pirineo de L\u00e9rida, ubicaci\u00f3n plenamente forestal.<\/p>\n<p class=\"p1\" style=\"color: white; font-weight: 600;\">Especialista en gesti\u00f3n comercial, administrativa y contable, organizaci\u00f3n y log\u00edstica.<\/p>\n<p class=\"p1\" style=\"color: white; font-weight: 600;\">Actualmente, responsable comercial y de gesti\u00f3n de la Empresa dedicada a la madera, organizaci\u00f3n comercial, administrativa, distribuci\u00f3n y log\u00edstica.<\/p>\n<p class=\"p1\" style=\"color: white; font-weight: 600;\">Idiomas: catal\u00e1n, castellano, franc\u00e9s, ingl\u00e9s.<\/p>\n[\/vc_column_text][\/vc_column_inner][vc_column_inner width=\u00bb1\/2&#8243;][vc_single_image image=\u00bb11676&#8243; img_size=\u00bb2000&#215;2000&#8243;][vc_custom_heading text=\u00bbSinto\u00bb font_container=\u00bbtag:h5|text_align:left|color:%23ffffff\u00bb use_theme_fonts=\u00bbyes\u00bb][vc_column_text css=\u00bb.vc_custom_1623841142972{margin-bottom: 0px !important;}\u00bb]\n<p class=\"p1\" style=\"color: white; font-weight: 600;\">Ingeniero industrial mec\u00e1nico por ETSI Terrassa y MBA ESADE De Administraci\u00f3n y Direcci\u00f3n de Empresas. Con m\u00e1s de 20 a\u00f1os de experiencia con madera. Proveniente de una empresa familiar con m\u00e1s de 55 a\u00f1os dedicados a la madera. Originariamente situada en el Pirineo de L\u00e9rida, ubicaci\u00f3n plenamente forestal.<\/p>\n<p class=\"p1\" style=\"color: white; font-weight: 600;\">Idiomas: catal\u00e1n, castellano, franc\u00e9s, ingl\u00e9s.<\/p>\n[\/vc_column_text][\/vc_column_inner][\/vc_row_inner][vc_empty_space height=\u00bb20px\u00bb][\/vc_column][\/vc_row][vc_row fullwidth=\u00bbtrue\u00bb css=\u00bb.vc_custom_1576605310864{background-color: #333333 !important;}\u00bb][vc_column][mk_portfolio_carousel style=\u00bbmodern\u00bb hover_scenarios=\u00bbzoomin\u00bb count=\u00bb-1&#8243; categories=\u00bbprojectes\u00bb][\/vc_column][\/vc_row][vc_row][vc_column][vc_empty_space height=\u00bb70px\u00bb][vc_custom_heading text=\u00bbCERTIFICACIONES\u00bb font_container=\u00bbtag:h5|text_align:center\u00bb use_theme_fonts=\u00bbyes\u00bb][vc_separator color=\u00bbcustom\u00bb border_width=\u00bb3&#8243; accent_color=\u00bb#a69a85&#8243;][vc_row_inner][vc_column_inner width=\u00bb1\/6&#8243; offset=\u00bbvc_col-xs-6&#8243;][vc_single_image image=\u00bb445&#8243; img_size=\u00bbfull\u00bb alignment=\u00bbcenter\u00bb][\/vc_column_inner][vc_column_inner width=\u00bb1\/6&#8243; offset=\u00bbvc_col-xs-6&#8243;][vc_single_image image=\u00bb447&#8243; img_size=\u00bbfull\u00bb alignment=\u00bbcenter\u00bb][\/vc_column_inner][vc_column_inner width=\u00bb1\/6&#8243; offset=\u00bbvc_col-xs-6&#8243;][vc_single_image image=\u00bb443&#8243; img_size=\u00bbfull\u00bb alignment=\u00bbcenter\u00bb][\/vc_column_inner][vc_column_inner width=\u00bb1\/6&#8243; offset=\u00bbvc_col-xs-6&#8243;][vc_single_image image=\u00bb446&#8243; img_size=\u00bbfull\u00bb alignment=\u00bbcenter\u00bb][\/vc_column_inner][vc_column_inner width=\u00bb1\/6&#8243; offset=\u00bbvc_col-xs-6&#8243;][vc_single_image image=\u00bb444&#8243; img_size=\u00bbfull\u00bb alignment=\u00bbcenter\u00bb][\/vc_column_inner][vc_column_inner width=\u00bb1\/6&#8243; offset=\u00bbvc_col-xs-6&#8243;][vc_single_image image=\u00bb442&#8243; img_size=\u00bbfull\u00bb alignment=\u00bbcenter\u00bb][\/vc_column_inner][\/vc_row_inner][vc_empty_space height=\u00bb30px\u00bb][\/vc_column][\/vc_row][vc_row][vc_column][vc_column_text][\/vc_column_text][\/vc_column][\/vc_row]\n","protected":false},"excerpt":{"rendered":"<p>[mk_page_section bg_image=\u00bbhttps:\/\/pallarsfustes.com\/wp-content\/uploads\/2019\/03\/qui-som-19b.jpg\u00bb bg_position=\u00bbcenter center\u00bb bg_stretch=\u00bbtrue\u00bb enable_3d=\u00bbtrue\u00bb video_color_mask=\u00bb#000000&#8243; video_opacity=\u00bb0.3&#8243; padding_top=\u00bb175&#8243; padding_bottom=\u00bb175&#8243; sidebar=\u00bbsidebar-1&#8243;][vc_column][vc_custom_heading text=\u00bbQui\u00e9nes Somos\u00bb font_container=\u00bbtag:h1|text_align:center|color:%23ffffff\u00bb use_theme_fonts=\u00bbyes\u00bb][\/vc_column][\/mk_page_section][vc_row][vc_column][vc_empty_space height=\u00bb70px\u00bb][vc_row_inner][vc_column_inner][vc_column_text css=\u00bb.vc_custom_1699956619170{margin-bottom: 0px !important;}\u00bb] En Pallars Maderas, construir vuestros sue\u00f1os con madera es nuestra gran pasi\u00f3n [\/vc_column_text][vc_empty_space height=\u00bb30&#8243;][vc_column_text css=\u00bb.vc_custom_1699956822577{margin-bottom: 0px !important;}\u00bb] Pallars Maderas es una empresa familiar, joven y emprendedora, con m\u00e1s de 20 a\u00f1os de experiencia al sector de [&hellip;]<\/p>\n","protected":false},"author":5,"featured_media":0,"parent":0,"menu_order":0,"comment_status":"closed","ping_status":"closed","template":"","meta":{"footnotes":""},"class_list":["post-4552","page","type-page","status-publish","hentry"],"yoast_head":"<!-- This site is optimized with the Yoast SEO plugin v26.0 - https:\/\/yoast.com\/wordpress\/plugins\/seo\/ -->\n<title>Qui\u00e9nes Somos - Pallars Maderas<\/title>\n<meta name=\"description\" content=\"Pallars Maderas es una empresa familiar, joven y emprendedora, con m\u00e1s de 20 a\u00f1os de experiencia al sector de la madera.\" \/>\n<meta name=\"robots\" content=\"index, follow, max-snippet:-1, max-image-preview:large, max-video-preview:-1\" \/>\n<link rel=\"canonical\" href=\"https:\/\/pallarsfustes.com\/es\/quienes-somos\/\" \/>\n<meta property=\"og:locale\" content=\"es_ES\" \/>\n<meta property=\"og:type\" content=\"article\" \/>\n<meta property=\"og:title\" content=\"Qui\u00e9nes Somos - Pallars Maderas\" \/>\n<meta property=\"og:description\" content=\"Pallars Maderas es una empresa familiar, joven y emprendedora, con m\u00e1s de 20 a\u00f1os de experiencia al sector de la madera.\" \/>\n<meta property=\"og:url\" content=\"https:\/\/pallarsfustes.com\/es\/quienes-somos\/\" \/>\n<meta property=\"og:site_name\" content=\"Pallars\" \/>\n<meta property=\"article:modified_time\" content=\"2025-10-08T15:54:58+00:00\" \/>\n<meta name=\"twitter:card\" content=\"summary_large_image\" \/>\n<meta name=\"twitter:label1\" content=\"Tiempo de lectura\" \/>\n\t<meta name=\"twitter:data1\" content=\"4 minutos\" \/>\n<script type=\"application\/ld+json\" class=\"yoast-schema-graph\">{\"@context\":\"https:\/\/schema.org\",\"@graph\":[{\"@type\":\"WebPage\",\"@id\":\"https:\/\/pallarsfustes.com\/es\/quienes-somos\/\",\"url\":\"https:\/\/pallarsfustes.com\/es\/quienes-somos\/\",\"name\":\"Qui\u00e9nes Somos - Pallars Maderas\",\"isPartOf\":{\"@id\":\"https:\/\/pallarsfustes.com\/es\/#website\"},\"datePublished\":\"2021-04-19T09:41:25+00:00\",\"dateModified\":\"2025-10-08T15:54:58+00:00\",\"description\":\"Pallars Maderas es una empresa familiar, joven y emprendedora, con m\u00e1s de 20 a\u00f1os de experiencia al sector de la madera.\",\"breadcrumb\":{\"@id\":\"https:\/\/pallarsfustes.com\/es\/quienes-somos\/#breadcrumb\"},\"inLanguage\":\"es\",\"potentialAction\":[{\"@type\":\"ReadAction\",\"target\":[\"https:\/\/pallarsfustes.com\/es\/quienes-somos\/\"]}]},{\"@type\":\"BreadcrumbList\",\"@id\":\"https:\/\/pallarsfustes.com\/es\/quienes-somos\/#breadcrumb\",\"itemListElement\":[{\"@type\":\"ListItem\",\"position\":1,\"name\":\"Home\",\"item\":\"https:\/\/pallarsfustes.com\/es\/\"},{\"@type\":\"ListItem\",\"position\":2,\"name\":\"Qui\u00e9nes Somos\"}]},{\"@type\":\"WebSite\",\"@id\":\"https:\/\/pallarsfustes.com\/es\/#website\",\"url\":\"https:\/\/pallarsfustes.com\/es\/\",\"name\":\"Pallars\",\"description\":\"\",\"potentialAction\":[{\"@type\":\"SearchAction\",\"target\":{\"@type\":\"EntryPoint\",\"urlTemplate\":\"https:\/\/pallarsfustes.com\/es\/?s={search_term_string}\"},\"query-input\":{\"@type\":\"PropertyValueSpecification\",\"valueRequired\":true,\"valueName\":\"search_term_string\"}}],\"inLanguage\":\"es\"}]}<\/script>\n<!-- \/ Yoast SEO plugin. -->","yoast_head_json":{"title":"Qui\u00e9nes Somos - Pallars Maderas","description":"Pallars Maderas es una empresa familiar, joven y emprendedora, con m\u00e1s de 20 a\u00f1os de experiencia al sector de la madera.","robots":{"index":"index","follow":"follow","max-snippet":"max-snippet:-1","max-image-preview":"max-image-preview:large","max-video-preview":"max-video-preview:-1"},"canonical":"https:\/\/pallarsfustes.com\/es\/quienes-somos\/","og_locale":"es_ES","og_type":"article","og_title":"Qui\u00e9nes Somos - Pallars Maderas","og_description":"Pallars Maderas es una empresa familiar, joven y emprendedora, con m\u00e1s de 20 a\u00f1os de experiencia al sector de la madera.","og_url":"https:\/\/pallarsfustes.com\/es\/quienes-somos\/","og_site_name":"Pallars","article_modified_time":"2025-10-08T15:54:58+00:00","twitter_card":"summary_large_image","twitter_misc":{"Tiempo de lectura":"4 minutos"},"schema":{"@context":"https:\/\/schema.org","@graph":[{"@type":"WebPage","@id":"https:\/\/pallarsfustes.com\/es\/quienes-somos\/","url":"https:\/\/pallarsfustes.com\/es\/quienes-somos\/","name":"Qui\u00e9nes Somos - Pallars Maderas","isPartOf":{"@id":"https:\/\/pallarsfustes.com\/es\/#website"},"datePublished":"2021-04-19T09:41:25+00:00","dateModified":"2025-10-08T15:54:58+00:00","description":"Pallars Maderas es una empresa familiar, joven y emprendedora, con m\u00e1s de 20 a\u00f1os de experiencia al sector de la madera.","breadcrumb":{"@id":"https:\/\/pallarsfustes.com\/es\/quienes-somos\/#breadcrumb"},"inLanguage":"es","potentialAction":[{"@type":"ReadAction","target":["https:\/\/pallarsfustes.com\/es\/quienes-somos\/"]}]},{"@type":"BreadcrumbList","@id":"https:\/\/pallarsfustes.com\/es\/quienes-somos\/#breadcrumb","itemListElement":[{"@type":"ListItem","position":1,"name":"Home","item":"https:\/\/pallarsfustes.com\/es\/"},{"@type":"ListItem","position":2,"name":"Qui\u00e9nes Somos"}]},{"@type":"WebSite","@id":"https:\/\/pallarsfustes.com\/es\/#website","url":"https:\/\/pallarsfustes.com\/es\/","name":"Pallars","description":"","potentialAction":[{"@type":"SearchAction","target":{"@type":"EntryPoint","urlTemplate":"https:\/\/pallarsfustes.com\/es\/?s={search_term_string}"},"query-input":{"@type":"PropertyValueSpecification","valueRequired":true,"valueName":"search_term_string"}}],"inLanguage":"es"}]}},"_links":{"self":[{"href":"https:\/\/pallarsfustes.com\/es\/wp-json\/wp\/v2\/pages\/4552","targetHints":{"allow":["GET"]}}],"collection":[{"href":"https:\/\/pallarsfustes.com\/es\/wp-json\/wp\/v2\/pages"}],"about":[{"href":"https:\/\/pallarsfustes.com\/es\/wp-json\/wp\/v2\/types\/page"}],"author":[{"embeddable":true,"href":"https:\/\/pallarsfustes.com\/es\/wp-json\/wp\/v2\/users\/5"}],"replies":[{"embeddable":true,"href":"https:\/\/pallarsfustes.com\/es\/wp-json\/wp\/v2\/comments?post=4552"}],"version-history":[{"count":8,"href":"https:\/\/pallarsfustes.com\/es\/wp-json\/wp\/v2\/pages\/4552\/revisions"}],"predecessor-version":[{"id":11681,"href":"https:\/\/pallarsfustes.com\/es\/wp-json\/wp\/v2\/pages\/4552\/revisions\/11681"}],"wp:attachment":[{"href":"https:\/\/pallarsfustes.com\/es\/wp-json\/wp\/v2\/media?parent=4552"}],"curies":[{"name":"wp","href":"https:\/\/api.w.org\/{rel}","templated":true}]}}