{"id":4546,"date":"2021-04-19T09:36:32","date_gmt":"2021-04-19T09:36:32","guid":{"rendered":"https:\/\/niunapalabraanadie.com\/pallarsfustes\/proyectos\/proyectos-parque-la-cuirassa\/"},"modified":"2021-04-19T09:36:32","modified_gmt":"2021-04-19T09:36:32","slug":"proyectos-parque-la-cuirassa","status":"publish","type":"page","link":"https:\/\/pallarsfustes.com\/es\/proyectos-madera\/proyectos-parque-la-cuirassa\/","title":{"rendered":"Proyectos: Parque La Cuirassa"},"content":{"rendered":"[mk_page_section vertical_align=\u00bbcenter\u00bb bg_image=\u00bbhttps:\/\/pallarsfustes.com\/wp-content\/uploads\/2019\/03\/parc-la-cuirassa-3.jpg\u00bb bg_position=\u00bbcenter bottom\u00bb bg_stretch=\u00bbtrue\u00bb enable_3d=\u00bbtrue\u00bb video_color_mask=\u00bb#000000&#8243; padding_top=\u00bb150&#8243; padding_bottom=\u00bb150&#8243; sidebar=\u00bbsidebar-1&#8243;][vc_column][vc_custom_heading text=\u00bbParque La Cuirassa\u00bb font_container=\u00bbtag:h2|text_align:center|color:%23ffffff\u00bb use_theme_fonts=\u00bbyes\u00bb][\/vc_column][\/mk_page_section][vc_row][vc_column][vc_empty_space height=\u00bb70px\u00bb][vc_column_text css=\u00bb.vc_custom_1553678655526{margin-bottom: 0px !important;}\u00bb]\n<p class=\"p1\">Creaci\u00f3n de un espacio multicultural, bonito y con grandes vistas a la ciudad de L\u00e9rida. Incluso se han colocado vinilos donde se explica la historia de los diferentes barrios de la zona. Esto har\u00e1 m\u00e1s f\u00e1cil la visita de turistas y esperamos que de excursiones escolares tambi\u00e9n. M\u00e1s informaci\u00f3n en nuestro <a href=\"https:\/\/pallarsfustes.com\/parque-mirador-la-cuirassa-lleida\/?lang=es\">blog<\/a><\/p>\n[\/vc_column_text][vc_empty_space height=\u00bb30px\u00bb][mk_gallery images=\u00bb401,402,403,817,818&#8243; column=\u00bb1&#8243; image_size=\u00bblarge\u00bb item_spacing=\u00bb10&#8243;][vc_empty_space height=\u00bb70px\u00bb][\/vc_column][\/vc_row]\n","protected":false},"excerpt":{"rendered":"<p>[mk_page_section vertical_align=\u00bbcenter\u00bb bg_image=\u00bbhttps:\/\/pallarsfustes.com\/wp-content\/uploads\/2019\/03\/parc-la-cuirassa-3.jpg\u00bb bg_position=\u00bbcenter bottom\u00bb bg_stretch=\u00bbtrue\u00bb enable_3d=\u00bbtrue\u00bb video_color_mask=\u00bb#000000&#8243; padding_top=\u00bb150&#8243; padding_bottom=\u00bb150&#8243; sidebar=\u00bbsidebar-1&#8243;][vc_column][vc_custom_heading text=\u00bbParque La Cuirassa\u00bb font_container=\u00bbtag:h2|text_align:center|color:%23ffffff\u00bb use_theme_fonts=\u00bbyes\u00bb][\/vc_column][\/mk_page_section][vc_row][vc_column][vc_empty_space height=\u00bb70px\u00bb][vc_column_text css=\u00bb.vc_custom_1553678655526{margin-bottom: 0px !important;}\u00bb] Creaci\u00f3n de un espacio multicultural, bonito y con grandes vistas a la ciudad de L\u00e9rida. Incluso se han colocado vinilos donde se explica la historia de los diferentes barrios de la zona. Esto har\u00e1 m\u00e1s [&hellip;]<\/p>\n","protected":false},"author":5,"featured_media":0,"parent":4523,"menu_order":0,"comment_status":"closed","ping_status":"closed","template":"","meta":{"footnotes":""},"class_list":["post-4546","page","type-page","status-publish","hentry"],"yoast_head":"<!-- This site is optimized with the Yoast SEO plugin v26.0 - https:\/\/yoast.com\/wordpress\/plugins\/seo\/ -->\n<title>Proyectos: Parque La Cuirassa - Pallars<\/title>\n<meta name=\"description\" content=\"Pallars maderas, pasi\u00f3n por la madera, una de las obras p\u00fablicas m\u00e1s grandes de Lleida. Pasarelas de madera y t\u00f3tem insignia de m\u00e1s de 9 metros de altura\" \/>\n<meta name=\"robots\" content=\"index, follow, max-snippet:-1, max-image-preview:large, max-video-preview:-1\" \/>\n<link rel=\"canonical\" href=\"https:\/\/pallarsfustes.com\/es\/proyectos-madera\/proyectos-parque-la-cuirassa\/\" \/>\n<meta property=\"og:locale\" content=\"es_ES\" \/>\n<meta property=\"og:type\" content=\"article\" \/>\n<meta property=\"og:title\" content=\"Proyectos: Parque La Cuirassa - Pallars\" \/>\n<meta property=\"og:description\" content=\"Pallars maderas, pasi\u00f3n por la madera, una de las obras p\u00fablicas m\u00e1s grandes de Lleida. Pasarelas de madera y t\u00f3tem insignia de m\u00e1s de 9 metros de altura\" \/>\n<meta property=\"og:url\" content=\"https:\/\/pallarsfustes.com\/es\/proyectos-madera\/proyectos-parque-la-cuirassa\/\" \/>\n<meta property=\"og:site_name\" content=\"Pallars\" \/>\n<meta name=\"twitter:card\" content=\"summary_large_image\" \/>\n<meta name=\"twitter:label1\" content=\"Tiempo de lectura\" \/>\n\t<meta name=\"twitter:data1\" content=\"1 minuto\" \/>\n<script type=\"application\/ld+json\" class=\"yoast-schema-graph\">{\"@context\":\"https:\/\/schema.org\",\"@graph\":[{\"@type\":\"WebPage\",\"@id\":\"https:\/\/pallarsfustes.com\/es\/proyectos-madera\/proyectos-parque-la-cuirassa\/\",\"url\":\"https:\/\/pallarsfustes.com\/es\/proyectos-madera\/proyectos-parque-la-cuirassa\/\",\"name\":\"Proyectos: Parque La Cuirassa - Pallars\",\"isPartOf\":{\"@id\":\"https:\/\/pallarsfustes.com\/es\/#website\"},\"datePublished\":\"2021-04-19T09:36:32+00:00\",\"description\":\"Pallars maderas, pasi\u00f3n por la madera, una de las obras p\u00fablicas m\u00e1s grandes de Lleida. Pasarelas de madera y t\u00f3tem insignia de m\u00e1s de 9 metros de altura\",\"breadcrumb\":{\"@id\":\"https:\/\/pallarsfustes.com\/es\/proyectos-madera\/proyectos-parque-la-cuirassa\/#breadcrumb\"},\"inLanguage\":\"es\",\"potentialAction\":[{\"@type\":\"ReadAction\",\"target\":[\"https:\/\/pallarsfustes.com\/es\/proyectos-madera\/proyectos-parque-la-cuirassa\/\"]}]},{\"@type\":\"BreadcrumbList\",\"@id\":\"https:\/\/pallarsfustes.com\/es\/proyectos-madera\/proyectos-parque-la-cuirassa\/#breadcrumb\",\"itemListElement\":[{\"@type\":\"ListItem\",\"position\":1,\"name\":\"Home\",\"item\":\"https:\/\/pallarsfustes.com\/es\/\"},{\"@type\":\"ListItem\",\"position\":2,\"name\":\"Proyectos\",\"item\":\"https:\/\/pallarsfustes.com\/es\/proyectos-madera\/\"},{\"@type\":\"ListItem\",\"position\":3,\"name\":\"Proyectos: Parque La Cuirassa\"}]},{\"@type\":\"WebSite\",\"@id\":\"https:\/\/pallarsfustes.com\/es\/#website\",\"url\":\"https:\/\/pallarsfustes.com\/es\/\",\"name\":\"Pallars\",\"description\":\"\",\"potentialAction\":[{\"@type\":\"SearchAction\",\"target\":{\"@type\":\"EntryPoint\",\"urlTemplate\":\"https:\/\/pallarsfustes.com\/es\/?s={search_term_string}\"},\"query-input\":{\"@type\":\"PropertyValueSpecification\",\"valueRequired\":true,\"valueName\":\"search_term_string\"}}],\"inLanguage\":\"es\"}]}<\/script>\n<!-- \/ Yoast SEO plugin. -->","yoast_head_json":{"title":"Proyectos: Parque La Cuirassa - Pallars","description":"Pallars maderas, pasi\u00f3n por la madera, una de las obras p\u00fablicas m\u00e1s grandes de Lleida. Pasarelas de madera y t\u00f3tem insignia de m\u00e1s de 9 metros de altura","robots":{"index":"index","follow":"follow","max-snippet":"max-snippet:-1","max-image-preview":"max-image-preview:large","max-video-preview":"max-video-preview:-1"},"canonical":"https:\/\/pallarsfustes.com\/es\/proyectos-madera\/proyectos-parque-la-cuirassa\/","og_locale":"es_ES","og_type":"article","og_title":"Proyectos: Parque La Cuirassa - Pallars","og_description":"Pallars maderas, pasi\u00f3n por la madera, una de las obras p\u00fablicas m\u00e1s grandes de Lleida. Pasarelas de madera y t\u00f3tem insignia de m\u00e1s de 9 metros de altura","og_url":"https:\/\/pallarsfustes.com\/es\/proyectos-madera\/proyectos-parque-la-cuirassa\/","og_site_name":"Pallars","twitter_card":"summary_large_image","twitter_misc":{"Tiempo de lectura":"1 minuto"},"schema":{"@context":"https:\/\/schema.org","@graph":[{"@type":"WebPage","@id":"https:\/\/pallarsfustes.com\/es\/proyectos-madera\/proyectos-parque-la-cuirassa\/","url":"https:\/\/pallarsfustes.com\/es\/proyectos-madera\/proyectos-parque-la-cuirassa\/","name":"Proyectos: Parque La Cuirassa - Pallars","isPartOf":{"@id":"https:\/\/pallarsfustes.com\/es\/#website"},"datePublished":"2021-04-19T09:36:32+00:00","description":"Pallars maderas, pasi\u00f3n por la madera, una de las obras p\u00fablicas m\u00e1s grandes de Lleida. Pasarelas de madera y t\u00f3tem insignia de m\u00e1s de 9 metros de altura","breadcrumb":{"@id":"https:\/\/pallarsfustes.com\/es\/proyectos-madera\/proyectos-parque-la-cuirassa\/#breadcrumb"},"inLanguage":"es","potentialAction":[{"@type":"ReadAction","target":["https:\/\/pallarsfustes.com\/es\/proyectos-madera\/proyectos-parque-la-cuirassa\/"]}]},{"@type":"BreadcrumbList","@id":"https:\/\/pallarsfustes.com\/es\/proyectos-madera\/proyectos-parque-la-cuirassa\/#breadcrumb","itemListElement":[{"@type":"ListItem","position":1,"name":"Home","item":"https:\/\/pallarsfustes.com\/es\/"},{"@type":"ListItem","position":2,"name":"Proyectos","item":"https:\/\/pallarsfustes.com\/es\/proyectos-madera\/"},{"@type":"ListItem","position":3,"name":"Proyectos: Parque La Cuirassa"}]},{"@type":"WebSite","@id":"https:\/\/pallarsfustes.com\/es\/#website","url":"https:\/\/pallarsfustes.com\/es\/","name":"Pallars","description":"","potentialAction":[{"@type":"SearchAction","target":{"@type":"EntryPoint","urlTemplate":"https:\/\/pallarsfustes.com\/es\/?s={search_term_string}"},"query-input":{"@type":"PropertyValueSpecification","valueRequired":true,"valueName":"search_term_string"}}],"inLanguage":"es"}]}},"_links":{"self":[{"href":"https:\/\/pallarsfustes.com\/es\/wp-json\/wp\/v2\/pages\/4546","targetHints":{"allow":["GET"]}}],"collection":[{"href":"https:\/\/pallarsfustes.com\/es\/wp-json\/wp\/v2\/pages"}],"about":[{"href":"https:\/\/pallarsfustes.com\/es\/wp-json\/wp\/v2\/types\/page"}],"author":[{"embeddable":true,"href":"https:\/\/pallarsfustes.com\/es\/wp-json\/wp\/v2\/users\/5"}],"replies":[{"embeddable":true,"href":"https:\/\/pallarsfustes.com\/es\/wp-json\/wp\/v2\/comments?post=4546"}],"version-history":[{"count":2,"href":"https:\/\/pallarsfustes.com\/es\/wp-json\/wp\/v2\/pages\/4546\/revisions"}],"predecessor-version":[{"id":4548,"href":"https:\/\/pallarsfustes.com\/es\/wp-json\/wp\/v2\/pages\/4546\/revisions\/4548"}],"up":[{"embeddable":true,"href":"https:\/\/pallarsfustes.com\/es\/wp-json\/wp\/v2\/pages\/4523"}],"wp:attachment":[{"href":"https:\/\/pallarsfustes.com\/es\/wp-json\/wp\/v2\/media?parent=4546"}],"curies":[{"name":"wp","href":"https:\/\/api.w.org\/{rel}","templated":true}]}}