{"id":4540,"date":"2021-04-19T09:33:45","date_gmt":"2021-04-19T09:33:45","guid":{"rendered":"https:\/\/niunapalabraanadie.com\/pallarsfustes\/proyectos\/proyectos-casa-serveis-forestals\/"},"modified":"2021-04-19T09:33:45","modified_gmt":"2021-04-19T09:33:45","slug":"proyectos-casa-serveis-forestals","status":"publish","type":"page","link":"https:\/\/pallarsfustes.com\/es\/proyectos-madera\/proyectos-casa-serveis-forestals\/","title":{"rendered":"Proyectos: Casa Serveis Forestals"},"content":{"rendered":"[mk_page_section vertical_align=\u00bbcenter\u00bb bg_image=\u00bbhttps:\/\/pallarsfustes.com\/wp-content\/uploads\/2019\/03\/casa-serveis-forestals-7.jpg\u00bb bg_position=\u00bbcenter center\u00bb bg_stretch=\u00bbtrue\u00bb enable_3d=\u00bbtrue\u00bb video_color_mask=\u00bb#000000&#8243; padding_top=\u00bb150&#8243; padding_bottom=\u00bb150&#8243; sidebar=\u00bbsidebar-1&#8243;][vc_column][vc_custom_heading text=\u00bbCasa Serveis Forestals\u00bb font_container=\u00bbtag:h2|text_align:center|color:%23ffffff\u00bb use_theme_fonts=\u00bbyes\u00bb][\/vc_column][\/mk_page_section][vc_row][vc_column][vc_empty_space height=\u00bb70px\u00bb][vc_column_text css=\u00bb.vc_custom_1583398600905{margin-bottom: 0px !important;}\u00bb]Casa fabricada \u00edntegramente con paneles modulares. De esta manera, una vez acabada toda la producci\u00f3n de los diferentes m\u00f3dulos, hemos podido transportar todas las partes y acoplarlas sin problema en el lugar donde van ubicadas. Se trata de una casa forestal en la que tanto la instalaci\u00f3n el\u00e9ctrica, como la instalaci\u00f3n de fontaner\u00eda y los dem\u00e1s complementos internos y externos, se han prefabricado e integrado al mismo tiempo que se construye toda la serie de partes y paneles que conforman la casa.[\/vc_column_text][vc_empty_space height=\u00bb30px\u00bb][mk_gallery images=\u00bb495,496,497,498,499,500,501,502&#8243; column=\u00bb2&#8243; image_size=\u00bblarge\u00bb item_spacing=\u00bb10&#8243;][vc_empty_space height=\u00bb70px\u00bb][\/vc_column][\/vc_row]\n","protected":false},"excerpt":{"rendered":"<p>[mk_page_section vertical_align=\u00bbcenter\u00bb bg_image=\u00bbhttps:\/\/pallarsfustes.com\/wp-content\/uploads\/2019\/03\/casa-serveis-forestals-7.jpg\u00bb bg_position=\u00bbcenter center\u00bb bg_stretch=\u00bbtrue\u00bb enable_3d=\u00bbtrue\u00bb video_color_mask=\u00bb#000000&#8243; padding_top=\u00bb150&#8243; padding_bottom=\u00bb150&#8243; sidebar=\u00bbsidebar-1&#8243;][vc_column][vc_custom_heading text=\u00bbCasa Serveis Forestals\u00bb font_container=\u00bbtag:h2|text_align:center|color:%23ffffff\u00bb use_theme_fonts=\u00bbyes\u00bb][\/vc_column][\/mk_page_section][vc_row][vc_column][vc_empty_space height=\u00bb70px\u00bb][vc_column_text css=\u00bb.vc_custom_1583398600905{margin-bottom: 0px !important;}\u00bb]Casa fabricada \u00edntegramente con paneles modulares. De esta manera, una vez acabada toda la producci\u00f3n de los diferentes m\u00f3dulos, hemos podido transportar todas las partes y acoplarlas sin problema en el lugar donde van ubicadas. Se [&hellip;]<\/p>\n","protected":false},"author":5,"featured_media":0,"parent":4523,"menu_order":0,"comment_status":"closed","ping_status":"closed","template":"","meta":{"footnotes":""},"class_list":["post-4540","page","type-page","status-publish","hentry"],"yoast_head":"<!-- This site is optimized with the Yoast SEO plugin v26.0 - https:\/\/yoast.com\/wordpress\/plugins\/seo\/ -->\n<title>Proyectos: Casa Serveis Forestals - Pallars<\/title>\n<meta name=\"robots\" content=\"index, follow, max-snippet:-1, max-image-preview:large, max-video-preview:-1\" \/>\n<link rel=\"canonical\" href=\"https:\/\/pallarsfustes.com\/es\/proyectos-madera\/proyectos-casa-serveis-forestals\/\" \/>\n<meta property=\"og:locale\" content=\"es_ES\" \/>\n<meta property=\"og:type\" content=\"article\" \/>\n<meta property=\"og:title\" content=\"Proyectos: Casa Serveis Forestals - Pallars\" \/>\n<meta property=\"og:description\" content=\"[mk_page_section vertical_align=\u00bbcenter\u00bb bg_image=\u00bbhttps:\/\/pallarsfustes.com\/wp-content\/uploads\/2019\/03\/casa-serveis-forestals-7.jpg\u00bb bg_position=\u00bbcenter center\u00bb bg_stretch=\u00bbtrue\u00bb enable_3d=\u00bbtrue\u00bb video_color_mask=\u00bb#000000&#8243; padding_top=\u00bb150&#8243; padding_bottom=\u00bb150&#8243; sidebar=\u00bbsidebar-1&#8243;][vc_column][vc_custom_heading text=\u00bbCasa Serveis Forestals\u00bb font_container=\u00bbtag:h2|text_align:center|color:%23ffffff\u00bb use_theme_fonts=\u00bbyes\u00bb][\/vc_column][\/mk_page_section][vc_row][vc_column][vc_empty_space height=\u00bb70px\u00bb][vc_column_text css=\u00bb.vc_custom_1583398600905{margin-bottom: 0px !important;}\u00bb]Casa fabricada \u00edntegramente con paneles modulares. De esta manera, una vez acabada toda la producci\u00f3n de los diferentes m\u00f3dulos, hemos podido transportar todas las partes y acoplarlas sin problema en el lugar donde van ubicadas. Se [&hellip;]\" \/>\n<meta property=\"og:url\" content=\"https:\/\/pallarsfustes.com\/es\/proyectos-madera\/proyectos-casa-serveis-forestals\/\" \/>\n<meta property=\"og:site_name\" content=\"Pallars\" \/>\n<meta name=\"twitter:card\" content=\"summary_large_image\" \/>\n<meta name=\"twitter:label1\" content=\"Tiempo de lectura\" \/>\n\t<meta name=\"twitter:data1\" content=\"1 minuto\" \/>\n<script type=\"application\/ld+json\" class=\"yoast-schema-graph\">{\"@context\":\"https:\/\/schema.org\",\"@graph\":[{\"@type\":\"WebPage\",\"@id\":\"https:\/\/pallarsfustes.com\/es\/proyectos-madera\/proyectos-casa-serveis-forestals\/\",\"url\":\"https:\/\/pallarsfustes.com\/es\/proyectos-madera\/proyectos-casa-serveis-forestals\/\",\"name\":\"Proyectos: Casa Serveis Forestals - Pallars\",\"isPartOf\":{\"@id\":\"https:\/\/pallarsfustes.com\/es\/#website\"},\"datePublished\":\"2021-04-19T09:33:45+00:00\",\"breadcrumb\":{\"@id\":\"https:\/\/pallarsfustes.com\/es\/proyectos-madera\/proyectos-casa-serveis-forestals\/#breadcrumb\"},\"inLanguage\":\"es\",\"potentialAction\":[{\"@type\":\"ReadAction\",\"target\":[\"https:\/\/pallarsfustes.com\/es\/proyectos-madera\/proyectos-casa-serveis-forestals\/\"]}]},{\"@type\":\"BreadcrumbList\",\"@id\":\"https:\/\/pallarsfustes.com\/es\/proyectos-madera\/proyectos-casa-serveis-forestals\/#breadcrumb\",\"itemListElement\":[{\"@type\":\"ListItem\",\"position\":1,\"name\":\"Home\",\"item\":\"https:\/\/pallarsfustes.com\/es\/\"},{\"@type\":\"ListItem\",\"position\":2,\"name\":\"Proyectos\",\"item\":\"https:\/\/pallarsfustes.com\/es\/proyectos-madera\/\"},{\"@type\":\"ListItem\",\"position\":3,\"name\":\"Proyectos: Casa Serveis Forestals\"}]},{\"@type\":\"WebSite\",\"@id\":\"https:\/\/pallarsfustes.com\/es\/#website\",\"url\":\"https:\/\/pallarsfustes.com\/es\/\",\"name\":\"Pallars\",\"description\":\"\",\"potentialAction\":[{\"@type\":\"SearchAction\",\"target\":{\"@type\":\"EntryPoint\",\"urlTemplate\":\"https:\/\/pallarsfustes.com\/es\/?s={search_term_string}\"},\"query-input\":{\"@type\":\"PropertyValueSpecification\",\"valueRequired\":true,\"valueName\":\"search_term_string\"}}],\"inLanguage\":\"es\"}]}<\/script>\n<!-- \/ Yoast SEO plugin. -->","yoast_head_json":{"title":"Proyectos: Casa Serveis Forestals - Pallars","robots":{"index":"index","follow":"follow","max-snippet":"max-snippet:-1","max-image-preview":"max-image-preview:large","max-video-preview":"max-video-preview:-1"},"canonical":"https:\/\/pallarsfustes.com\/es\/proyectos-madera\/proyectos-casa-serveis-forestals\/","og_locale":"es_ES","og_type":"article","og_title":"Proyectos: Casa Serveis Forestals - Pallars","og_description":"[mk_page_section vertical_align=\u00bbcenter\u00bb bg_image=\u00bbhttps:\/\/pallarsfustes.com\/wp-content\/uploads\/2019\/03\/casa-serveis-forestals-7.jpg\u00bb bg_position=\u00bbcenter center\u00bb bg_stretch=\u00bbtrue\u00bb enable_3d=\u00bbtrue\u00bb video_color_mask=\u00bb#000000&#8243; padding_top=\u00bb150&#8243; padding_bottom=\u00bb150&#8243; sidebar=\u00bbsidebar-1&#8243;][vc_column][vc_custom_heading text=\u00bbCasa Serveis Forestals\u00bb font_container=\u00bbtag:h2|text_align:center|color:%23ffffff\u00bb use_theme_fonts=\u00bbyes\u00bb][\/vc_column][\/mk_page_section][vc_row][vc_column][vc_empty_space height=\u00bb70px\u00bb][vc_column_text css=\u00bb.vc_custom_1583398600905{margin-bottom: 0px !important;}\u00bb]Casa fabricada \u00edntegramente con paneles modulares. De esta manera, una vez acabada toda la producci\u00f3n de los diferentes m\u00f3dulos, hemos podido transportar todas las partes y acoplarlas sin problema en el lugar donde van ubicadas. Se [&hellip;]","og_url":"https:\/\/pallarsfustes.com\/es\/proyectos-madera\/proyectos-casa-serveis-forestals\/","og_site_name":"Pallars","twitter_card":"summary_large_image","twitter_misc":{"Tiempo de lectura":"1 minuto"},"schema":{"@context":"https:\/\/schema.org","@graph":[{"@type":"WebPage","@id":"https:\/\/pallarsfustes.com\/es\/proyectos-madera\/proyectos-casa-serveis-forestals\/","url":"https:\/\/pallarsfustes.com\/es\/proyectos-madera\/proyectos-casa-serveis-forestals\/","name":"Proyectos: Casa Serveis Forestals - Pallars","isPartOf":{"@id":"https:\/\/pallarsfustes.com\/es\/#website"},"datePublished":"2021-04-19T09:33:45+00:00","breadcrumb":{"@id":"https:\/\/pallarsfustes.com\/es\/proyectos-madera\/proyectos-casa-serveis-forestals\/#breadcrumb"},"inLanguage":"es","potentialAction":[{"@type":"ReadAction","target":["https:\/\/pallarsfustes.com\/es\/proyectos-madera\/proyectos-casa-serveis-forestals\/"]}]},{"@type":"BreadcrumbList","@id":"https:\/\/pallarsfustes.com\/es\/proyectos-madera\/proyectos-casa-serveis-forestals\/#breadcrumb","itemListElement":[{"@type":"ListItem","position":1,"name":"Home","item":"https:\/\/pallarsfustes.com\/es\/"},{"@type":"ListItem","position":2,"name":"Proyectos","item":"https:\/\/pallarsfustes.com\/es\/proyectos-madera\/"},{"@type":"ListItem","position":3,"name":"Proyectos: Casa Serveis Forestals"}]},{"@type":"WebSite","@id":"https:\/\/pallarsfustes.com\/es\/#website","url":"https:\/\/pallarsfustes.com\/es\/","name":"Pallars","description":"","potentialAction":[{"@type":"SearchAction","target":{"@type":"EntryPoint","urlTemplate":"https:\/\/pallarsfustes.com\/es\/?s={search_term_string}"},"query-input":{"@type":"PropertyValueSpecification","valueRequired":true,"valueName":"search_term_string"}}],"inLanguage":"es"}]}},"_links":{"self":[{"href":"https:\/\/pallarsfustes.com\/es\/wp-json\/wp\/v2\/pages\/4540","targetHints":{"allow":["GET"]}}],"collection":[{"href":"https:\/\/pallarsfustes.com\/es\/wp-json\/wp\/v2\/pages"}],"about":[{"href":"https:\/\/pallarsfustes.com\/es\/wp-json\/wp\/v2\/types\/page"}],"author":[{"embeddable":true,"href":"https:\/\/pallarsfustes.com\/es\/wp-json\/wp\/v2\/users\/5"}],"replies":[{"embeddable":true,"href":"https:\/\/pallarsfustes.com\/es\/wp-json\/wp\/v2\/comments?post=4540"}],"version-history":[{"count":2,"href":"https:\/\/pallarsfustes.com\/es\/wp-json\/wp\/v2\/pages\/4540\/revisions"}],"predecessor-version":[{"id":4542,"href":"https:\/\/pallarsfustes.com\/es\/wp-json\/wp\/v2\/pages\/4540\/revisions\/4542"}],"up":[{"embeddable":true,"href":"https:\/\/pallarsfustes.com\/es\/wp-json\/wp\/v2\/pages\/4523"}],"wp:attachment":[{"href":"https:\/\/pallarsfustes.com\/es\/wp-json\/wp\/v2\/media?parent=4540"}],"curies":[{"name":"wp","href":"https:\/\/api.w.org\/{rel}","templated":true}]}}