{"id":4529,"date":"2021-04-19T09:27:55","date_gmt":"2021-04-19T09:27:55","guid":{"rendered":"https:\/\/niunapalabraanadie.com\/pallarsfustes\/proyectos\/proyectos-audi-a-baqueira-beret\/"},"modified":"2023-11-14T12:50:08","modified_gmt":"2023-11-14T12:50:08","slug":"proyectos-audi-a-baqueira-beret","status":"publish","type":"page","link":"https:\/\/pallarsfustes.com\/es\/proyectos-madera\/proyectos-audi-a-baqueira-beret\/","title":{"rendered":"Proyectos: Audi en Baqueira Beret"},"content":{"rendered":"[mk_page_section vertical_align=\u00bbcenter\u00bb bg_image=\u00bbhttps:\/\/pallarsfustes.com\/wp-content\/uploads\/2019\/03\/proyecto-audi-4.jpg\u00bb bg_position=\u00bbcenter center\u00bb bg_stretch=\u00bbtrue\u00bb enable_3d=\u00bbtrue\u00bb video_color_mask=\u00bb#000000&#8243; padding_top=\u00bb150&#8243; padding_bottom=\u00bb150&#8243; sidebar=\u00bbsidebar-1&#8243;][vc_column][vc_custom_heading text=\u00bbAudi en Baqueira Beret\u00bb font_container=\u00bbtag:h2|text_align:center|color:%23ffffff\u00bb use_theme_fonts=\u00bbyes\u00bb][\/vc_column][\/mk_page_section][vc_row][vc_column][vc_empty_space height=\u00bb70px\u00bb][vc_column_text css=\u00bb.vc_custom_1699879582718{margin-bottom: 0px !important;}\u00bb]La Casa Audi, ubicada en Baqueira Beret, experiment\u00f3 un proceso de montaje y acabado final que no estuvo exento de desaf\u00edos meteorol\u00f3gicos y orogr\u00e1ficos. Sin embargo, con la ayuda de un equipo altamente competente y una planificaci\u00f3n meticulosa, superamos estas dificultades con relativa facilidad. Esta ubicaci\u00f3n \u00fanica, con su topograf\u00eda y condiciones clim\u00e1ticas exigentes, requiri\u00f3 una especial atenci\u00f3n y una adaptaci\u00f3n constante durante el proceso constructivo.<\/p>\n<p>El proceso de montaje involucr\u00f3 la coordinaci\u00f3n precisa de equipos t\u00e9cnicos, proveedores y personal de construcci\u00f3n, trabajando de concierto para garantizar que todos los elementos se ajustaran perfectamente. Las dificultades meteorol\u00f3gicas como las variaciones clim\u00e1ticas y las inclemencias del tiempo fueron gestionadas con precauci\u00f3n para minimizar los impactos sobre el cronograma y la calidad del trabajo.<\/p>\n<p>La topograf\u00eda espec\u00edfica de Baqueira Beret, con su terreno monta\u00f1oso y las condiciones ambientales variables, requiri\u00f3 una constante adaptaci\u00f3n durante el proceso de construcci\u00f3n. Las tecnolog\u00edas y t\u00e9cnicas de construcci\u00f3n modernas fueron implementadas para asegurar una integraci\u00f3n armoniosa con el entorno natural, manteniendo a la vez la eficiencia estructural y energ\u00e9tica de la Casa Audi.<\/p>\n<p>El resultado final fue un \u00e9xito, con Casa Audi emergiendo como una obra maestra arquitect\u00f3nica que no s\u00f3lo se adapta a su entorno, sino que tambi\u00e9n cumple con las expectativas m\u00e1s exigentes de sus propietarios. Este proyecto no s\u00f3lo refleja nuestra habilidad para superar los desaf\u00edos constructivos, sino tambi\u00e9n nuestra dedicaci\u00f3n a conseguir un acabado en un proyecto de <a href=\"https:\/\/pallarsfustes.com\/es\/arquitectura-integral-madera\/\">arquitectura integral<\/a>. final de la m\u00e1s alta calidad.[\/vc_column_text][vc_empty_space][vc_video link=\u00bbhttps:\/\/www.youtube.com\/watch?v=9OpGBj45GCk\u00bb][vc_empty_space height=\u00bb10px\u00bb][mk_gallery images=\u00bb432,431,430,429,428,427,426,425,841,842,843&#8243; column=\u00bb2&#8243; image_size=\u00bblarge\u00bb item_spacing=\u00bb10&#8243;][vc_empty_space height=\u00bb70px\u00bb][\/vc_column][\/vc_row][vc_row][vc_column][\/vc_column][\/vc_row]\n","protected":false},"excerpt":{"rendered":"<p>[mk_page_section vertical_align=\u00bbcenter\u00bb bg_image=\u00bbhttps:\/\/pallarsfustes.com\/wp-content\/uploads\/2019\/03\/proyecto-audi-4.jpg\u00bb bg_position=\u00bbcenter center\u00bb bg_stretch=\u00bbtrue\u00bb enable_3d=\u00bbtrue\u00bb video_color_mask=\u00bb#000000&#8243; padding_top=\u00bb150&#8243; padding_bottom=\u00bb150&#8243; sidebar=\u00bbsidebar-1&#8243;][vc_column][vc_custom_heading text=\u00bbAudi en Baqueira Beret\u00bb font_container=\u00bbtag:h2|text_align:center|color:%23ffffff\u00bb use_theme_fonts=\u00bbyes\u00bb][\/vc_column][\/mk_page_section][vc_row][vc_column][vc_empty_space height=\u00bb70px\u00bb][vc_column_text css=\u00bb.vc_custom_1699879582718{margin-bottom: 0px !important;}\u00bb]La Casa Audi, ubicada en Baqueira Beret, experiment\u00f3 un proceso de montaje y acabado final que no estuvo exento de desaf\u00edos meteorol\u00f3gicos y orogr\u00e1ficos. Sin embargo, con la ayuda de un equipo altamente competente y [&hellip;]<\/p>\n","protected":false},"author":5,"featured_media":0,"parent":4523,"menu_order":0,"comment_status":"closed","ping_status":"closed","template":"","meta":{"footnotes":""},"class_list":["post-4529","page","type-page","status-publish","hentry"],"yoast_head":"<!-- This site is optimized with the Yoast SEO plugin v26.0 - https:\/\/yoast.com\/wordpress\/plugins\/seo\/ -->\n<title>Casa Audi en Baqueira Beret<\/title>\n<meta name=\"description\" content=\"Proceso de montaje y acabado final de Casa Audi en Baqueira Beret donde nos encontramos con dificultades meteorol\u00f3gicas y orogr\u00e1ficas.\" \/>\n<meta name=\"robots\" content=\"index, follow, max-snippet:-1, max-image-preview:large, max-video-preview:-1\" \/>\n<link rel=\"canonical\" href=\"https:\/\/pallarsfustes.com\/es\/proyectos-madera\/proyectos-audi-a-baqueira-beret\/\" \/>\n<meta property=\"og:locale\" content=\"es_ES\" \/>\n<meta property=\"og:type\" content=\"article\" \/>\n<meta property=\"og:title\" content=\"Casa Audi en Baqueira Beret\" \/>\n<meta property=\"og:description\" content=\"Proceso de montaje y acabado final de Casa Audi en Baqueira Beret donde nos encontramos con dificultades meteorol\u00f3gicas y orogr\u00e1ficas.\" \/>\n<meta property=\"og:url\" content=\"https:\/\/pallarsfustes.com\/es\/proyectos-madera\/proyectos-audi-a-baqueira-beret\/\" \/>\n<meta property=\"og:site_name\" content=\"Pallars\" \/>\n<meta property=\"article:modified_time\" content=\"2023-11-14T12:50:08+00:00\" \/>\n<meta name=\"twitter:card\" content=\"summary_large_image\" \/>\n<meta name=\"twitter:label1\" content=\"Tiempo de lectura\" \/>\n\t<meta name=\"twitter:data1\" content=\"2 minutos\" \/>\n<script type=\"application\/ld+json\" class=\"yoast-schema-graph\">{\"@context\":\"https:\/\/schema.org\",\"@graph\":[{\"@type\":\"WebPage\",\"@id\":\"https:\/\/pallarsfustes.com\/es\/proyectos-madera\/proyectos-audi-a-baqueira-beret\/\",\"url\":\"https:\/\/pallarsfustes.com\/es\/proyectos-madera\/proyectos-audi-a-baqueira-beret\/\",\"name\":\"Casa Audi en Baqueira Beret\",\"isPartOf\":{\"@id\":\"https:\/\/pallarsfustes.com\/es\/#website\"},\"datePublished\":\"2021-04-19T09:27:55+00:00\",\"dateModified\":\"2023-11-14T12:50:08+00:00\",\"description\":\"Proceso de montaje y acabado final de Casa Audi en Baqueira Beret donde nos encontramos con dificultades meteorol\u00f3gicas y orogr\u00e1ficas.\",\"breadcrumb\":{\"@id\":\"https:\/\/pallarsfustes.com\/es\/proyectos-madera\/proyectos-audi-a-baqueira-beret\/#breadcrumb\"},\"inLanguage\":\"es\",\"potentialAction\":[{\"@type\":\"ReadAction\",\"target\":[\"https:\/\/pallarsfustes.com\/es\/proyectos-madera\/proyectos-audi-a-baqueira-beret\/\"]}]},{\"@type\":\"BreadcrumbList\",\"@id\":\"https:\/\/pallarsfustes.com\/es\/proyectos-madera\/proyectos-audi-a-baqueira-beret\/#breadcrumb\",\"itemListElement\":[{\"@type\":\"ListItem\",\"position\":1,\"name\":\"Home\",\"item\":\"https:\/\/pallarsfustes.com\/es\/\"},{\"@type\":\"ListItem\",\"position\":2,\"name\":\"Proyectos\",\"item\":\"https:\/\/pallarsfustes.com\/es\/proyectos-madera\/\"},{\"@type\":\"ListItem\",\"position\":3,\"name\":\"Proyectos: Audi en Baqueira Beret\"}]},{\"@type\":\"WebSite\",\"@id\":\"https:\/\/pallarsfustes.com\/es\/#website\",\"url\":\"https:\/\/pallarsfustes.com\/es\/\",\"name\":\"Pallars\",\"description\":\"\",\"potentialAction\":[{\"@type\":\"SearchAction\",\"target\":{\"@type\":\"EntryPoint\",\"urlTemplate\":\"https:\/\/pallarsfustes.com\/es\/?s={search_term_string}\"},\"query-input\":{\"@type\":\"PropertyValueSpecification\",\"valueRequired\":true,\"valueName\":\"search_term_string\"}}],\"inLanguage\":\"es\"}]}<\/script>\n<!-- \/ Yoast SEO plugin. -->","yoast_head_json":{"title":"Casa Audi en Baqueira Beret","description":"Proceso de montaje y acabado final de Casa Audi en Baqueira Beret donde nos encontramos con dificultades meteorol\u00f3gicas y orogr\u00e1ficas.","robots":{"index":"index","follow":"follow","max-snippet":"max-snippet:-1","max-image-preview":"max-image-preview:large","max-video-preview":"max-video-preview:-1"},"canonical":"https:\/\/pallarsfustes.com\/es\/proyectos-madera\/proyectos-audi-a-baqueira-beret\/","og_locale":"es_ES","og_type":"article","og_title":"Casa Audi en Baqueira Beret","og_description":"Proceso de montaje y acabado final de Casa Audi en Baqueira Beret donde nos encontramos con dificultades meteorol\u00f3gicas y orogr\u00e1ficas.","og_url":"https:\/\/pallarsfustes.com\/es\/proyectos-madera\/proyectos-audi-a-baqueira-beret\/","og_site_name":"Pallars","article_modified_time":"2023-11-14T12:50:08+00:00","twitter_card":"summary_large_image","twitter_misc":{"Tiempo de lectura":"2 minutos"},"schema":{"@context":"https:\/\/schema.org","@graph":[{"@type":"WebPage","@id":"https:\/\/pallarsfustes.com\/es\/proyectos-madera\/proyectos-audi-a-baqueira-beret\/","url":"https:\/\/pallarsfustes.com\/es\/proyectos-madera\/proyectos-audi-a-baqueira-beret\/","name":"Casa Audi en Baqueira Beret","isPartOf":{"@id":"https:\/\/pallarsfustes.com\/es\/#website"},"datePublished":"2021-04-19T09:27:55+00:00","dateModified":"2023-11-14T12:50:08+00:00","description":"Proceso de montaje y acabado final de Casa Audi en Baqueira Beret donde nos encontramos con dificultades meteorol\u00f3gicas y orogr\u00e1ficas.","breadcrumb":{"@id":"https:\/\/pallarsfustes.com\/es\/proyectos-madera\/proyectos-audi-a-baqueira-beret\/#breadcrumb"},"inLanguage":"es","potentialAction":[{"@type":"ReadAction","target":["https:\/\/pallarsfustes.com\/es\/proyectos-madera\/proyectos-audi-a-baqueira-beret\/"]}]},{"@type":"BreadcrumbList","@id":"https:\/\/pallarsfustes.com\/es\/proyectos-madera\/proyectos-audi-a-baqueira-beret\/#breadcrumb","itemListElement":[{"@type":"ListItem","position":1,"name":"Home","item":"https:\/\/pallarsfustes.com\/es\/"},{"@type":"ListItem","position":2,"name":"Proyectos","item":"https:\/\/pallarsfustes.com\/es\/proyectos-madera\/"},{"@type":"ListItem","position":3,"name":"Proyectos: Audi en Baqueira Beret"}]},{"@type":"WebSite","@id":"https:\/\/pallarsfustes.com\/es\/#website","url":"https:\/\/pallarsfustes.com\/es\/","name":"Pallars","description":"","potentialAction":[{"@type":"SearchAction","target":{"@type":"EntryPoint","urlTemplate":"https:\/\/pallarsfustes.com\/es\/?s={search_term_string}"},"query-input":{"@type":"PropertyValueSpecification","valueRequired":true,"valueName":"search_term_string"}}],"inLanguage":"es"}]}},"_links":{"self":[{"href":"https:\/\/pallarsfustes.com\/es\/wp-json\/wp\/v2\/pages\/4529","targetHints":{"allow":["GET"]}}],"collection":[{"href":"https:\/\/pallarsfustes.com\/es\/wp-json\/wp\/v2\/pages"}],"about":[{"href":"https:\/\/pallarsfustes.com\/es\/wp-json\/wp\/v2\/types\/page"}],"author":[{"embeddable":true,"href":"https:\/\/pallarsfustes.com\/es\/wp-json\/wp\/v2\/users\/5"}],"replies":[{"embeddable":true,"href":"https:\/\/pallarsfustes.com\/es\/wp-json\/wp\/v2\/comments?post=4529"}],"version-history":[{"count":18,"href":"https:\/\/pallarsfustes.com\/es\/wp-json\/wp\/v2\/pages\/4529\/revisions"}],"predecessor-version":[{"id":9861,"href":"https:\/\/pallarsfustes.com\/es\/wp-json\/wp\/v2\/pages\/4529\/revisions\/9861"}],"up":[{"embeddable":true,"href":"https:\/\/pallarsfustes.com\/es\/wp-json\/wp\/v2\/pages\/4523"}],"wp:attachment":[{"href":"https:\/\/pallarsfustes.com\/es\/wp-json\/wp\/v2\/media?parent=4529"}],"curies":[{"name":"wp","href":"https:\/\/api.w.org\/{rel}","templated":true}]}}