{"id":4523,"date":"2021-04-19T09:25:20","date_gmt":"2021-04-19T09:25:20","guid":{"rendered":"https:\/\/niunapalabraanadie.com\/pallarsfustes\/proyectos\/"},"modified":"2024-11-14T11:33:44","modified_gmt":"2024-11-14T11:33:44","slug":"proyectos-madera","status":"publish","type":"page","link":"https:\/\/pallarsfustes.com\/es\/proyectos-madera\/","title":{"rendered":"Proyectos"},"content":{"rendered":"[mk_page_section vertical_align=\u00bbcenter\u00bb bg_image=\u00bbhttps:\/\/pallarsfustes.com\/wp-content\/uploads\/2019\/04\/construccion.jpg\u00bb bg_position=\u00bbcenter center\u00bb bg_stretch=\u00bbtrue\u00bb enable_3d=\u00bbtrue\u00bb video_color_mask=\u00bb#000000&#8243; padding_top=\u00bb150&#8243; padding_bottom=\u00bb150&#8243; sidebar=\u00bbsidebar-1&#8243;][vc_column][vc_custom_heading text=\u00bbProyectos con madera\u00bb font_container=\u00bbtag:h2|text_align:center|color:%23ffffff\u00bb use_theme_fonts=\u00bbyes\u00bb][\/vc_column][\/mk_page_section][vc_row][vc_column][vc_empty_space][vc_column_text css=\u00bb.vc_custom_1699958202055{margin-bottom: 0px !important;}\u00bb]\n<p style=\"text-align: center;\">En Pallars Maderas, hacemos proyectos de arquitectura y construcci\u00f3n con madera de alta calidad, destacando por nuestra dedicaci\u00f3n, excelencia e innovaci\u00f3n.<\/p>\n<p style=\"text-align: center;\">Desde la rehabilitaci\u00f3n de estructuras emblem\u00e1ticas hasta la creaci\u00f3n de nuevas construcciones, cada proyecto es una oportunidad para demostrar nuestro compromiso con la calidad y la sostenibilidad.<\/p>\n<p style=\"text-align: center;\">Nuestra experiencia en una amplia gama de proyectos nos permite adaptarnos a las necesidades \u00fanicas de cada cliente y ofrecer soluciones innovadoras para sus demandas. Con m\u00e1s de dos d\u00e9cadas en el campo de la construcci\u00f3n con madera, hemos desarrollado habilidades y conocimientos para abordar retos diversos y convertirlos en \u00e9xitos duraderos.<\/p>\n<p style=\"text-align: center;\">Basura, desde proyectos residenciales, como <strong><a href=\"https:\/\/pallarsfustes.com\/es\/casas-madera\/\">casas de madera<\/a><\/strong>, hasta <strong><a href=\"https:\/\/pallarsfustes.com\/es\/arquitectura-madera-grandes-estructuras\/\">grandes <\/a><\/strong>y <strong><a href=\"https:\/\/pallarsfustes.com\/es\/arquitectura-madera-medianas-estructuras\/\">medias<\/a><\/strong> estructuras, pasando por la planificaci\u00f3n y el dise\u00f1o hasta la ejecuci\u00f3n con un enfoque meticuloso en la calidad y la sostenibilidad. Cada obra refleja nuestra pasi\u00f3n por la creaci\u00f3n de espacios \u00fanicos y funcionales, integrando la naturaleza, la belleza y la funcionalidad en cada detalle.<\/p>\n<p style=\"text-align: center;\">Con un compromiso con la innovaci\u00f3n y la tradici\u00f3n, cada proyecto es una oportunidad para expresar nuestra dedicaci\u00f3n a la excelencia en la construcci\u00f3n con madera, y una muestra de nuestra misi\u00f3n para superar las expectativas de nuestros clientes.<\/p>\n<p style=\"text-align: center;\"><strong>Explora todos nuestros proyectos!<\/strong><\/p>\n[\/vc_column_text][vc_empty_space][\/vc_column][\/vc_row][vc_row fullwidth=\u00bbtrue\u00bb css=\u00bb.vc_custom_1603705743882{padding-top: 5px !important;}\u00bb][vc_column][mk_portfolio style=\u00bbgrid\u00bb hover_scenarios=\u00bbzoomin\u00bb height=\u00bb250&#8243; zoom_icon=\u00bbfalse\u00bb count=\u00bb-1&#8243; sortable=\u00bbfalse\u00bb categories=\u00bbprojectes\u00bb][\/vc_column][\/vc_row]\n","protected":false},"excerpt":{"rendered":"<p>[mk_page_section vertical_align=\u00bbcenter\u00bb bg_image=\u00bbhttps:\/\/pallarsfustes.com\/wp-content\/uploads\/2019\/04\/construccion.jpg\u00bb bg_position=\u00bbcenter center\u00bb bg_stretch=\u00bbtrue\u00bb enable_3d=\u00bbtrue\u00bb video_color_mask=\u00bb#000000&#8243; padding_top=\u00bb150&#8243; padding_bottom=\u00bb150&#8243; sidebar=\u00bbsidebar-1&#8243;][vc_column][vc_custom_heading text=\u00bbProyectos con madera\u00bb font_container=\u00bbtag:h2|text_align:center|color:%23ffffff\u00bb use_theme_fonts=\u00bbyes\u00bb][\/vc_column][\/mk_page_section][vc_row][vc_column][vc_empty_space][vc_column_text css=\u00bb.vc_custom_1699958202055{margin-bottom: 0px !important;}\u00bb] En Pallars Maderas, hacemos proyectos de arquitectura y construcci\u00f3n con madera de alta calidad, destacando por nuestra dedicaci\u00f3n, excelencia e innovaci\u00f3n. Desde la rehabilitaci\u00f3n de estructuras emblem\u00e1ticas hasta la creaci\u00f3n de nuevas construcciones, cada proyecto es [&hellip;]<\/p>\n","protected":false},"author":5,"featured_media":0,"parent":0,"menu_order":0,"comment_status":"closed","ping_status":"closed","template":"","meta":{"footnotes":""},"class_list":["post-4523","page","type-page","status-publish","hentry"],"yoast_head":"<!-- This site is optimized with the Yoast SEO plugin v26.0 - https:\/\/yoast.com\/wordpress\/plugins\/seo\/ -->\n<title>Proyectos con madera - Pallars Maderas<\/title>\n<meta name=\"description\" content=\"Descubre todos nuestros proyectos con madera y como hacemos realidad los deseos de todos nuestros clientes.\" \/>\n<meta name=\"robots\" content=\"index, follow, max-snippet:-1, max-image-preview:large, max-video-preview:-1\" \/>\n<link rel=\"canonical\" href=\"https:\/\/pallarsfustes.com\/es\/proyectos-madera\/\" \/>\n<meta property=\"og:locale\" content=\"es_ES\" \/>\n<meta property=\"og:type\" content=\"article\" \/>\n<meta property=\"og:title\" content=\"Proyectos con madera - Pallars Maderas\" \/>\n<meta property=\"og:description\" content=\"Descubre todos nuestros proyectos con madera y como hacemos realidad los deseos de todos nuestros clientes.\" \/>\n<meta property=\"og:url\" content=\"https:\/\/pallarsfustes.com\/es\/proyectos-madera\/\" \/>\n<meta property=\"og:site_name\" content=\"Pallars\" \/>\n<meta property=\"article:modified_time\" content=\"2024-11-14T11:33:44+00:00\" \/>\n<meta name=\"twitter:card\" content=\"summary_large_image\" \/>\n<meta name=\"twitter:label1\" content=\"Tiempo de lectura\" \/>\n\t<meta name=\"twitter:data1\" content=\"1 minuto\" \/>\n<script type=\"application\/ld+json\" class=\"yoast-schema-graph\">{\"@context\":\"https:\/\/schema.org\",\"@graph\":[{\"@type\":\"WebPage\",\"@id\":\"https:\/\/pallarsfustes.com\/es\/proyectos-madera\/\",\"url\":\"https:\/\/pallarsfustes.com\/es\/proyectos-madera\/\",\"name\":\"Proyectos con madera - Pallars Maderas\",\"isPartOf\":{\"@id\":\"https:\/\/pallarsfustes.com\/es\/#website\"},\"datePublished\":\"2021-04-19T09:25:20+00:00\",\"dateModified\":\"2024-11-14T11:33:44+00:00\",\"description\":\"Descubre todos nuestros proyectos con madera y como hacemos realidad los deseos de todos nuestros clientes.\",\"breadcrumb\":{\"@id\":\"https:\/\/pallarsfustes.com\/es\/proyectos-madera\/#breadcrumb\"},\"inLanguage\":\"es\",\"potentialAction\":[{\"@type\":\"ReadAction\",\"target\":[\"https:\/\/pallarsfustes.com\/es\/proyectos-madera\/\"]}]},{\"@type\":\"BreadcrumbList\",\"@id\":\"https:\/\/pallarsfustes.com\/es\/proyectos-madera\/#breadcrumb\",\"itemListElement\":[{\"@type\":\"ListItem\",\"position\":1,\"name\":\"Home\",\"item\":\"https:\/\/pallarsfustes.com\/es\/\"},{\"@type\":\"ListItem\",\"position\":2,\"name\":\"Proyectos\"}]},{\"@type\":\"WebSite\",\"@id\":\"https:\/\/pallarsfustes.com\/es\/#website\",\"url\":\"https:\/\/pallarsfustes.com\/es\/\",\"name\":\"Pallars\",\"description\":\"\",\"potentialAction\":[{\"@type\":\"SearchAction\",\"target\":{\"@type\":\"EntryPoint\",\"urlTemplate\":\"https:\/\/pallarsfustes.com\/es\/?s={search_term_string}\"},\"query-input\":{\"@type\":\"PropertyValueSpecification\",\"valueRequired\":true,\"valueName\":\"search_term_string\"}}],\"inLanguage\":\"es\"}]}<\/script>\n<!-- \/ Yoast SEO plugin. -->","yoast_head_json":{"title":"Proyectos con madera - Pallars Maderas","description":"Descubre todos nuestros proyectos con madera y como hacemos realidad los deseos de todos nuestros clientes.","robots":{"index":"index","follow":"follow","max-snippet":"max-snippet:-1","max-image-preview":"max-image-preview:large","max-video-preview":"max-video-preview:-1"},"canonical":"https:\/\/pallarsfustes.com\/es\/proyectos-madera\/","og_locale":"es_ES","og_type":"article","og_title":"Proyectos con madera - Pallars Maderas","og_description":"Descubre todos nuestros proyectos con madera y como hacemos realidad los deseos de todos nuestros clientes.","og_url":"https:\/\/pallarsfustes.com\/es\/proyectos-madera\/","og_site_name":"Pallars","article_modified_time":"2024-11-14T11:33:44+00:00","twitter_card":"summary_large_image","twitter_misc":{"Tiempo de lectura":"1 minuto"},"schema":{"@context":"https:\/\/schema.org","@graph":[{"@type":"WebPage","@id":"https:\/\/pallarsfustes.com\/es\/proyectos-madera\/","url":"https:\/\/pallarsfustes.com\/es\/proyectos-madera\/","name":"Proyectos con madera - Pallars Maderas","isPartOf":{"@id":"https:\/\/pallarsfustes.com\/es\/#website"},"datePublished":"2021-04-19T09:25:20+00:00","dateModified":"2024-11-14T11:33:44+00:00","description":"Descubre todos nuestros proyectos con madera y como hacemos realidad los deseos de todos nuestros clientes.","breadcrumb":{"@id":"https:\/\/pallarsfustes.com\/es\/proyectos-madera\/#breadcrumb"},"inLanguage":"es","potentialAction":[{"@type":"ReadAction","target":["https:\/\/pallarsfustes.com\/es\/proyectos-madera\/"]}]},{"@type":"BreadcrumbList","@id":"https:\/\/pallarsfustes.com\/es\/proyectos-madera\/#breadcrumb","itemListElement":[{"@type":"ListItem","position":1,"name":"Home","item":"https:\/\/pallarsfustes.com\/es\/"},{"@type":"ListItem","position":2,"name":"Proyectos"}]},{"@type":"WebSite","@id":"https:\/\/pallarsfustes.com\/es\/#website","url":"https:\/\/pallarsfustes.com\/es\/","name":"Pallars","description":"","potentialAction":[{"@type":"SearchAction","target":{"@type":"EntryPoint","urlTemplate":"https:\/\/pallarsfustes.com\/es\/?s={search_term_string}"},"query-input":{"@type":"PropertyValueSpecification","valueRequired":true,"valueName":"search_term_string"}}],"inLanguage":"es"}]}},"_links":{"self":[{"href":"https:\/\/pallarsfustes.com\/es\/wp-json\/wp\/v2\/pages\/4523","targetHints":{"allow":["GET"]}}],"collection":[{"href":"https:\/\/pallarsfustes.com\/es\/wp-json\/wp\/v2\/pages"}],"about":[{"href":"https:\/\/pallarsfustes.com\/es\/wp-json\/wp\/v2\/types\/page"}],"author":[{"embeddable":true,"href":"https:\/\/pallarsfustes.com\/es\/wp-json\/wp\/v2\/users\/5"}],"replies":[{"embeddable":true,"href":"https:\/\/pallarsfustes.com\/es\/wp-json\/wp\/v2\/comments?post=4523"}],"version-history":[{"count":5,"href":"https:\/\/pallarsfustes.com\/es\/wp-json\/wp\/v2\/pages\/4523\/revisions"}],"predecessor-version":[{"id":11125,"href":"https:\/\/pallarsfustes.com\/es\/wp-json\/wp\/v2\/pages\/4523\/revisions\/11125"}],"wp:attachment":[{"href":"https:\/\/pallarsfustes.com\/es\/wp-json\/wp\/v2\/media?parent=4523"}],"curies":[{"name":"wp","href":"https:\/\/api.w.org\/{rel}","templated":true}]}}