{"id":4520,"date":"2021-04-19T09:24:35","date_gmt":"2021-04-19T09:24:35","guid":{"rendered":"https:\/\/niunapalabraanadie.com\/pallarsfustes\/politica-de-privacidad\/"},"modified":"2021-04-19T09:24:36","modified_gmt":"2021-04-19T09:24:36","slug":"politica-de-privacidad","status":"publish","type":"page","link":"https:\/\/pallarsfustes.com\/es\/politica-de-privacidad\/","title":{"rendered":"Pol\u00edtica de Privacidad"},"content":{"rendered":"[vc_row css=\u00bb.vc_custom_1610528219904{margin-top: 20px !important;margin-bottom: 20px !important;padding-right: 7% !important;padding-left: 7% !important;}\u00bb][vc_column][vc_custom_heading text=\u00bbPOL\u00cdTICA DE PRIVACIDAD\u00bb use_theme_fonts=\u00bbyes\u00bb][\/vc_column][\/vc_row][vc_row css=\u00bb.vc_custom_1610528224868{margin-top: 20px !important;margin-bottom: 20px !important;padding-right: 7% !important;padding-left: 7% !important;}\u00bb][vc_column][vc_custom_heading text=\u00bb1. TITULARIDAD DE LA WEB\u00bb font_container=\u00bbtag:h4|text_align:left\u00bb use_theme_fonts=\u00bbyes\u00bb][vc_column_text css=\u00bb.vc_custom_1610531003298{margin-bottom: 0px !important;}\u00bb]La p\u00e1gina web \u201chttps:\/\/pallarsfustes.com\u201d es titularidad de PALLARS FUSTES, S.L. (en lo sucesivo Pallars), sociedad mercantil con domicilio sito en calle Direcci\u00f3n FISCAL, con NIF: XXXXXXXXX, inscrita en el Registro Mercantil de Barcelona. E-mail de contacto: <a href=\"mailto:comercial@pallarsfustes.com\"><strong>comercial@pallarsfustes.com<\/strong><\/a>[\/vc_column_text][\/vc_column][\/vc_row][vc_row css=\u00bb.vc_custom_1610528229731{margin-top: 20px !important;margin-bottom: 20px !important;padding-right: 7% !important;padding-left: 7% !important;}\u00bb][vc_column][vc_custom_heading text=\u00bb2. ALCANCE DEL AVISO LEGAL\u00bb font_container=\u00bbtag:h4|text_align:left\u00bb use_theme_fonts=\u00bbyes\u00bb][vc_column_text css=\u00bb.vc_custom_1610530030189{margin-bottom: 0px !important;}\u00bb]Este aviso legal establece las condiciones generales que regulan tanto el acceso, como la navegaci\u00f3n, as\u00ed como el uso de los contenidos de la presente web.<\/p>\n<p>La informaci\u00f3n contenida en esta p\u00e1gina web hace referencia a los servicios comercializados por Pallars. Esta informaci\u00f3n s\u00f3lo es a efectos enunciativos y en modo alguno constituye una oferta vinculante que obligue al usuario a contratar los servicios. Pallars se reserva el derecho de modificar la informaci\u00f3n aqu\u00ed contenida cuando lo estime conveniente y sin previo aviso, no siendo responsable de la exactitud, insuficiencia o autenticidad de la informaci\u00f3n suministrada.<\/p>\n<p>A su vez se reserva el derecho a modificar el contenido del presente aviso legal. Por tanto, el Usuario debe leer atentamente el presente Aviso Legal en cada una de las ocasiones en que se proponga utilizar el sitio Web, ya que \u00e9ste y sus condiciones de uso recogidas en el presente<\/p>\n<p>La prestaci\u00f3n del servicio de este sitio Web tiene una duraci\u00f3n limitada al momento en el que el Usuario se encuentre conectado al sitio Web o a alguno de los servicios que a trav\u00e9s del mismo se facilitan.[\/vc_column_text][\/vc_column][\/vc_row][vc_row css=\u00bb.vc_custom_1610528234463{margin-top: 20px !important;margin-bottom: 20px !important;padding-right: 7% !important;padding-left: 7% !important;}\u00bb][vc_column][vc_custom_heading text=\u00bb3. CONDICIONES DEL USO DE LA WEB\u00bb font_container=\u00bbtag:h4|text_align:left\u00bb use_theme_fonts=\u00bbyes\u00bb][vc_column_text css=\u00bb.vc_custom_1610530172692{margin-bottom: 0px !important;}\u00bb]Con el simple acceso, la navegaci\u00f3n o la utilizaci\u00f3n de la p\u00e1gina web, se tiene la condici\u00f3n de usuario. El usuario acepta de forma plena y sin ning\u00fan tipo de reserva las condiciones contenidas en el presente aviso legal.<\/p>\n<p>El usuario se compromete a utilizar el sitio web junto con sus servicios y contenidos, de forma l\u00edcita, de acuerdo con la legislaci\u00f3n vigente, los usos generalmente aceptados, la buena fe y el orden p\u00fablico.<\/p>\n<p>El usuario se compromete a no realizar acciones que puedan causar da\u00f1os a la p\u00e1gina web, inutiliz\u00e1ndola, sobrecarg\u00e1ndola o deterior\u00e1ndola de cualquier manera, o impidiendo a los dem\u00e1s usuarios el libre acceso, utilizaci\u00f3n o disfrute de la p\u00e1gina web.[\/vc_column_text][\/vc_column][\/vc_row][vc_row css=\u00bb.vc_custom_1610528257951{margin-top: 20px !important;margin-bottom: 20px !important;padding-right: 7% !important;padding-left: 7% !important;}\u00bb][vc_column][vc_custom_heading text=\u00bb4. PROPIEDAD INTELECTUAL Y USO DE CONTENIDOS\u00bb font_container=\u00bbtag:h4|text_align:left\u00bb use_theme_fonts=\u00bbyes\u00bb][vc_column_text css=\u00bb.vc_custom_1610530201928{margin-bottom: 0px !important;}\u00bb]Pallars es titular de los derechos de propiedad intelectual e industrial de esta p\u00e1gina web y de todos sus contenidos (a t\u00edtulo meramente enunciativo: textos, fotograf\u00edas y dem\u00e1s contenidos audiovisuales, software, dise\u00f1o gr\u00e1fico, etc.) o cuenta con la correspondiente licencia o autorizaci\u00f3n para su uso. El acceso a la navegaci\u00f3n por y el uso de este sitio web por parte del usuario no implican en ning\u00fan caso renuncia, transmisi\u00f3n, licencia ni cesi\u00f3n total o parcial de aqu\u00e9llos.<\/p>\n<p>Queda prohibido reproducir, modificar, reutilizar, explotar, comunicar p\u00fablicamente, cargar archivos, enviar por correo, transmitir, usar, tratar o distribuir de cualquier forma la totalidad o parte de los contenidos incluidos en esta p\u00e1gina web para prop\u00f3sitos p\u00fablicos o comerciales, si no se cuenta con la autorizaci\u00f3n expresa y por escrito de Pallars. El logotipo \u201cPALLARS\u201d es una marca registrada propiedad de Pallars. Queda totalmente prohibida su reproducci\u00f3n o uso sin la autorizaci\u00f3n por escrito de su titular.[\/vc_column_text][\/vc_column][\/vc_row][vc_row css=\u00bb.vc_custom_1610528257951{margin-top: 20px !important;margin-bottom: 20px !important;padding-right: 7% !important;padding-left: 7% !important;}\u00bb][vc_column][vc_custom_heading text=\u00bb5. LINKS\u00bb font_container=\u00bbtag:h4|text_align:left\u00bb use_theme_fonts=\u00bbyes\u00bb][vc_column_text css=\u00bb.vc_custom_1610530600040{margin-bottom: 0px !important;}\u00bb]\n<h6>5.1. 5.1. ENLACES A OTRAS P\u00c1GINAS WEB EXTERNAS<\/h6>\n<p>Pallars rechaza toda responsabilidad sobre toda informaci\u00f3n presente en la World Wide Web no elaborada por Pallars o no publicada bajo su nombre. La p\u00e1gina web puede contener enlaces de hipertexto hacia otras p\u00e1ginas de la World Wide Web que son completamente independientes de esta p\u00e1gina web. Pallars no responder\u00e1 o garantizar\u00e1, en modo alguno, la exactitud, insuficiencia o autenticidad de la informaci\u00f3n suministrada por cualquier persona o entidad, f\u00edsica o jur\u00eddica, con o sin personalidad jur\u00eddica propia, a trav\u00e9s de dichos enlaces de hipertexto.<\/p>\n<h6>5.2. 5.2. ENLACES EXTERNOS CON DESTINO A LAS P\u00c1GINAS WEB DE PALLARS<\/h6>\n<p>Si cualquier otro sitio web, usuario o entidad, deseara establecer un link con destino a \u201cpallarsfustes.com\u201d, este enlace deber\u00e1 someterse a las condiciones que a continuaci\u00f3n se detallan:<\/p>\n<ol>\n<li>El link ir\u00e1 dirigido a la p\u00e1gina principal o a cualquiera de sus secciones. El link, en cualquier caso debe ser absoluto y completo llevando al usuario con un solo clic a la URL de la p\u00e1gina principal o a la URL de cualquiera de sus secciones. El link deber\u00e1 abarcar toda la extensi\u00f3n de pantalla del portal de \u201cpallarsfustes.com\u201c<\/li>\n<li>En ning\u00fan caso, salvo expresa autorizaci\u00f3n por escrito por parte de Pallars, el sitio web que establece el enlace podr\u00e1 reproducir de cualquier manera \u201cpallarsfustes.com\u201c, incluy\u00e9ndolo como parte integrante de su web, utilizando marcos, redireccionamientos o cualquier otra medida que suponga ocultar el origen de la informaci\u00f3n.<\/li>\n<li>No se autoriza el establecimiento de links a \u201cpallarsfustes.com\u201c, desde sitios web que contengan contenidos il\u00edcitos, ilegales, degradantes u obscenos, contraviniendo la moral o el orden p\u00fablico.<\/li>\n<\/ol>\n<p>El servicio de acceso al sitio Web incluye dispositivos t\u00e9cnicos de enlace, directorios e incluso instrumentos de b\u00fasqueda que permiten al Usuario acceder a otras p\u00e1ginas y portales de Internet (en adelante, \u2018Sitios Enlazados\u2019). En estos casos, Pallars act\u00faa como prestador de servicios de intermediaci\u00f3n de conformidad con el art\u00edculo 17 de la LSSI-CE y s\u00f3lo ser\u00e1 responsable de los contenidos y servicios suministrados en los Sitios Enlazados en la medida en que tenga conocimiento efectivo de la ilicitud y no haya desactivado el enlace con la diligencia debida. En el supuesto de que el Usuario considere que existe un Sitio Enlazado con contenidos il\u00edcitos o inadecuados podr\u00e1 comunic\u00e1rselo a Pallars enviando un mensaje a toni@blackstonebarcelona.com, sin que en ning\u00fan caso esta comunicaci\u00f3n conlleve la obligaci\u00f3n de retirar el correspondiente enlace.<\/p>\n<p>En ning\u00fan caso, la existencia de Sitios Enlazados debe presuponer la existencia de acuerdos con los responsables o titulares de los mismos, ni la recomendaci\u00f3n, promoci\u00f3n o identificaci\u00f3n de Pallars con las manifestaciones, contenidos o servicios prove\u00eddos.<\/p>\n<p>Pallars no conoce los contenidos y servicios de los Sitios Enlazados y por tanto no se hace responsable por los da\u00f1os producidos por la ilicitud, calidad, desactualizaci\u00f3n, indisponibilidad, error e inutilidad de los contenidos y\/o servicios de los Sitios Enlazados ni por cualquier otro da\u00f1o que no sea directamente imputable a Pallars.[\/vc_column_text][\/vc_column][\/vc_row][vc_row css=\u00bb.vc_custom_1610528257951{margin-top: 20px !important;margin-bottom: 20px !important;padding-right: 7% !important;padding-left: 7% !important;}\u00bb][vc_column][vc_custom_heading text=\u00bb6. EXCLUSI\u00d3N DE RESPONSABILIDAD\u00bb font_container=\u00bbtag:h4|text_align:left\u00bb use_theme_fonts=\u00bbyes\u00bb][vc_column_text css=\u00bb.vc_custom_1610530728774{margin-bottom: 0px !important;}\u00bb]La responsabilidad en el uso de este Sitio Web corresponde de forma \u00fanica y exclusiva al Usuario.<\/p>\n<p>Pallars no se hace responsable, en ning\u00fan caso, de los da\u00f1os y perjuicios de cualquier naturaleza que pudieran causarse por:<\/p>\n<ol>\n<li>La no disponibilidad, mantenimiento y funcionamiento de el Sitio web o de sus servicios o contenidos, ya que requiere de suministros y servicios de terceros.<\/li>\n<li>Los errores y omisiones en la informaci\u00f3n publicada as\u00ed como la falta de utilidad, adecuaci\u00f3n o validez del sitio web o de sus servicios o contenidos para satisfacer necesidades, actividades o resultados concretos o expectativas de los Usuarios.<\/li>\n<\/ol>\n<p>El acceso al Portal no implica la obligaci\u00f3n por parte de Pallars de controlar la ausencia de virus o cualquier otro elemento inform\u00e1tico da\u00f1ino. Corresponde al Usuario, en todo caso, la disponibilidad de herramientas adecuadas para la detecci\u00f3n y desinfecci\u00f3n de programas inform\u00e1ticos da\u00f1inos. Pallars no se responsabiliza de los da\u00f1os producidos en los equipos inform\u00e1ticos de los Usuarios o de terceros durante el uso del sitio WEB.[\/vc_column_text][\/vc_column][\/vc_row][vc_row css=\u00bb.vc_custom_1610528257951{margin-top: 20px !important;margin-bottom: 20px !important;padding-right: 7% !important;padding-left: 7% !important;}\u00bb][vc_column][vc_custom_heading text=\u00bb7. LEGISLACI\u00d3N\u00bb font_container=\u00bbtag:h4|text_align:left\u00bb use_theme_fonts=\u00bbyes\u00bb][vc_column_text css=\u00bb.vc_custom_1610530855108{margin-bottom: 0px !important;}\u00bb]\n<p class=\"p2\">El presente Aviso Legal se rige en todos y cada uno de sus extremos por la ley espa\u00f1ola.<\/p>\n[\/vc_column_text][\/vc_column][\/vc_row][vc_row css=\u00bb.vc_custom_1610528257951{margin-top: 20px !important;margin-bottom: 20px !important;padding-right: 7% !important;padding-left: 7% !important;}\u00bb][vc_column][\/vc_column][\/vc_row]\n","protected":false},"excerpt":{"rendered":"<p>[vc_row css=\u00bb.vc_custom_1610528219904{margin-top: 20px !important;margin-bottom: 20px !important;padding-right: 7% !important;padding-left: 7% !important;}\u00bb][vc_column][vc_custom_heading text=\u00bbPOL\u00cdTICA DE PRIVACIDAD\u00bb use_theme_fonts=\u00bbyes\u00bb][\/vc_column][\/vc_row][vc_row css=\u00bb.vc_custom_1610528224868{margin-top: 20px !important;margin-bottom: 20px !important;padding-right: 7% !important;padding-left: 7% !important;}\u00bb][vc_column][vc_custom_heading text=\u00bb1. TITULARIDAD DE LA WEB\u00bb font_container=\u00bbtag:h4|text_align:left\u00bb use_theme_fonts=\u00bbyes\u00bb][vc_column_text css=\u00bb.vc_custom_1610531003298{margin-bottom: 0px !important;}\u00bb]La p\u00e1gina web \u201chttps:\/\/pallarsfustes.com\u201d es titularidad de PALLARS FUSTES, S.L. (en lo sucesivo Pallars), sociedad mercantil con domicilio sito en calle Direcci\u00f3n FISCAL, [&hellip;]<\/p>\n","protected":false},"author":5,"featured_media":0,"parent":0,"menu_order":0,"comment_status":"closed","ping_status":"closed","template":"","meta":{"footnotes":""},"class_list":["post-4520","page","type-page","status-publish","hentry"],"yoast_head":"<!-- This site is optimized with the Yoast SEO plugin v26.0 - https:\/\/yoast.com\/wordpress\/plugins\/seo\/ -->\n<title>Pol\u00edtica de Privacidad - Pallars<\/title>\n<meta name=\"robots\" content=\"index, follow, max-snippet:-1, max-image-preview:large, max-video-preview:-1\" \/>\n<link rel=\"canonical\" href=\"https:\/\/pallarsfustes.com\/es\/politica-de-privacidad\/\" \/>\n<meta property=\"og:locale\" content=\"es_ES\" \/>\n<meta property=\"og:type\" content=\"article\" \/>\n<meta property=\"og:title\" content=\"Pol\u00edtica de Privacidad - Pallars\" \/>\n<meta property=\"og:description\" content=\"[vc_row css=\u00bb.vc_custom_1610528219904{margin-top: 20px !important;margin-bottom: 20px !important;padding-right: 7% !important;padding-left: 7% !important;}\u00bb][vc_column][vc_custom_heading text=\u00bbPOL\u00cdTICA DE PRIVACIDAD\u00bb use_theme_fonts=\u00bbyes\u00bb][\/vc_column][\/vc_row][vc_row css=\u00bb.vc_custom_1610528224868{margin-top: 20px !important;margin-bottom: 20px !important;padding-right: 7% !important;padding-left: 7% !important;}\u00bb][vc_column][vc_custom_heading text=\u00bb1. TITULARIDAD DE LA WEB\u00bb font_container=\u00bbtag:h4|text_align:left\u00bb use_theme_fonts=\u00bbyes\u00bb][vc_column_text css=\u00bb.vc_custom_1610531003298{margin-bottom: 0px !important;}\u00bb]La p\u00e1gina web \u201chttps:\/\/pallarsfustes.com\u201d es titularidad de PALLARS FUSTES, S.L. (en lo sucesivo Pallars), sociedad mercantil con domicilio sito en calle Direcci\u00f3n FISCAL, [&hellip;]\" \/>\n<meta property=\"og:url\" content=\"https:\/\/pallarsfustes.com\/es\/politica-de-privacidad\/\" \/>\n<meta property=\"og:site_name\" content=\"Pallars\" \/>\n<meta property=\"article:modified_time\" content=\"2021-04-19T09:24:36+00:00\" \/>\n<meta name=\"twitter:card\" content=\"summary_large_image\" \/>\n<meta name=\"twitter:label1\" content=\"Tiempo de lectura\" \/>\n\t<meta name=\"twitter:data1\" content=\"8 minutos\" \/>\n<script type=\"application\/ld+json\" class=\"yoast-schema-graph\">{\"@context\":\"https:\/\/schema.org\",\"@graph\":[{\"@type\":\"WebPage\",\"@id\":\"https:\/\/pallarsfustes.com\/es\/politica-de-privacidad\/\",\"url\":\"https:\/\/pallarsfustes.com\/es\/politica-de-privacidad\/\",\"name\":\"Pol\u00edtica de Privacidad - Pallars\",\"isPartOf\":{\"@id\":\"https:\/\/pallarsfustes.com\/es\/#website\"},\"datePublished\":\"2021-04-19T09:24:35+00:00\",\"dateModified\":\"2021-04-19T09:24:36+00:00\",\"breadcrumb\":{\"@id\":\"https:\/\/pallarsfustes.com\/es\/politica-de-privacidad\/#breadcrumb\"},\"inLanguage\":\"es\",\"potentialAction\":[{\"@type\":\"ReadAction\",\"target\":[\"https:\/\/pallarsfustes.com\/es\/politica-de-privacidad\/\"]}]},{\"@type\":\"BreadcrumbList\",\"@id\":\"https:\/\/pallarsfustes.com\/es\/politica-de-privacidad\/#breadcrumb\",\"itemListElement\":[{\"@type\":\"ListItem\",\"position\":1,\"name\":\"Home\",\"item\":\"https:\/\/pallarsfustes.com\/es\/\"},{\"@type\":\"ListItem\",\"position\":2,\"name\":\"Pol\u00edtica de Privacidad\"}]},{\"@type\":\"WebSite\",\"@id\":\"https:\/\/pallarsfustes.com\/es\/#website\",\"url\":\"https:\/\/pallarsfustes.com\/es\/\",\"name\":\"Pallars\",\"description\":\"\",\"potentialAction\":[{\"@type\":\"SearchAction\",\"target\":{\"@type\":\"EntryPoint\",\"urlTemplate\":\"https:\/\/pallarsfustes.com\/es\/?s={search_term_string}\"},\"query-input\":{\"@type\":\"PropertyValueSpecification\",\"valueRequired\":true,\"valueName\":\"search_term_string\"}}],\"inLanguage\":\"es\"}]}<\/script>\n<!-- \/ Yoast SEO plugin. -->","yoast_head_json":{"title":"Pol\u00edtica de Privacidad - Pallars","robots":{"index":"index","follow":"follow","max-snippet":"max-snippet:-1","max-image-preview":"max-image-preview:large","max-video-preview":"max-video-preview:-1"},"canonical":"https:\/\/pallarsfustes.com\/es\/politica-de-privacidad\/","og_locale":"es_ES","og_type":"article","og_title":"Pol\u00edtica de Privacidad - Pallars","og_description":"[vc_row css=\u00bb.vc_custom_1610528219904{margin-top: 20px !important;margin-bottom: 20px !important;padding-right: 7% !important;padding-left: 7% !important;}\u00bb][vc_column][vc_custom_heading text=\u00bbPOL\u00cdTICA DE PRIVACIDAD\u00bb use_theme_fonts=\u00bbyes\u00bb][\/vc_column][\/vc_row][vc_row css=\u00bb.vc_custom_1610528224868{margin-top: 20px !important;margin-bottom: 20px !important;padding-right: 7% !important;padding-left: 7% !important;}\u00bb][vc_column][vc_custom_heading text=\u00bb1. TITULARIDAD DE LA WEB\u00bb font_container=\u00bbtag:h4|text_align:left\u00bb use_theme_fonts=\u00bbyes\u00bb][vc_column_text css=\u00bb.vc_custom_1610531003298{margin-bottom: 0px !important;}\u00bb]La p\u00e1gina web \u201chttps:\/\/pallarsfustes.com\u201d es titularidad de PALLARS FUSTES, S.L. (en lo sucesivo Pallars), sociedad mercantil con domicilio sito en calle Direcci\u00f3n FISCAL, [&hellip;]","og_url":"https:\/\/pallarsfustes.com\/es\/politica-de-privacidad\/","og_site_name":"Pallars","article_modified_time":"2021-04-19T09:24:36+00:00","twitter_card":"summary_large_image","twitter_misc":{"Tiempo de lectura":"8 minutos"},"schema":{"@context":"https:\/\/schema.org","@graph":[{"@type":"WebPage","@id":"https:\/\/pallarsfustes.com\/es\/politica-de-privacidad\/","url":"https:\/\/pallarsfustes.com\/es\/politica-de-privacidad\/","name":"Pol\u00edtica de Privacidad - Pallars","isPartOf":{"@id":"https:\/\/pallarsfustes.com\/es\/#website"},"datePublished":"2021-04-19T09:24:35+00:00","dateModified":"2021-04-19T09:24:36+00:00","breadcrumb":{"@id":"https:\/\/pallarsfustes.com\/es\/politica-de-privacidad\/#breadcrumb"},"inLanguage":"es","potentialAction":[{"@type":"ReadAction","target":["https:\/\/pallarsfustes.com\/es\/politica-de-privacidad\/"]}]},{"@type":"BreadcrumbList","@id":"https:\/\/pallarsfustes.com\/es\/politica-de-privacidad\/#breadcrumb","itemListElement":[{"@type":"ListItem","position":1,"name":"Home","item":"https:\/\/pallarsfustes.com\/es\/"},{"@type":"ListItem","position":2,"name":"Pol\u00edtica de Privacidad"}]},{"@type":"WebSite","@id":"https:\/\/pallarsfustes.com\/es\/#website","url":"https:\/\/pallarsfustes.com\/es\/","name":"Pallars","description":"","potentialAction":[{"@type":"SearchAction","target":{"@type":"EntryPoint","urlTemplate":"https:\/\/pallarsfustes.com\/es\/?s={search_term_string}"},"query-input":{"@type":"PropertyValueSpecification","valueRequired":true,"valueName":"search_term_string"}}],"inLanguage":"es"}]}},"_links":{"self":[{"href":"https:\/\/pallarsfustes.com\/es\/wp-json\/wp\/v2\/pages\/4520","targetHints":{"allow":["GET"]}}],"collection":[{"href":"https:\/\/pallarsfustes.com\/es\/wp-json\/wp\/v2\/pages"}],"about":[{"href":"https:\/\/pallarsfustes.com\/es\/wp-json\/wp\/v2\/types\/page"}],"author":[{"embeddable":true,"href":"https:\/\/pallarsfustes.com\/es\/wp-json\/wp\/v2\/users\/5"}],"replies":[{"embeddable":true,"href":"https:\/\/pallarsfustes.com\/es\/wp-json\/wp\/v2\/comments?post=4520"}],"version-history":[{"count":2,"href":"https:\/\/pallarsfustes.com\/es\/wp-json\/wp\/v2\/pages\/4520\/revisions"}],"predecessor-version":[{"id":4522,"href":"https:\/\/pallarsfustes.com\/es\/wp-json\/wp\/v2\/pages\/4520\/revisions\/4522"}],"wp:attachment":[{"href":"https:\/\/pallarsfustes.com\/es\/wp-json\/wp\/v2\/media?parent=4520"}],"curies":[{"name":"wp","href":"https:\/\/api.w.org\/{rel}","templated":true}]}}