{"id":4514,"date":"2021-04-19T09:17:00","date_gmt":"2021-04-19T09:17:00","guid":{"rendered":"https:\/\/niunapalabraanadie.com\/pallarsfustes\/pergola-de-recarga-para-coches-eco-sostenible-con-placas-solares-y-madera\/"},"modified":"2024-11-15T08:57:23","modified_gmt":"2024-11-15T08:57:23","slug":"pergola-recarga-coches-sostenible-placas-solares-madera","status":"publish","type":"page","link":"https:\/\/pallarsfustes.com\/es\/pergola-recarga-coches-sostenible-placas-solares-madera\/","title":{"rendered":"P\u00e9rgola de recarga para coches eco-sostenible con placas solares y madera"},"content":{"rendered":"[mk_page_section bg_image=\u00bbhttps:\/\/pallarsfustes.com\/wp-content\/uploads\/2020\/04\/pergola-eco-1.jpg\u00bb bg_position=\u00bbcenter bottom\u00bb bg_stretch=\u00bbtrue\u00bb enable_3d=\u00bbtrue\u00bb video_color_mask=\u00bb#000000&#8243; padding_top=\u00bb175&#8243; padding_bottom=\u00bb175&#8243; sidebar=\u00bbsidebar-1&#8243;][vc_column][vc_custom_heading text=\u00bbP\u00e9rgola de recarga eco-sostenible para coches el\u00e9ctricos\u00bb font_container=\u00bbtag:h2|text_align:center|color:%23ffffff\u00bb use_theme_fonts=\u00bbyes\u00bb][\/vc_column][\/mk_page_section][vc_row][vc_column][vc_empty_space height=\u00bb70px\u00bb][vc_custom_heading text=\u00bbPallars, arquitectura con madera\u00bb font_container=\u00bbtag:h5|text_align:center\u00bb use_theme_fonts=\u00bbyes\u00bb][vc_column_text css=\u00bb.vc_custom_1589381710312{margin-bottom: 0px !important;}\u00bb]\n<p class=\"p1\">Pallars es una empresa familiar, joven y emprendedora, con m\u00e1s de 20 a\u00f1os de experiencia en el sector de la madera. Empezamos en el Pirineo de L\u00e9rida en medio de un paraje natural de bosques y monta\u00f1as, conscientes de la sostenibilidad del medio que envuelve y con un fuerte arraigo a esta tierra.<\/p>\n<p class=\"p1\">Nuestra actividad est\u00e1 basada en la ingenier\u00eda, fabricaci\u00f3n y montaje de todo tipo de estructuras y casas de madera alcanzando una calidad en el producto final, un servicio r\u00e1pido y preciso, con la m\u00e1xima seriedad y cumplimiento.<\/p>\n[\/vc_column_text][vc_empty_space height=\u00bb50px\u00bb][\/vc_column][\/vc_row][vc_row][vc_column][vc_empty_space height=\u00bb70px\u00bb][vc_custom_heading text=\u00bbDesde Pallars Fustes te ofrecemos un producto exclusivo, especialmente pensado para ti y tus necesidades, un producto ecol\u00f3gico que cubre las necesidades de recarga de los coches el\u00e9ctricos actuales de una manera mucho m\u00e1s econ\u00f3mica, con placas solares y madera.\u00bb font_container=\u00bbtag:h5|text_align:center\u00bb use_theme_fonts=\u00bbyes\u00bb][vc_column_text css=\u00bb.vc_custom_1589381756113{margin-bottom: 0px !important;}\u00bb]\n<h6>La p\u00e9rgola con madera Eco-Sostenible, incluye:<\/h6>\n<ul>\n<li>Una estructura de dise\u00f1o con tu estilo deseado incorporando la madera como <strong>material noble y ecol\u00f3gico por excelencia.<\/strong><\/li>\n<li>Punto de recarga v\u00eda Web, <strong>comodidad de gesti\u00f3n online.<\/strong><\/li>\n<li>Producci\u00f3n para <strong>toda la vida de energ\u00eda el\u00e9ctrica.<\/strong><\/li>\n<li>La utilizaci\u00f3n de la madera como material ecol\u00f3gico, natural y transpirable junto con la energ\u00eda solar, nos permite crear una sinergia perfecta para la <strong>disminuci\u00f3n del efecto invernadero<\/strong> consiguiendo un mundo m\u00e1s ecol\u00f3gico, limpio y sano.<\/li>\n<\/ul>\n<h6><strong>Nuestra P\u00e9rgola con madera, Eco-sostenible<\/strong> nace de la necesidad de integrar la sostenibilidad en nuestro propio d\u00eda a d\u00eda y poder hacer realidad la capacidad el\u00e9ctrica, como fuente de energ\u00eda cien por cien renovable. Todo esto conjuntamente con:<\/h6>\n<ul>\n<li>Una estructura de madera <strong>dise\u00f1ada seg\u00fan la normativa vigente como parking<\/strong> de hasta dos autom\u00f3viles de gran tama\u00f1o.<\/li>\n<li>Estructura de <strong>pilares paralelos para poder modificar la orientaci\u00f3n<\/strong> dependiendo de la cara sur del lugar donde se ubicar\u00e1. Los paneles siempre orientados a cara sur para lograr una m\u00e1xima eficiencia del conjunto solar.<\/li>\n<li><strong>Estructura reforzada<\/strong> para poder soportar inclemencias meteorol\u00f3gicas.<\/li>\n<li>Estructura de <strong>madera autoprotegida<\/strong> mediante grandes voladizos en el conjunto solar.<\/li>\n<li>Estructura de madera protegida con lasures de nueva generaci\u00f3n que dan la <strong>opci\u00f3n de pigmentar con cualquier color<\/strong> de la gama de los est\u00e1ndares m\u00e1s usuales.<\/li>\n<li>Estructura de paneles solares que hacen de <strong>cobertura y cobijo para los autom\u00f3viles.<\/strong><\/li>\n<li>Formaci\u00f3n mediante 18 paneles solares que dan una potencia el\u00e9ctrica de <strong>6 kWh<\/strong> a red directamente para el autoconsumo. Esta energ\u00eda da su pico m\u00e1s alto a la hora de m\u00e1xima radiaci\u00f3n solar. Esta es una energ\u00eda limpia, generada por el sol, que nos aporta a nuestro hogar esta energ\u00eda para el autoconsumo. Unos 8100 kWh generados anualmente y para toda vida.<\/li>\n<li><strong>Incorporaci\u00f3n de un cargador de nueva generaci\u00f3n para la posibilidad de carga de dos veh\u00edculos el\u00e9ctricos<\/strong> con paralelo. Nuestra empresa recomienda disponer de 63A con trif\u00e1sica, para poder conseguir la carga m\u00e1xima permitida para coches el\u00e9ctricos Tesla o similares, que ser\u00edan unos 42 kWh de potencia, con carga trif\u00e1sica, con una conexi\u00f3n Mennekes Tipo 2. Si tenemos dos autom\u00f3viles cargando simult\u00e1neamente, la potencia ser\u00e1 de 22 kWh por veh\u00edculo. Siempre se descontar\u00eda de estos datos, la electricidad generada por el conjunto solar.<\/li>\n<li>El cargador dispone de un <strong>sistema de localizaci\u00f3n Web como punto de recarga de veh\u00edculos el\u00e9ctricos<\/strong>, facturaci\u00f3n directamente a propietario de la carga e informaci\u00f3n del estado de disponibilidad al momento, v\u00eda online.<\/li>\n<\/ul>\n[\/vc_column_text][vc_empty_space height=\u00bb50px\u00bb][mk_gallery images=\u00bb1257,1258,1259&#8243; height=\u00bb300&#8243;][\/vc_column][\/vc_row][vc_row][vc_column][vc_empty_space height=\u00bb100px\u00bb][mk_contact_form title=\u00bb\u00bfTe interesa?\u00bb email=\u00bbcomercial@pallarsfustes.com\u00bb][\/vc_column][\/vc_row]\n","protected":false},"excerpt":{"rendered":"<p>[mk_page_section bg_image=\u00bbhttps:\/\/pallarsfustes.com\/wp-content\/uploads\/2020\/04\/pergola-eco-1.jpg\u00bb bg_position=\u00bbcenter bottom\u00bb bg_stretch=\u00bbtrue\u00bb enable_3d=\u00bbtrue\u00bb video_color_mask=\u00bb#000000&#8243; padding_top=\u00bb175&#8243; padding_bottom=\u00bb175&#8243; sidebar=\u00bbsidebar-1&#8243;][vc_column][vc_custom_heading text=\u00bbP\u00e9rgola de recarga eco-sostenible para coches el\u00e9ctricos\u00bb font_container=\u00bbtag:h2|text_align:center|color:%23ffffff\u00bb use_theme_fonts=\u00bbyes\u00bb][\/vc_column][\/mk_page_section][vc_row][vc_column][vc_empty_space height=\u00bb70px\u00bb][vc_custom_heading text=\u00bbPallars, arquitectura con madera\u00bb font_container=\u00bbtag:h5|text_align:center\u00bb use_theme_fonts=\u00bbyes\u00bb][vc_column_text css=\u00bb.vc_custom_1589381710312{margin-bottom: 0px !important;}\u00bb] Pallars es una empresa familiar, joven y emprendedora, con m\u00e1s de 20 a\u00f1os de experiencia en el sector de la madera. Empezamos en el Pirineo de [&hellip;]<\/p>\n","protected":false},"author":8,"featured_media":0,"parent":0,"menu_order":0,"comment_status":"closed","ping_status":"closed","template":"","meta":{"footnotes":""},"class_list":["post-4514","page","type-page","status-publish","hentry"],"yoast_head":"<!-- This site is optimized with the Yoast SEO plugin v26.0 - https:\/\/yoast.com\/wordpress\/plugins\/seo\/ -->\n<title>P\u00e9rgola de recarga eco-sostenible para coches el\u00e9ctricos<\/title>\n<meta name=\"description\" content=\"Descubre el futuro de las cenador de recarga eco-sostenible para coches el\u00e9ctricos recarga para coches el\u00e9ctricos con Pallars Maderas.\" \/>\n<meta name=\"robots\" content=\"index, follow, max-snippet:-1, max-image-preview:large, max-video-preview:-1\" \/>\n<link rel=\"canonical\" href=\"https:\/\/pallarsfustes.com\/es\/pergola-recarga-coches-sostenible-placas-solares-madera\/\" \/>\n<meta property=\"og:locale\" content=\"es_ES\" \/>\n<meta property=\"og:type\" content=\"article\" \/>\n<meta property=\"og:title\" content=\"P\u00e9rgola de recarga eco-sostenible para coches el\u00e9ctricos\" \/>\n<meta property=\"og:description\" content=\"Descubre el futuro de las cenador de recarga eco-sostenible para coches el\u00e9ctricos recarga para coches el\u00e9ctricos con Pallars Maderas.\" \/>\n<meta property=\"og:url\" content=\"https:\/\/pallarsfustes.com\/es\/pergola-recarga-coches-sostenible-placas-solares-madera\/\" \/>\n<meta property=\"og:site_name\" content=\"Pallars\" \/>\n<meta property=\"article:modified_time\" content=\"2024-11-15T08:57:23+00:00\" \/>\n<meta name=\"twitter:card\" content=\"summary_large_image\" \/>\n<meta name=\"twitter:label1\" content=\"Tiempo de lectura\" \/>\n\t<meta name=\"twitter:data1\" content=\"4 minutos\" \/>\n<script type=\"application\/ld+json\" class=\"yoast-schema-graph\">{\"@context\":\"https:\/\/schema.org\",\"@graph\":[{\"@type\":\"WebPage\",\"@id\":\"https:\/\/pallarsfustes.com\/es\/pergola-recarga-coches-sostenible-placas-solares-madera\/\",\"url\":\"https:\/\/pallarsfustes.com\/es\/pergola-recarga-coches-sostenible-placas-solares-madera\/\",\"name\":\"P\u00e9rgola de recarga eco-sostenible para coches el\u00e9ctricos\",\"isPartOf\":{\"@id\":\"https:\/\/pallarsfustes.com\/es\/#website\"},\"datePublished\":\"2021-04-19T09:17:00+00:00\",\"dateModified\":\"2024-11-15T08:57:23+00:00\",\"description\":\"Descubre el futuro de las cenador de recarga eco-sostenible para coches el\u00e9ctricos recarga para coches el\u00e9ctricos con Pallars Maderas.\",\"breadcrumb\":{\"@id\":\"https:\/\/pallarsfustes.com\/es\/pergola-recarga-coches-sostenible-placas-solares-madera\/#breadcrumb\"},\"inLanguage\":\"es\",\"potentialAction\":[{\"@type\":\"ReadAction\",\"target\":[\"https:\/\/pallarsfustes.com\/es\/pergola-recarga-coches-sostenible-placas-solares-madera\/\"]}]},{\"@type\":\"BreadcrumbList\",\"@id\":\"https:\/\/pallarsfustes.com\/es\/pergola-recarga-coches-sostenible-placas-solares-madera\/#breadcrumb\",\"itemListElement\":[{\"@type\":\"ListItem\",\"position\":1,\"name\":\"Home\",\"item\":\"https:\/\/pallarsfustes.com\/es\/\"},{\"@type\":\"ListItem\",\"position\":2,\"name\":\"P\u00e9rgola de recarga para coches eco-sostenible con placas solares y madera\"}]},{\"@type\":\"WebSite\",\"@id\":\"https:\/\/pallarsfustes.com\/es\/#website\",\"url\":\"https:\/\/pallarsfustes.com\/es\/\",\"name\":\"Pallars\",\"description\":\"\",\"potentialAction\":[{\"@type\":\"SearchAction\",\"target\":{\"@type\":\"EntryPoint\",\"urlTemplate\":\"https:\/\/pallarsfustes.com\/es\/?s={search_term_string}\"},\"query-input\":{\"@type\":\"PropertyValueSpecification\",\"valueRequired\":true,\"valueName\":\"search_term_string\"}}],\"inLanguage\":\"es\"}]}<\/script>\n<!-- \/ Yoast SEO plugin. -->","yoast_head_json":{"title":"P\u00e9rgola de recarga eco-sostenible para coches el\u00e9ctricos","description":"Descubre el futuro de las cenador de recarga eco-sostenible para coches el\u00e9ctricos recarga para coches el\u00e9ctricos con Pallars Maderas.","robots":{"index":"index","follow":"follow","max-snippet":"max-snippet:-1","max-image-preview":"max-image-preview:large","max-video-preview":"max-video-preview:-1"},"canonical":"https:\/\/pallarsfustes.com\/es\/pergola-recarga-coches-sostenible-placas-solares-madera\/","og_locale":"es_ES","og_type":"article","og_title":"P\u00e9rgola de recarga eco-sostenible para coches el\u00e9ctricos","og_description":"Descubre el futuro de las cenador de recarga eco-sostenible para coches el\u00e9ctricos recarga para coches el\u00e9ctricos con Pallars Maderas.","og_url":"https:\/\/pallarsfustes.com\/es\/pergola-recarga-coches-sostenible-placas-solares-madera\/","og_site_name":"Pallars","article_modified_time":"2024-11-15T08:57:23+00:00","twitter_card":"summary_large_image","twitter_misc":{"Tiempo de lectura":"4 minutos"},"schema":{"@context":"https:\/\/schema.org","@graph":[{"@type":"WebPage","@id":"https:\/\/pallarsfustes.com\/es\/pergola-recarga-coches-sostenible-placas-solares-madera\/","url":"https:\/\/pallarsfustes.com\/es\/pergola-recarga-coches-sostenible-placas-solares-madera\/","name":"P\u00e9rgola de recarga eco-sostenible para coches el\u00e9ctricos","isPartOf":{"@id":"https:\/\/pallarsfustes.com\/es\/#website"},"datePublished":"2021-04-19T09:17:00+00:00","dateModified":"2024-11-15T08:57:23+00:00","description":"Descubre el futuro de las cenador de recarga eco-sostenible para coches el\u00e9ctricos recarga para coches el\u00e9ctricos con Pallars Maderas.","breadcrumb":{"@id":"https:\/\/pallarsfustes.com\/es\/pergola-recarga-coches-sostenible-placas-solares-madera\/#breadcrumb"},"inLanguage":"es","potentialAction":[{"@type":"ReadAction","target":["https:\/\/pallarsfustes.com\/es\/pergola-recarga-coches-sostenible-placas-solares-madera\/"]}]},{"@type":"BreadcrumbList","@id":"https:\/\/pallarsfustes.com\/es\/pergola-recarga-coches-sostenible-placas-solares-madera\/#breadcrumb","itemListElement":[{"@type":"ListItem","position":1,"name":"Home","item":"https:\/\/pallarsfustes.com\/es\/"},{"@type":"ListItem","position":2,"name":"P\u00e9rgola de recarga para coches eco-sostenible con placas solares y madera"}]},{"@type":"WebSite","@id":"https:\/\/pallarsfustes.com\/es\/#website","url":"https:\/\/pallarsfustes.com\/es\/","name":"Pallars","description":"","potentialAction":[{"@type":"SearchAction","target":{"@type":"EntryPoint","urlTemplate":"https:\/\/pallarsfustes.com\/es\/?s={search_term_string}"},"query-input":{"@type":"PropertyValueSpecification","valueRequired":true,"valueName":"search_term_string"}}],"inLanguage":"es"}]}},"_links":{"self":[{"href":"https:\/\/pallarsfustes.com\/es\/wp-json\/wp\/v2\/pages\/4514","targetHints":{"allow":["GET"]}}],"collection":[{"href":"https:\/\/pallarsfustes.com\/es\/wp-json\/wp\/v2\/pages"}],"about":[{"href":"https:\/\/pallarsfustes.com\/es\/wp-json\/wp\/v2\/types\/page"}],"author":[{"embeddable":true,"href":"https:\/\/pallarsfustes.com\/es\/wp-json\/wp\/v2\/users\/8"}],"replies":[{"embeddable":true,"href":"https:\/\/pallarsfustes.com\/es\/wp-json\/wp\/v2\/comments?post=4514"}],"version-history":[{"count":7,"href":"https:\/\/pallarsfustes.com\/es\/wp-json\/wp\/v2\/pages\/4514\/revisions"}],"predecessor-version":[{"id":11179,"href":"https:\/\/pallarsfustes.com\/es\/wp-json\/wp\/v2\/pages\/4514\/revisions\/11179"}],"wp:attachment":[{"href":"https:\/\/pallarsfustes.com\/es\/wp-json\/wp\/v2\/media?parent=4514"}],"curies":[{"name":"wp","href":"https:\/\/api.w.org\/{rel}","templated":true}]}}