{"id":4503,"date":"2021-04-19T09:07:50","date_gmt":"2021-04-19T09:07:50","guid":{"rendered":"https:\/\/niunapalabraanadie.com\/pallarsfustes\/instalaciones\/"},"modified":"2024-12-05T09:08:46","modified_gmt":"2024-12-05T09:08:46","slug":"instalaciones-madera","status":"publish","type":"page","link":"https:\/\/pallarsfustes.com\/es\/instalaciones-madera\/","title":{"rendered":"Ampliaciones con madera"},"content":{"rendered":"[mk_page_section bg_image=\u00bbhttps:\/\/pallarsfustes.com\/wp-content\/uploads\/2019\/03\/instalaciones-12.jpg\u00bb bg_position=\u00bbcenter center\u00bb bg_stretch=\u00bbtrue\u00bb enable_3d=\u00bbtrue\u00bb video_color_mask=\u00bb#000000&#8243; padding_top=\u00bb150&#8243; padding_bottom=\u00bb150&#8243; sidebar=\u00bbsidebar-1&#8243;][vc_column][vc_custom_heading text=\u00bbAmpliaciones con madera\u00bb font_container=\u00bbtag:h2|text_align:center|color:%23ffffff\u00bb use_theme_fonts=\u00bbyes\u00bb][\/vc_column][\/mk_page_section][vc_row][vc_column][vc_empty_space height=\u00bb70px\u00bb][vc_column_text css=\u00bb.vc_custom_1697800930663{margin-bottom: 0px !important;}\u00bb]\n<p style=\"text-align: center;\">En Pallars Fustes, ya somos tres generaciones dedicadas \u00edntegramente en el mundo de la construcci\u00f3n y proyectos con madera. Estamos formados por un amplio equipo de expertos en instalaciones con madera y a aportar las soluciones a medida en aquellos rincones donde no dir\u00edas nunca que puede ir un complemento en madera. Estudiamos el proyecto, la soluci\u00f3n, fabricamos un modelo exacto de acuerdo con el espacio con todos los requerimientos que quiere la propiedad.  <\/p>\n<p style=\"text-align: center;\">Seguimos un proceso riguroso en todas nuestras instalaciones con madera. Una vez tenemos toda la soluci\u00f3n lista y fabricada entran a formar parte del proceso de fabricaci\u00f3n, nuestros especialistas propios en montaje, que llevar\u00e1n a cabo una puesta en obra \u00f3ptima, con la m\u00e1xima seguridad y la mejor pulcritud. Disponemos de los mejores t\u00e9cnicos en el sector para poder dar a tu estructura de madera, la iluminaci\u00f3n pertinente, la ac\u00fastica que necesitas, la sombrilla pertinente, etc. Todo es posible para dar vida a tu espacio.   <\/p>\n<p style=\"text-align: center;\">Descubre todo el que el equipo de profesionales de Pallars Maderas puede aportar en tus proyectos e instalaciones con madera que quieras realizar.<\/p>\n[\/vc_column_text][vc_empty_space height=\u00bb50px\u00bb][vc_row_inner][vc_column_inner width=\u00bb1\/2&#8243;][vc_custom_heading text=\u00bbDecoraciones\u00bb font_container=\u00bbtag:h5|text_align:center\u00bb use_theme_fonts=\u00bbyes\u00bb][vc_column_text css=\u00bb.vc_custom_1733232160690{margin-bottom: 0px !important;}\u00bb]\n<p style=\"text-align: center;\">La madera es el material perfecto para aportar calidez y elegancia en cualquier espacio. Desde revestimientos de paredes hasta muebles personalizados, las decoraciones con madera ofrecen versatilidad y un estilo natural que se adapta a cualquier ambiente. Adem\u00e1s, su sostenibilidad y durabilidad la convierten en una opci\u00f3n ideal para crear espacios \u00fanicos con encanto atemporal.  <\/p>\n[\/vc_column_text][vc_images_carousel images=\u00bb11267,11270,11276,11264,11273&#8243; img_size=\u00bbfull\u00bb autoplay=\u00bbyes\u00bb hide_prev_next_buttons=\u00bbyes\u00bb wrap=\u00bbyes\u00bb][\/vc_column_inner][vc_column_inner width=\u00bb1\/2&#8243;][vc_custom_heading text=\u00bbForrados\u00bb font_container=\u00bbtag:h5|text_align:center\u00bb use_theme_fonts=\u00bbyes\u00bb][vc_column_text css=\u00bb.vc_custom_1733232196136{margin-bottom: 0px !important;}\u00bb]\n<p style=\"text-align: center;\">Los forrados con madera son una soluci\u00f3n elegante y funcional para dar calidez y personalidad en cualquier espacio. Ya sea en techos, paredes o fachadas, la madera aporta un toque natural, mejorando el aislamiento t\u00e9rmico y ac\u00fastico. Con una amplia variedad de acabados y tonalidades, los forrados con madera son ideales para crear ambientes acogedores y atemporales.  <\/p>\n[\/vc_column_text][vc_empty_space height=\u00bb20px\u00bb][vc_images_carousel images=\u00bb77,78,561,858&#8243; img_size=\u00bbfull\u00bb autoplay=\u00bbyes\u00bb hide_prev_next_buttons=\u00bbyes\u00bb wrap=\u00bbyes\u00bb][\/vc_column_inner][\/vc_row_inner][vc_empty_space height=\u00bb50px\u00bb][vc_row_inner][vc_column_inner width=\u00bb1\/2&#8243;][vc_custom_heading text=\u00bbAmpliaciones de casas\u00bb font_container=\u00bbtag:h5|text_align:center\u00bb use_theme_fonts=\u00bbyes\u00bb][vc_column_text css=\u00bb.vc_custom_1733301971553{margin-bottom: 0px !important;}\u00bb]\n<p style=\"text-align: center;\">La ampliaci\u00f3n de casas con madera es una soluci\u00f3n pr\u00e1ctica, sostenible y est\u00e9tica para ganar espacio y funcionalidad. La madera permite integrarse f\u00e1cilmente con la estructura existente, ofreciendo rapidez en la construcci\u00f3n y un acabado c\u00e1lido y natural. Adem\u00e1s, destaca por su eficiencia energ\u00e9tica y su bajo impacto ambiental.  <\/p>\n[\/vc_column_text][vc_images_carousel images=\u00bb11288,11285,11291,11279,11261,11282&#8243; img_size=\u00bbfull\u00bb autoplay=\u00bbyes\u00bb hide_prev_next_buttons=\u00bbyes\u00bb wrap=\u00bbyes\u00bb][\/vc_column_inner][vc_column_inner width=\u00bb1\/2&#8243;][vc_custom_heading text=\u00bbCasas de servicios con madera\u00bb font_container=\u00bbtag:h5|text_align:center\u00bb use_theme_fonts=\u00bbyes\u00bb][vc_column_text css=\u00bb.vc_custom_1733242258464{margin-bottom: 0px !important;}\u00bb]\n<p style=\"text-align: center;\">Las casas de servicios con madera son una opci\u00f3n funcional y sostenible para espacios como oficinas, lavabos p\u00fablicos o almacenes. Gracias a las propiedades de la madera, ofrecen aislamiento t\u00e9rmico y ac\u00fastico excelente, manteniendo una integraci\u00f3n arm\u00f3nica con el entorno. Adem\u00e1s, son r\u00e1pidas de construir, personalizables y respetuosas con el medio ambiente.  <\/p>\n[\/vc_column_text][vc_images_carousel images=\u00bb565,952&#8243; img_size=\u00bbfull\u00bb autoplay=\u00bbyes\u00bb hide_prev_next_buttons=\u00bbyes\u00bb wrap=\u00bbyes\u00bb][\/vc_column_inner][\/vc_row_inner][\/vc_column][\/vc_row][vc_row][vc_column][vc_empty_space height=\u00bb50px\u00bb][vc_btn title=\u00bbExpl\u00edcanos tu proyecto\u00bb shape=\u00bbround\u00bb color=\u00bbchino\u00bb size=\u00bblg\u00bb align=\u00bbcenter\u00bb link=\u00bburl:https%3A%2F%2Fapi.leadconnectorhq.com%2Fwidget%2Fsurvey%2F9yjqQASJOobo7Cpovp63|target:%20_blank|\u00bb][vc_empty_space height=\u00bb100px\u00bb][\/vc_column][vc_column][\/vc_column][\/vc_row][vc_row][vc_column][vc_column_text][\/vc_column_text][\/vc_column][\/vc_row][vc_row fullwidth=\u00bbtrue\u00bb fullwidth_content=\u00bbfalse\u00bb css=\u00bb.vc_custom_1553190768314{background-color: #a89985 !important;}\u00bb][vc_column][vc_empty_space height=\u00bb50px\u00bb][vc_custom_heading text=\u00bbALGUNOS PROYECTOS REALIZADOS\u00bb font_container=\u00bbtag:h4|text_align:center|color:%23ffffff\u00bb use_theme_fonts=\u00bbyes\u00bb][vc_separator color=\u00bbcustom\u00bb border_width=\u00bb3&#8243; accent_color=\u00bb#ffffff\u00bb][mk_edge_slider order=\u00bbASC\u00bb full_height=\u00bbfalse\u00bb height=\u00bb400&#8243; skip_arrow=\u00bbfalse\u00bb slides=\u00bb226, 232, 238, 242, 246, 235&#8243;][vc_empty_space height=\u00bb80px\u00bb][\/vc_column][\/vc_row]\n","protected":false},"excerpt":{"rendered":"<p>[mk_page_section bg_image=\u00bbhttps:\/\/pallarsfustes.com\/wp-content\/uploads\/2019\/03\/instalaciones-12.jpg\u00bb bg_position=\u00bbcenter center\u00bb bg_stretch=\u00bbtrue\u00bb enable_3d=\u00bbtrue\u00bb video_color_mask=\u00bb#000000&#8243; padding_top=\u00bb150&#8243; padding_bottom=\u00bb150&#8243; sidebar=\u00bbsidebar-1&#8243;][vc_column][vc_custom_heading text=\u00bbAmpliaciones con madera\u00bb font_container=\u00bbtag:h2|text_align:center|color:%23ffffff\u00bb use_theme_fonts=\u00bbyes\u00bb][\/vc_column][\/mk_page_section][vc_row][vc_column][vc_empty_space height=\u00bb70px\u00bb][vc_column_text css=\u00bb.vc_custom_1697800930663{margin-bottom: 0px !important;}\u00bb] En Pallars Fustes, ya somos tres generaciones dedicadas \u00edntegramente en el mundo de la construcci\u00f3n y proyectos con madera. Estamos formados por un amplio equipo de expertos en instalaciones con madera y a aportar las soluciones [&hellip;]<\/p>\n","protected":false},"author":5,"featured_media":0,"parent":0,"menu_order":0,"comment_status":"closed","ping_status":"closed","template":"","meta":{"footnotes":""},"class_list":["post-4503","page","type-page","status-publish","hentry"],"yoast_head":"<!-- This site is optimized with the Yoast SEO plugin v26.0 - https:\/\/yoast.com\/wordpress\/plugins\/seo\/ -->\n<title>Ampliaciones con madera - Pallars Fustes<\/title>\n<meta name=\"description\" content=\"En Pallars Fustes somos especialistas en todo tipo de instalaciones con madera. Realizamos los proyectos con madera de manera integral.\" \/>\n<meta name=\"robots\" content=\"index, follow, max-snippet:-1, max-image-preview:large, max-video-preview:-1\" \/>\n<link rel=\"canonical\" href=\"https:\/\/pallarsfustes.com\/es\/instalaciones-madera\/\" \/>\n<meta property=\"og:locale\" content=\"es_ES\" \/>\n<meta property=\"og:type\" content=\"article\" \/>\n<meta property=\"og:title\" content=\"Ampliaciones con madera - Pallars Fustes\" \/>\n<meta property=\"og:description\" content=\"En Pallars Fustes somos especialistas en todo tipo de instalaciones con madera. Realizamos los proyectos con madera de manera integral.\" \/>\n<meta property=\"og:url\" content=\"https:\/\/pallarsfustes.com\/es\/instalaciones-madera\/\" \/>\n<meta property=\"og:site_name\" content=\"Pallars\" \/>\n<meta property=\"article:modified_time\" content=\"2024-12-05T09:08:46+00:00\" \/>\n<meta name=\"twitter:card\" content=\"summary_large_image\" \/>\n<meta name=\"twitter:label1\" content=\"Tiempo de lectura\" \/>\n\t<meta name=\"twitter:data1\" content=\"2 minutos\" \/>\n<script type=\"application\/ld+json\" class=\"yoast-schema-graph\">{\"@context\":\"https:\/\/schema.org\",\"@graph\":[{\"@type\":\"WebPage\",\"@id\":\"https:\/\/pallarsfustes.com\/es\/instalaciones-madera\/\",\"url\":\"https:\/\/pallarsfustes.com\/es\/instalaciones-madera\/\",\"name\":\"Ampliaciones con madera - Pallars Fustes\",\"isPartOf\":{\"@id\":\"https:\/\/pallarsfustes.com\/es\/#website\"},\"datePublished\":\"2021-04-19T09:07:50+00:00\",\"dateModified\":\"2024-12-05T09:08:46+00:00\",\"description\":\"En Pallars Fustes somos especialistas en todo tipo de instalaciones con madera. Realizamos los proyectos con madera de manera integral.\",\"breadcrumb\":{\"@id\":\"https:\/\/pallarsfustes.com\/es\/instalaciones-madera\/#breadcrumb\"},\"inLanguage\":\"es\",\"potentialAction\":[{\"@type\":\"ReadAction\",\"target\":[\"https:\/\/pallarsfustes.com\/es\/instalaciones-madera\/\"]}]},{\"@type\":\"BreadcrumbList\",\"@id\":\"https:\/\/pallarsfustes.com\/es\/instalaciones-madera\/#breadcrumb\",\"itemListElement\":[{\"@type\":\"ListItem\",\"position\":1,\"name\":\"Home\",\"item\":\"https:\/\/pallarsfustes.com\/es\/\"},{\"@type\":\"ListItem\",\"position\":2,\"name\":\"Ampliaciones con madera\"}]},{\"@type\":\"WebSite\",\"@id\":\"https:\/\/pallarsfustes.com\/es\/#website\",\"url\":\"https:\/\/pallarsfustes.com\/es\/\",\"name\":\"Pallars\",\"description\":\"\",\"potentialAction\":[{\"@type\":\"SearchAction\",\"target\":{\"@type\":\"EntryPoint\",\"urlTemplate\":\"https:\/\/pallarsfustes.com\/es\/?s={search_term_string}\"},\"query-input\":{\"@type\":\"PropertyValueSpecification\",\"valueRequired\":true,\"valueName\":\"search_term_string\"}}],\"inLanguage\":\"es\"}]}<\/script>\n<!-- \/ Yoast SEO plugin. -->","yoast_head_json":{"title":"Ampliaciones con madera - Pallars Fustes","description":"En Pallars Fustes somos especialistas en todo tipo de instalaciones con madera. Realizamos los proyectos con madera de manera integral.","robots":{"index":"index","follow":"follow","max-snippet":"max-snippet:-1","max-image-preview":"max-image-preview:large","max-video-preview":"max-video-preview:-1"},"canonical":"https:\/\/pallarsfustes.com\/es\/instalaciones-madera\/","og_locale":"es_ES","og_type":"article","og_title":"Ampliaciones con madera - Pallars Fustes","og_description":"En Pallars Fustes somos especialistas en todo tipo de instalaciones con madera. Realizamos los proyectos con madera de manera integral.","og_url":"https:\/\/pallarsfustes.com\/es\/instalaciones-madera\/","og_site_name":"Pallars","article_modified_time":"2024-12-05T09:08:46+00:00","twitter_card":"summary_large_image","twitter_misc":{"Tiempo de lectura":"2 minutos"},"schema":{"@context":"https:\/\/schema.org","@graph":[{"@type":"WebPage","@id":"https:\/\/pallarsfustes.com\/es\/instalaciones-madera\/","url":"https:\/\/pallarsfustes.com\/es\/instalaciones-madera\/","name":"Ampliaciones con madera - Pallars Fustes","isPartOf":{"@id":"https:\/\/pallarsfustes.com\/es\/#website"},"datePublished":"2021-04-19T09:07:50+00:00","dateModified":"2024-12-05T09:08:46+00:00","description":"En Pallars Fustes somos especialistas en todo tipo de instalaciones con madera. Realizamos los proyectos con madera de manera integral.","breadcrumb":{"@id":"https:\/\/pallarsfustes.com\/es\/instalaciones-madera\/#breadcrumb"},"inLanguage":"es","potentialAction":[{"@type":"ReadAction","target":["https:\/\/pallarsfustes.com\/es\/instalaciones-madera\/"]}]},{"@type":"BreadcrumbList","@id":"https:\/\/pallarsfustes.com\/es\/instalaciones-madera\/#breadcrumb","itemListElement":[{"@type":"ListItem","position":1,"name":"Home","item":"https:\/\/pallarsfustes.com\/es\/"},{"@type":"ListItem","position":2,"name":"Ampliaciones con madera"}]},{"@type":"WebSite","@id":"https:\/\/pallarsfustes.com\/es\/#website","url":"https:\/\/pallarsfustes.com\/es\/","name":"Pallars","description":"","potentialAction":[{"@type":"SearchAction","target":{"@type":"EntryPoint","urlTemplate":"https:\/\/pallarsfustes.com\/es\/?s={search_term_string}"},"query-input":{"@type":"PropertyValueSpecification","valueRequired":true,"valueName":"search_term_string"}}],"inLanguage":"es"}]}},"_links":{"self":[{"href":"https:\/\/pallarsfustes.com\/es\/wp-json\/wp\/v2\/pages\/4503","targetHints":{"allow":["GET"]}}],"collection":[{"href":"https:\/\/pallarsfustes.com\/es\/wp-json\/wp\/v2\/pages"}],"about":[{"href":"https:\/\/pallarsfustes.com\/es\/wp-json\/wp\/v2\/types\/page"}],"author":[{"embeddable":true,"href":"https:\/\/pallarsfustes.com\/es\/wp-json\/wp\/v2\/users\/5"}],"replies":[{"embeddable":true,"href":"https:\/\/pallarsfustes.com\/es\/wp-json\/wp\/v2\/comments?post=4503"}],"version-history":[{"count":20,"href":"https:\/\/pallarsfustes.com\/es\/wp-json\/wp\/v2\/pages\/4503\/revisions"}],"predecessor-version":[{"id":11304,"href":"https:\/\/pallarsfustes.com\/es\/wp-json\/wp\/v2\/pages\/4503\/revisions\/11304"}],"wp:attachment":[{"href":"https:\/\/pallarsfustes.com\/es\/wp-json\/wp\/v2\/media?parent=4503"}],"curies":[{"name":"wp","href":"https:\/\/api.w.org\/{rel}","templated":true}]}}