{"id":4478,"date":"2021-04-19T08:24:13","date_gmt":"2021-04-19T08:24:13","guid":{"rendered":"https:\/\/niunapalabraanadie.com\/pallarsfustes\/arquitectura-medianas-estructuras\/"},"modified":"2024-11-15T08:20:45","modified_gmt":"2024-11-15T08:20:45","slug":"arquitectura-madera-medianas-estructuras","status":"publish","type":"page","link":"https:\/\/pallarsfustes.com\/es\/arquitectura-madera-medianas-estructuras\/","title":{"rendered":"Arquitectura Medianas Estructuras"},"content":{"rendered":"[mk_page_section bg_image=\u00bbhttps:\/\/pallarsfustes.com\/wp-content\/uploads\/2019\/04\/arq-estr-medianas-4.jpg\u00bb bg_position=\u00bbcenter bottom\u00bb bg_stretch=\u00bbtrue\u00bb enable_3d=\u00bbtrue\u00bb video_color_mask=\u00bb#000000&#8243; padding_top=\u00bb150&#8243; padding_bottom=\u00bb150&#8243; sidebar=\u00bbsidebar-1&#8243;][vc_column][vc_custom_heading text=\u00bbArquitectura Medias Estructuras con madera\u00bb font_container=\u00bbtag:h2|text_align:center|color:%23ffffff\u00bb use_theme_fonts=\u00bbyes\u00bb][\/vc_column][\/mk_page_section][vc_row][vc_column][vc_empty_space height=\u00bb70px\u00bb][vc_column_text css=\u00bb.vc_custom_1699873706538{margin-bottom: 0px !important;}\u00bb]\n<h4 style=\"text-align: center;\">En Pallars Fustes somos especialistas en arquitectura de medias estructuras con madera<\/h4>\n<p style=\"text-align: center;\">Uno de nuestros puntos fuertes es la fabricaci\u00f3n y montaje de estructuras de media envergadura con madera, como: forjados, cubiertas, cimbras, ampliaciones, forjados mixtos y rehabilitaciones de elementos en madera. Esta diversidad de proyectos refleja nuestra versatilidad y habilidad para adaptarnos a las necesidades espec\u00edficas de cada encargo. <\/p>\n<p style=\"text-align: center;\">Nuestro proceso empieza con una estrecha colaboraci\u00f3n con la direcci\u00f3n facultativa y la propiedad, partiendo de una idea inicial. Mediante una medici\u00f3n real de la obra y nuestro extenso conocimiento acumulado a lo largo de m\u00e1s de tres generaciones, ofrecemos soluciones \u00f3ptimas que, a menudo, mejoran las caracter\u00edsticas del proyecto inicial. Este estudio previo detallado es fundamental para asegurar que nuestra intervenci\u00f3n cumpla con las expectativas y, si es posible, las supere.  <\/p>\n<p style=\"text-align: center;\">Los materiales que utilizamos, incluyendo caracoles, aislamientos t\u00e9rmicos, teles transpirables y tableros, est\u00e1n seleccionados con cuidado para asegurar su idoneidad para cada proyecto espec\u00edfico. Nuestra fabricaci\u00f3n se realiza mediante m\u00e1quinas de control num\u00e9rico, garantizando un riguroso control en cada fase del proceso para asegurar una calidad constante. <\/p>\n<p style=\"text-align: center;\">La fabricaci\u00f3n y realizaci\u00f3n del <a href=\"https:\/\/pallarsfustes.com\/projectes\/\">proyecto<\/a> se realiza y se acompa\u00f1a de m\u00e1quinas de control num\u00e9rico preciso donde realizamos un estricto control en cada uno de los procesos. Una vez realizada toda la fabricaci\u00f3n de los elemento necesarios, inicia el trabajo de nuestro equipo de especialistas propios en colocaci\u00f3n. Estos especialistas realizan la instalaci\u00f3n con precisi\u00f3n, eficiencia y una atenci\u00f3n minuciosa a los detalles, garantizando que el proyecto se materialice con el m\u00e1ximo nivel de calidad y pulcritud.  <\/p>\n<p style=\"text-align: center;\">De este modo, desde Pallars Maderas trabajamos de manera distintiva la arquitectura de medias estructuras con madera, con una gran belleza, funcionales y de calidad propias de una empresa con mes de 20 a\u00f1os de dedicaci\u00f3n a las construcciones con madera.<\/p>\n[\/vc_column_text][vc_empty_space height=\u00bb50px\u00bb][vc_images_carousel images=\u00bb580,55,53,52&#8243; img_size=\u00bbfull\u00bb onclick=\u00bblink_no\u00bb autoplay=\u00bbyes\u00bb wrap=\u00bbyes\u00bb][\/vc_column][\/vc_row][vc_row][vc_column][vc_column_text]\n[\/vc_column_text][\/vc_column][\/vc_row][vc_row][vc_column][vc_empty_space height=\u00bb50px\u00bb][vc_column_text css=\u00bb.vc_custom_1592295389182{margin-bottom: 0px !important;}\u00bb]\n<h5 style=\"text-align: center;\">Para m\u00e1s informaci\u00f3n ll\u00e1manos al <strong>872 029 065<\/strong> o escr\u00edbenos a <a href=\"mailto:comercial@pallarsfustes.com\"><u>comercial@pallarsfustes.com<\/u><\/a><\/h5>\n[\/vc_column_text][vc_empty_space height=\u00bb100px\u00bb][\/vc_column][\/vc_row][vc_row][vc_column][vc_column_text]\n[\/vc_column_text][\/vc_column][\/vc_row][vc_row fullwidth=\u00bbtrue\u00bb fullwidth_content=\u00bbfalse\u00bb css=\u00bb.vc_custom_1553190768314{background-color: #a89985 !important;}\u00bb][vc_column][vc_empty_space height=\u00bb50px\u00bb][vc_custom_heading text=\u00bbALGUNOS PROYECTOS REALIZADOS\u00bb font_container=\u00bbtag:h4|text_align:center|color:%23ffffff\u00bb use_theme_fonts=\u00bbyes\u00bb][vc_separator color=\u00bbcustom\u00bb border_width=\u00bb3&#8243; accent_color=\u00bb#ffffff\u00bb][mk_edge_slider order=\u00bbASC\u00bb full_height=\u00bbfalse\u00bb height=\u00bb400&#8243; skip_arrow=\u00bbfalse\u00bb slides=\u00bb226, 232, 238, 242, 246, 235&#8243;][vc_empty_space height=\u00bb80px\u00bb][\/vc_column][\/vc_row]\n","protected":false},"excerpt":{"rendered":"<p>[mk_page_section bg_image=\u00bbhttps:\/\/pallarsfustes.com\/wp-content\/uploads\/2019\/04\/arq-estr-medianas-4.jpg\u00bb bg_position=\u00bbcenter bottom\u00bb bg_stretch=\u00bbtrue\u00bb enable_3d=\u00bbtrue\u00bb video_color_mask=\u00bb#000000&#8243; padding_top=\u00bb150&#8243; padding_bottom=\u00bb150&#8243; sidebar=\u00bbsidebar-1&#8243;][vc_column][vc_custom_heading text=\u00bbArquitectura Medias Estructuras con madera\u00bb font_container=\u00bbtag:h2|text_align:center|color:%23ffffff\u00bb use_theme_fonts=\u00bbyes\u00bb][\/vc_column][\/mk_page_section][vc_row][vc_column][vc_empty_space height=\u00bb70px\u00bb][vc_column_text css=\u00bb.vc_custom_1699873706538{margin-bottom: 0px !important;}\u00bb] En Pallars Fustes somos especialistas en arquitectura de medias estructuras con madera Uno de nuestros puntos fuertes es la fabricaci\u00f3n y montaje de estructuras de media envergadura con madera, como: forjados, cubiertas, cimbras, ampliaciones, [&hellip;]<\/p>\n","protected":false},"author":5,"featured_media":0,"parent":0,"menu_order":0,"comment_status":"closed","ping_status":"closed","template":"","meta":{"footnotes":""},"class_list":["post-4478","page","type-page","status-publish","hentry"],"yoast_head":"<!-- This site is optimized with the Yoast SEO plugin v26.0 - https:\/\/yoast.com\/wordpress\/plugins\/seo\/ -->\n<title>Arquitectura de Medias Estructuras con Madera - Pallars Maderas<\/title>\n<meta name=\"description\" content=\"Somos especialistas en arquitectura de medias estructuras con madera, su fabricaci\u00f3n y montaje, ampliaciones y rehabilitaci\u00f3n.\" \/>\n<meta name=\"robots\" content=\"index, follow, max-snippet:-1, max-image-preview:large, max-video-preview:-1\" \/>\n<link rel=\"canonical\" href=\"https:\/\/pallarsfustes.com\/es\/arquitectura-madera-medianas-estructuras\/\" \/>\n<meta property=\"og:locale\" content=\"es_ES\" \/>\n<meta property=\"og:type\" content=\"article\" \/>\n<meta property=\"og:title\" content=\"Arquitectura de Medias Estructuras con Madera - Pallars Maderas\" \/>\n<meta property=\"og:description\" content=\"Somos especialistas en arquitectura de medias estructuras con madera, su fabricaci\u00f3n y montaje, ampliaciones y rehabilitaci\u00f3n.\" \/>\n<meta property=\"og:url\" content=\"https:\/\/pallarsfustes.com\/es\/arquitectura-madera-medianas-estructuras\/\" \/>\n<meta property=\"og:site_name\" content=\"Pallars\" \/>\n<meta property=\"article:modified_time\" content=\"2024-11-15T08:20:45+00:00\" \/>\n<meta name=\"twitter:card\" content=\"summary_large_image\" \/>\n<meta name=\"twitter:label1\" content=\"Tiempo de lectura\" \/>\n\t<meta name=\"twitter:data1\" content=\"2 minutos\" \/>\n<script type=\"application\/ld+json\" class=\"yoast-schema-graph\">{\"@context\":\"https:\/\/schema.org\",\"@graph\":[{\"@type\":\"WebPage\",\"@id\":\"https:\/\/pallarsfustes.com\/es\/arquitectura-madera-medianas-estructuras\/\",\"url\":\"https:\/\/pallarsfustes.com\/es\/arquitectura-madera-medianas-estructuras\/\",\"name\":\"Arquitectura de Medias Estructuras con Madera - Pallars Maderas\",\"isPartOf\":{\"@id\":\"https:\/\/pallarsfustes.com\/es\/#website\"},\"datePublished\":\"2021-04-19T08:24:13+00:00\",\"dateModified\":\"2024-11-15T08:20:45+00:00\",\"description\":\"Somos especialistas en arquitectura de medias estructuras con madera, su fabricaci\u00f3n y montaje, ampliaciones y rehabilitaci\u00f3n.\",\"breadcrumb\":{\"@id\":\"https:\/\/pallarsfustes.com\/es\/arquitectura-madera-medianas-estructuras\/#breadcrumb\"},\"inLanguage\":\"es\",\"potentialAction\":[{\"@type\":\"ReadAction\",\"target\":[\"https:\/\/pallarsfustes.com\/es\/arquitectura-madera-medianas-estructuras\/\"]}]},{\"@type\":\"BreadcrumbList\",\"@id\":\"https:\/\/pallarsfustes.com\/es\/arquitectura-madera-medianas-estructuras\/#breadcrumb\",\"itemListElement\":[{\"@type\":\"ListItem\",\"position\":1,\"name\":\"Home\",\"item\":\"https:\/\/pallarsfustes.com\/es\/\"},{\"@type\":\"ListItem\",\"position\":2,\"name\":\"Arquitectura Medianas Estructuras\"}]},{\"@type\":\"WebSite\",\"@id\":\"https:\/\/pallarsfustes.com\/es\/#website\",\"url\":\"https:\/\/pallarsfustes.com\/es\/\",\"name\":\"Pallars\",\"description\":\"\",\"potentialAction\":[{\"@type\":\"SearchAction\",\"target\":{\"@type\":\"EntryPoint\",\"urlTemplate\":\"https:\/\/pallarsfustes.com\/es\/?s={search_term_string}\"},\"query-input\":{\"@type\":\"PropertyValueSpecification\",\"valueRequired\":true,\"valueName\":\"search_term_string\"}}],\"inLanguage\":\"es\"}]}<\/script>\n<!-- \/ Yoast SEO plugin. -->","yoast_head_json":{"title":"Arquitectura de Medias Estructuras con Madera - Pallars Maderas","description":"Somos especialistas en arquitectura de medias estructuras con madera, su fabricaci\u00f3n y montaje, ampliaciones y rehabilitaci\u00f3n.","robots":{"index":"index","follow":"follow","max-snippet":"max-snippet:-1","max-image-preview":"max-image-preview:large","max-video-preview":"max-video-preview:-1"},"canonical":"https:\/\/pallarsfustes.com\/es\/arquitectura-madera-medianas-estructuras\/","og_locale":"es_ES","og_type":"article","og_title":"Arquitectura de Medias Estructuras con Madera - Pallars Maderas","og_description":"Somos especialistas en arquitectura de medias estructuras con madera, su fabricaci\u00f3n y montaje, ampliaciones y rehabilitaci\u00f3n.","og_url":"https:\/\/pallarsfustes.com\/es\/arquitectura-madera-medianas-estructuras\/","og_site_name":"Pallars","article_modified_time":"2024-11-15T08:20:45+00:00","twitter_card":"summary_large_image","twitter_misc":{"Tiempo de lectura":"2 minutos"},"schema":{"@context":"https:\/\/schema.org","@graph":[{"@type":"WebPage","@id":"https:\/\/pallarsfustes.com\/es\/arquitectura-madera-medianas-estructuras\/","url":"https:\/\/pallarsfustes.com\/es\/arquitectura-madera-medianas-estructuras\/","name":"Arquitectura de Medias Estructuras con Madera - Pallars Maderas","isPartOf":{"@id":"https:\/\/pallarsfustes.com\/es\/#website"},"datePublished":"2021-04-19T08:24:13+00:00","dateModified":"2024-11-15T08:20:45+00:00","description":"Somos especialistas en arquitectura de medias estructuras con madera, su fabricaci\u00f3n y montaje, ampliaciones y rehabilitaci\u00f3n.","breadcrumb":{"@id":"https:\/\/pallarsfustes.com\/es\/arquitectura-madera-medianas-estructuras\/#breadcrumb"},"inLanguage":"es","potentialAction":[{"@type":"ReadAction","target":["https:\/\/pallarsfustes.com\/es\/arquitectura-madera-medianas-estructuras\/"]}]},{"@type":"BreadcrumbList","@id":"https:\/\/pallarsfustes.com\/es\/arquitectura-madera-medianas-estructuras\/#breadcrumb","itemListElement":[{"@type":"ListItem","position":1,"name":"Home","item":"https:\/\/pallarsfustes.com\/es\/"},{"@type":"ListItem","position":2,"name":"Arquitectura Medianas Estructuras"}]},{"@type":"WebSite","@id":"https:\/\/pallarsfustes.com\/es\/#website","url":"https:\/\/pallarsfustes.com\/es\/","name":"Pallars","description":"","potentialAction":[{"@type":"SearchAction","target":{"@type":"EntryPoint","urlTemplate":"https:\/\/pallarsfustes.com\/es\/?s={search_term_string}"},"query-input":{"@type":"PropertyValueSpecification","valueRequired":true,"valueName":"search_term_string"}}],"inLanguage":"es"}]}},"_links":{"self":[{"href":"https:\/\/pallarsfustes.com\/es\/wp-json\/wp\/v2\/pages\/4478","targetHints":{"allow":["GET"]}}],"collection":[{"href":"https:\/\/pallarsfustes.com\/es\/wp-json\/wp\/v2\/pages"}],"about":[{"href":"https:\/\/pallarsfustes.com\/es\/wp-json\/wp\/v2\/types\/page"}],"author":[{"embeddable":true,"href":"https:\/\/pallarsfustes.com\/es\/wp-json\/wp\/v2\/users\/5"}],"replies":[{"embeddable":true,"href":"https:\/\/pallarsfustes.com\/es\/wp-json\/wp\/v2\/comments?post=4478"}],"version-history":[{"count":11,"href":"https:\/\/pallarsfustes.com\/es\/wp-json\/wp\/v2\/pages\/4478\/revisions"}],"predecessor-version":[{"id":11164,"href":"https:\/\/pallarsfustes.com\/es\/wp-json\/wp\/v2\/pages\/4478\/revisions\/11164"}],"wp:attachment":[{"href":"https:\/\/pallarsfustes.com\/es\/wp-json\/wp\/v2\/media?parent=4478"}],"curies":[{"name":"wp","href":"https:\/\/api.w.org\/{rel}","templated":true}]}}