{"id":4475,"date":"2019-03-22T08:28:28","date_gmt":"2019-03-22T08:28:28","guid":{"rendered":"https:\/\/niunapalabraanadie.com\/pallarsfustes\/arquitectura-integral\/"},"modified":"2024-11-14T13:49:13","modified_gmt":"2024-11-14T13:49:13","slug":"arquitectura-integral-madera","status":"publish","type":"page","link":"https:\/\/pallarsfustes.com\/es\/arquitectura-integral-madera\/","title":{"rendered":"Arquitectura Integral"},"content":{"rendered":"[mk_page_section vertical_align=\u00bbcenter\u00bb bg_image=\u00bbhttps:\/\/pallarsfustes.com\/wp-content\/uploads\/2019\/04\/home-of-quattro-2.jpg\u00bb bg_position=\u00bbcenter center\u00bb bg_stretch=\u00bbtrue\u00bb enable_3d=\u00bbtrue\u00bb video_color_mask=\u00bb#000000&#8243; padding_top=\u00bb150&#8243; padding_bottom=\u00bb150&#8243; sidebar=\u00bbsidebar-1&#8243;][vc_column][vc_custom_heading text=\u00bbArquitectura Integral\u00bb font_container=\u00bbtag:h1|text_align:center|color:%23ffffff\u00bb use_theme_fonts=\u00bbyes\u00bb][\/vc_column][\/mk_page_section][vc_row][vc_column][vc_empty_space height=\u00bb70px\u00bb][vc_column_text css=\u00bb.vc_custom_1715177927783{margin-bottom: 0px !important;}\u00bb]\n<h2 style=\"text-align: center; font-size: 1.7rem;\"><strong>En Pallars Fustes somos expertos en arquitectura integral con todo tipo de madera<\/strong><\/h2>\n<p style=\"text-align: center;\">Nuestra empresa dise\u00f1a, calcula, fabrica y monta toda clase de proyectos con madera, sea cual sea su envergadura y complejidad.<br \/>\nEl trabajo bien hecho es nuestra pasi\u00f3n, por eso, ofrecemos un amplio abanico de profesionales propios de la madera que hacen posible los proyectos m\u00e1s complejos y dif\u00edciles.<br \/>\nAyudamos a la propiedad y la direcci\u00f3n facultativa a tener un producto terminado con las m\u00e1ximas garant\u00edas, trabajando con los mejores instaladores que aportan una seguridad extra en todas nuestras construcciones y proyectos con madera.<br \/>\nTodo esto se traduce en un menor tiempo de montaje y una mayor calidad en construcci\u00f3n del proyecto, que quedar\u00e1 reflejada en la eficiencia energ\u00e9tica de la casa.   <\/p>\n<h2 style=\"text-align: center; font-size: 1.7rem;\"><strong>Arquitectura integral con el modelo <em>Passive House<\/em><\/strong><\/h2>\n<p style=\"text-align: center;\">Nuestro equipo de profesionales propios trabaja en modelos \u201c<em>Passive House\u201d<\/em> a partir de los cuales podemos asesorar cada cliente de forma totalmente personalizada del tipo de construcci\u00f3n en madera id\u00f3neo para su proyecto, los sistemas de aislamientos adecuados, las orientaciones de la casa, *lossistemas de ACS, calefacci\u00f3n y refrigeraci\u00f3n, para as\u00ed conseguir construcciones con un nulo impacto ambiental (emisiones de CO\u2082 a atm\u00f3sfera nulas) y un bajo consumo energ\u00e9tico.<\/p>\n<h2 style=\"text-align: center; font-size: 1.7rem;\"><strong>Arquitectura sostenible con madera<\/strong><\/h2>\n<p style=\"text-align: center;\">En todos los proyectos de Pallars Fustes de arquitectura integral con madera recordamos que la construcci\u00f3n es la actividad que m\u00e1s afecta el cambio clim\u00e1tico, por eso prestamos especial atenci\u00f3n durante todo el proceso de creaci\u00f3n del proyecto.<\/p>\n[\/vc_column_text][vc_empty_space height=\u00bb50px\u00bb][vc_images_carousel images=\u00bb901,902,904,903,905&#8243; img_size=\u00bbfull\u00bb autoplay=\u00bbyes\u00bb hide_prev_next_buttons=\u00bbyes\u00bb wrap=\u00bbyes\u00bb][\/vc_column][\/vc_row][vc_row][vc_column][vc_column_text]\n[\/vc_column_text][\/vc_column][\/vc_row][vc_row][vc_column][vc_empty_space height=\u00bb50px\u00bb][vc_btn title=\u00bbExpl\u00edcanos tu proyecto\u00bb shape=\u00bbround\u00bb color=\u00bbchino\u00bb size=\u00bblg\u00bb align=\u00bbcenter\u00bb][vc_empty_space height=\u00bb100px\u00bb][\/vc_column][\/vc_row][vc_row][vc_column][vc_column_text]\n[\/vc_column_text][\/vc_column][\/vc_row][vc_row fullwidth=\u00bbtrue\u00bb fullwidth_content=\u00bbfalse\u00bb css=\u00bb.vc_custom_1553190768314{background-color: #a89985 !important;}\u00bb][vc_column][vc_empty_space height=\u00bb50px\u00bb][vc_custom_heading text=\u00bbALGUNOS PROYECTOS REALIZADOS\u00bb font_container=\u00bbtag:h4|text_align:center|color:%23ffffff\u00bb use_theme_fonts=\u00bbyes\u00bb][vc_separator color=\u00bbcustom\u00bb border_width=\u00bb3&#8243; accent_color=\u00bb#ffffff\u00bb][mk_edge_slider order=\u00bbASC\u00bb full_height=\u00bbfalse\u00bb height=\u00bb400&#8243; skip_arrow=\u00bbfalse\u00bb slides=\u00bb226, 232, 238, 242, 246, 235&#8243;][vc_empty_space height=\u00bb80px\u00bb][\/vc_column][\/vc_row]\n","protected":false},"excerpt":{"rendered":"<p>[mk_page_section vertical_align=\u00bbcenter\u00bb bg_image=\u00bbhttps:\/\/pallarsfustes.com\/wp-content\/uploads\/2019\/04\/home-of-quattro-2.jpg\u00bb bg_position=\u00bbcenter center\u00bb bg_stretch=\u00bbtrue\u00bb enable_3d=\u00bbtrue\u00bb video_color_mask=\u00bb#000000&#8243; padding_top=\u00bb150&#8243; padding_bottom=\u00bb150&#8243; sidebar=\u00bbsidebar-1&#8243;][vc_column][vc_custom_heading text=\u00bbArquitectura Integral\u00bb font_container=\u00bbtag:h1|text_align:center|color:%23ffffff\u00bb use_theme_fonts=\u00bbyes\u00bb][\/vc_column][\/mk_page_section][vc_row][vc_column][vc_empty_space height=\u00bb70px\u00bb][vc_column_text css=\u00bb.vc_custom_1715177927783{margin-bottom: 0px !important;}\u00bb] En Pallars Fustes somos expertos en arquitectura integral con todo tipo de madera Nuestra empresa dise\u00f1a, calcula, fabrica y monta toda clase de proyectos con madera, sea cual sea su envergadura y complejidad. El trabajo bien [&hellip;]<\/p>\n","protected":false},"author":5,"featured_media":0,"parent":0,"menu_order":0,"comment_status":"closed","ping_status":"closed","template":"","meta":{"footnotes":""},"class_list":["post-4475","page","type-page","status-publish","hentry"],"yoast_head":"<!-- This site is optimized with the Yoast SEO plugin v26.0 - https:\/\/yoast.com\/wordpress\/plugins\/seo\/ -->\n<title>Arquitectura integral con madera<\/title>\n<meta name=\"description\" content=\"En Pallars Fustes somos expertos en arquitectura integral con madera. Calculamos, fabricamos y montamos toda clase de proyectos con madera.\" \/>\n<meta name=\"robots\" content=\"index, follow, max-snippet:-1, max-image-preview:large, max-video-preview:-1\" \/>\n<link rel=\"canonical\" href=\"https:\/\/pallarsfustes.com\/es\/arquitectura-integral-madera\/\" \/>\n<meta property=\"og:locale\" content=\"es_ES\" \/>\n<meta property=\"og:type\" content=\"article\" \/>\n<meta property=\"og:title\" content=\"Arquitectura integral con madera\" \/>\n<meta property=\"og:description\" content=\"En Pallars Fustes somos expertos en arquitectura integral con madera. Calculamos, fabricamos y montamos toda clase de proyectos con madera.\" \/>\n<meta property=\"og:url\" content=\"https:\/\/pallarsfustes.com\/es\/arquitectura-integral-madera\/\" \/>\n<meta property=\"og:site_name\" content=\"Pallars\" \/>\n<meta property=\"article:modified_time\" content=\"2024-11-14T13:49:13+00:00\" \/>\n<meta name=\"twitter:card\" content=\"summary_large_image\" \/>\n<meta name=\"twitter:label1\" content=\"Tiempo de lectura\" \/>\n\t<meta name=\"twitter:data1\" content=\"2 minutos\" \/>\n<script type=\"application\/ld+json\" class=\"yoast-schema-graph\">{\"@context\":\"https:\/\/schema.org\",\"@graph\":[{\"@type\":\"WebPage\",\"@id\":\"https:\/\/pallarsfustes.com\/es\/arquitectura-integral-madera\/\",\"url\":\"https:\/\/pallarsfustes.com\/es\/arquitectura-integral-madera\/\",\"name\":\"Arquitectura integral con madera\",\"isPartOf\":{\"@id\":\"https:\/\/pallarsfustes.com\/es\/#website\"},\"datePublished\":\"2019-03-22T08:28:28+00:00\",\"dateModified\":\"2024-11-14T13:49:13+00:00\",\"description\":\"En Pallars Fustes somos expertos en arquitectura integral con madera. Calculamos, fabricamos y montamos toda clase de proyectos con madera.\",\"breadcrumb\":{\"@id\":\"https:\/\/pallarsfustes.com\/es\/arquitectura-integral-madera\/#breadcrumb\"},\"inLanguage\":\"es\",\"potentialAction\":[{\"@type\":\"ReadAction\",\"target\":[\"https:\/\/pallarsfustes.com\/es\/arquitectura-integral-madera\/\"]}]},{\"@type\":\"BreadcrumbList\",\"@id\":\"https:\/\/pallarsfustes.com\/es\/arquitectura-integral-madera\/#breadcrumb\",\"itemListElement\":[{\"@type\":\"ListItem\",\"position\":1,\"name\":\"Home\",\"item\":\"https:\/\/pallarsfustes.com\/es\/\"},{\"@type\":\"ListItem\",\"position\":2,\"name\":\"Arquitectura Integral\"}]},{\"@type\":\"WebSite\",\"@id\":\"https:\/\/pallarsfustes.com\/es\/#website\",\"url\":\"https:\/\/pallarsfustes.com\/es\/\",\"name\":\"Pallars\",\"description\":\"\",\"potentialAction\":[{\"@type\":\"SearchAction\",\"target\":{\"@type\":\"EntryPoint\",\"urlTemplate\":\"https:\/\/pallarsfustes.com\/es\/?s={search_term_string}\"},\"query-input\":{\"@type\":\"PropertyValueSpecification\",\"valueRequired\":true,\"valueName\":\"search_term_string\"}}],\"inLanguage\":\"es\"}]}<\/script>\n<!-- \/ Yoast SEO plugin. -->","yoast_head_json":{"title":"Arquitectura integral con madera","description":"En Pallars Fustes somos expertos en arquitectura integral con madera. Calculamos, fabricamos y montamos toda clase de proyectos con madera.","robots":{"index":"index","follow":"follow","max-snippet":"max-snippet:-1","max-image-preview":"max-image-preview:large","max-video-preview":"max-video-preview:-1"},"canonical":"https:\/\/pallarsfustes.com\/es\/arquitectura-integral-madera\/","og_locale":"es_ES","og_type":"article","og_title":"Arquitectura integral con madera","og_description":"En Pallars Fustes somos expertos en arquitectura integral con madera. Calculamos, fabricamos y montamos toda clase de proyectos con madera.","og_url":"https:\/\/pallarsfustes.com\/es\/arquitectura-integral-madera\/","og_site_name":"Pallars","article_modified_time":"2024-11-14T13:49:13+00:00","twitter_card":"summary_large_image","twitter_misc":{"Tiempo de lectura":"2 minutos"},"schema":{"@context":"https:\/\/schema.org","@graph":[{"@type":"WebPage","@id":"https:\/\/pallarsfustes.com\/es\/arquitectura-integral-madera\/","url":"https:\/\/pallarsfustes.com\/es\/arquitectura-integral-madera\/","name":"Arquitectura integral con madera","isPartOf":{"@id":"https:\/\/pallarsfustes.com\/es\/#website"},"datePublished":"2019-03-22T08:28:28+00:00","dateModified":"2024-11-14T13:49:13+00:00","description":"En Pallars Fustes somos expertos en arquitectura integral con madera. Calculamos, fabricamos y montamos toda clase de proyectos con madera.","breadcrumb":{"@id":"https:\/\/pallarsfustes.com\/es\/arquitectura-integral-madera\/#breadcrumb"},"inLanguage":"es","potentialAction":[{"@type":"ReadAction","target":["https:\/\/pallarsfustes.com\/es\/arquitectura-integral-madera\/"]}]},{"@type":"BreadcrumbList","@id":"https:\/\/pallarsfustes.com\/es\/arquitectura-integral-madera\/#breadcrumb","itemListElement":[{"@type":"ListItem","position":1,"name":"Home","item":"https:\/\/pallarsfustes.com\/es\/"},{"@type":"ListItem","position":2,"name":"Arquitectura Integral"}]},{"@type":"WebSite","@id":"https:\/\/pallarsfustes.com\/es\/#website","url":"https:\/\/pallarsfustes.com\/es\/","name":"Pallars","description":"","potentialAction":[{"@type":"SearchAction","target":{"@type":"EntryPoint","urlTemplate":"https:\/\/pallarsfustes.com\/es\/?s={search_term_string}"},"query-input":{"@type":"PropertyValueSpecification","valueRequired":true,"valueName":"search_term_string"}}],"inLanguage":"es"}]}},"_links":{"self":[{"href":"https:\/\/pallarsfustes.com\/es\/wp-json\/wp\/v2\/pages\/4475","targetHints":{"allow":["GET"]}}],"collection":[{"href":"https:\/\/pallarsfustes.com\/es\/wp-json\/wp\/v2\/pages"}],"about":[{"href":"https:\/\/pallarsfustes.com\/es\/wp-json\/wp\/v2\/types\/page"}],"author":[{"embeddable":true,"href":"https:\/\/pallarsfustes.com\/es\/wp-json\/wp\/v2\/users\/5"}],"replies":[{"embeddable":true,"href":"https:\/\/pallarsfustes.com\/es\/wp-json\/wp\/v2\/comments?post=4475"}],"version-history":[{"count":32,"href":"https:\/\/pallarsfustes.com\/es\/wp-json\/wp\/v2\/pages\/4475\/revisions"}],"predecessor-version":[{"id":11156,"href":"https:\/\/pallarsfustes.com\/es\/wp-json\/wp\/v2\/pages\/4475\/revisions\/11156"}],"wp:attachment":[{"href":"https:\/\/pallarsfustes.com\/es\/wp-json\/wp\/v2\/media?parent=4475"}],"curies":[{"name":"wp","href":"https:\/\/api.w.org\/{rel}","templated":true}]}}