{"id":4472,"date":"2021-04-19T08:15:25","date_gmt":"2021-04-19T08:15:25","guid":{"rendered":"https:\/\/niunapalabraanadie.com\/pallarsfustes\/arquitectura-grandes-estructuras\/"},"modified":"2024-11-14T13:37:48","modified_gmt":"2024-11-14T13:37:48","slug":"arquitectura-madera-grandes-estructuras","status":"publish","type":"page","link":"https:\/\/pallarsfustes.com\/es\/arquitectura-madera-grandes-estructuras\/","title":{"rendered":"Arquitectura Grandes Estructuras"},"content":{"rendered":"[mk_page_section bg_image=\u00bbhttps:\/\/pallarsfustes.com\/wp-content\/uploads\/2019\/03\/arq-estr-grandes-6.jpg\u00bb bg_position=\u00bbcenter center\u00bb bg_stretch=\u00bbtrue\u00bb enable_3d=\u00bbtrue\u00bb video_color_mask=\u00bb#000000&#8243; padding_top=\u00bb150&#8243; padding_bottom=\u00bb150&#8243; sidebar=\u00bbsidebar-1&#8243;][vc_column][vc_custom_heading text=\u00bbArquitectura con madera en grandes estructuras\u00bb font_container=\u00bbtag:h2|text_align:center|color:%23ffffff\u00bb use_theme_fonts=\u00bbyes\u00bb][\/vc_column][\/mk_page_section][vc_row][vc_column][vc_empty_space height=\u00bb70px\u00bb][vc_column_text css=\u00bb.vc_custom_1697627054598{margin-bottom: 0px !important;}\u00bb]En Pallars Maderas somos profesionales en la arquitectura de grandes estructuras con madera, como por ejemplo, naves agr\u00edcolas, piscinas, restaurantes y polideportivos. Dise\u00f1amos de acuerdo lo estructura base, ya sea de madera, hormig\u00f3n o metal, adem\u00e1s calculamos y asesoramos sobre las mejores soluciones y alternativas disponibles dependiente del uso final y los costes de cada tipo. Contamos con los equipos m\u00e1s innovadores en medici\u00f3n, lo cual nos permite ajustar la soluci\u00f3n del proyecto a la realidad mediante levantamientos topogr\u00e1ficos. Una vez tenemos todo el proyecto listo, desde Pallars Fustes se pone en marcha todo el conjunto del proceso de fabricaci\u00f3n espec\u00edfica de cada uno de los elementos necesarios para la obra.   <\/p>\n<p style=\"text-align: center;\">Todos nuestros productos, elementos de construcci\u00f3n y vigas est\u00e1n certificadas y marcadas con el distintivo CE para poder brindar as\u00ed una seguridad y garant\u00eda a todo el conjunto producto y durante todo el proceso de construcci\u00f3n y realizaci\u00f3n del proyecto. Los *CNCS dan forma a cada uno de los elementos, con los cuales posteriormente se realiza la colocaci\u00f3n y creaci\u00f3n de la estructura. <\/p>\n<p style=\"text-align: center;\">La coordinaci\u00f3n es nuestro fuerte de Pallars Fustes. Para poder dar una r\u00e1pida actuaci\u00f3n y una m\u00e1xima calidad en todo el servicio, contamos con un completo equipo de profesionales propio, que conocer a la perfecci\u00f3n los valores y filosof\u00eda de la empresa. Estamos acostumbrados a cumplir con tiempos ajustados y precisos. En Pallars Fustes siempre encontramos la soluci\u00f3n en tus proyectos e ideas sea como fuere su complejidad y envergadura.   <\/p>\n<p style=\"text-align: center;\"><strong><em>Conoce todos nuestros proyectos de arquitectura de grandes estructuras con madera<\/em><\/strong><\/p>\n[\/vc_column_text][vc_empty_space height=\u00bb70px\u00bb][vc_row_inner][vc_column_inner width=\u00bb1\/2&#8243;][vc_custom_heading text=\u00bbPiscinas\u00bb font_container=\u00bbtag:h5|text_align:center\u00bb use_theme_fonts=\u00bbyes\u00bb][vc_images_carousel images=\u00bb5&#8243; img_size=\u00bbfull\u00bb onclick=\u00bblink_no\u00bb autoplay=\u00bbyes\u00bb hide_prev_next_buttons=\u00bbyes\u00bb wrap=\u00bbyes\u00bb][\/vc_column_inner][vc_column_inner width=\u00bb1\/2&#8243;][vc_custom_heading text=\u00bbNaves industriales\u00bb font_container=\u00bbtag:h5|text_align:center\u00bb use_theme_fonts=\u00bbyes\u00bb][vc_images_carousel images=\u00bb922,921,923&#8243; img_size=\u00bbfull\u00bb onclick=\u00bblink_no\u00bb autoplay=\u00bbyes\u00bb hide_prev_next_buttons=\u00bbyes\u00bb wrap=\u00bbyes\u00bb][\/vc_column_inner][\/vc_row_inner][vc_row_inner][vc_column_inner width=\u00bb1\/2&#8243;][vc_custom_heading text=\u00bbNaves agr\u00edcolas\u00bb font_container=\u00bbtag:h5|text_align:center\u00bb use_theme_fonts=\u00bbyes\u00bb][vc_images_carousel images=\u00bb10,522&#8243; img_size=\u00bbfull\u00bb onclick=\u00bblink_no\u00bb autoplay=\u00bbyes\u00bb hide_prev_next_buttons=\u00bbyes\u00bb wrap=\u00bbyes\u00bb][\/vc_column_inner][vc_column_inner width=\u00bb1\/2&#8243;][vc_custom_heading text=\u00bbPolideportivos\u00bb font_container=\u00bbtag:h5|text_align:center\u00bb use_theme_fonts=\u00bbyes\u00bb][vc_images_carousel images=\u00bb8,813&#8243; img_size=\u00bbfull\u00bb onclick=\u00bblink_no\u00bb autoplay=\u00bbyes\u00bb hide_prev_next_buttons=\u00bbyes\u00bb wrap=\u00bbyes\u00bb][\/vc_column_inner][\/vc_row_inner][vc_row_inner][vc_column_inner width=\u00bb1\/2&#8243;][vc_custom_heading text=\u00bbSalas polivalentes\u00bb font_container=\u00bbtag:h5|text_align:center\u00bb use_theme_fonts=\u00bbyes\u00bb][vc_images_carousel images=\u00bb858&#8243; img_size=\u00bbfull\u00bb onclick=\u00bblink_no\u00bb autoplay=\u00bbyes\u00bb hide_prev_next_buttons=\u00bbyes\u00bb wrap=\u00bbyes\u00bb][\/vc_column_inner][vc_column_inner width=\u00bb1\/2&#8243;][vc_custom_heading text=\u00bbRestaurantes\u00bb font_container=\u00bbtag:h5|text_align:center\u00bb use_theme_fonts=\u00bbyes\u00bb][vc_images_carousel images=\u00bb391,521,527&#8243; img_size=\u00bbfull\u00bb onclick=\u00bblink_no\u00bb autoplay=\u00bbyes\u00bb hide_prev_next_buttons=\u00bbyes\u00bb wrap=\u00bbyes\u00bb][\/vc_column_inner][\/vc_row_inner][\/vc_column][\/vc_row][vc_row][vc_column][vc_column_text]\n[\/vc_column_text][\/vc_column][\/vc_row][vc_row][vc_column][vc_empty_space height=\u00bb50px\u00bb][vc_btn title=\u00bbExpl\u00edcanos tu proyecto\u00bb shape=\u00bbround\u00bb color=\u00bbchino\u00bb size=\u00bblg\u00bb align=\u00bbcenter\u00bb link=\u00bburl:https%3A%2F%2Fapi.leadconnectorhq.com%2Fwidget%2Fsurvey%2F9yjqQASJOobo7Cpovp63|target:%20_blank|\u00bb][vc_empty_space height=\u00bb100px\u00bb][\/vc_column][\/vc_row][vc_row][vc_column][vc_column_text]\n[\/vc_column_text][\/vc_column][\/vc_row][vc_row fullwidth=\u00bbtrue\u00bb fullwidth_content=\u00bbfalse\u00bb css=\u00bb.vc_custom_1553190768314{background-color: #a89985 !important;}\u00bb][vc_column][vc_empty_space height=\u00bb50px\u00bb][vc_custom_heading text=\u00bbALGUNOS PROYECTOS REALIZADOS\u00bb font_container=\u00bbtag:h4|text_align:center|color:%23ffffff\u00bb use_theme_fonts=\u00bbyes\u00bb][vc_separator color=\u00bbcustom\u00bb border_width=\u00bb3&#8243; accent_color=\u00bb#ffffff\u00bb][mk_edge_slider order=\u00bbASC\u00bb full_height=\u00bbfalse\u00bb height=\u00bb400&#8243; skip_arrow=\u00bbfalse\u00bb slides=\u00bb226, 232, 238, 246, 242, 235&#8243;][vc_empty_space height=\u00bb80&#8243;][\/vc_column][\/vc_row]\n","protected":false},"excerpt":{"rendered":"<p>[mk_page_section bg_image=\u00bbhttps:\/\/pallarsfustes.com\/wp-content\/uploads\/2019\/03\/arq-estr-grandes-6.jpg\u00bb bg_position=\u00bbcenter center\u00bb bg_stretch=\u00bbtrue\u00bb enable_3d=\u00bbtrue\u00bb video_color_mask=\u00bb#000000&#8243; padding_top=\u00bb150&#8243; padding_bottom=\u00bb150&#8243; sidebar=\u00bbsidebar-1&#8243;][vc_column][vc_custom_heading text=\u00bbArquitectura con madera en grandes estructuras\u00bb font_container=\u00bbtag:h2|text_align:center|color:%23ffffff\u00bb use_theme_fonts=\u00bbyes\u00bb][\/vc_column][\/mk_page_section][vc_row][vc_column][vc_empty_space height=\u00bb70px\u00bb][vc_column_text css=\u00bb.vc_custom_1697627054598{margin-bottom: 0px !important;}\u00bb]En Pallars Maderas somos profesionales en la arquitectura de grandes estructuras con madera, como por ejemplo, naves agr\u00edcolas, piscinas, restaurantes y polideportivos. Dise\u00f1amos de acuerdo lo estructura base, ya sea de madera, hormig\u00f3n o [&hellip;]<\/p>\n","protected":false},"author":5,"featured_media":0,"parent":0,"menu_order":0,"comment_status":"closed","ping_status":"closed","template":"","meta":{"footnotes":""},"class_list":["post-4472","page","type-page","status-publish","hentry"],"yoast_head":"<!-- This site is optimized with the Yoast SEO plugin v26.0 - https:\/\/yoast.com\/wordpress\/plugins\/seo\/ -->\n<title>Arquitectura de grandes estructuras con madera - Pallars Fustes<\/title>\n<meta name=\"description\" content=\"Somos profesionales en la arquitectura de grandes estructuras con madera. Conoce todos nuestros proyectos y las posibilidades de la madera.\" \/>\n<meta name=\"robots\" content=\"index, follow, max-snippet:-1, max-image-preview:large, max-video-preview:-1\" \/>\n<link rel=\"canonical\" href=\"https:\/\/pallarsfustes.com\/es\/arquitectura-madera-grandes-estructuras\/\" \/>\n<meta property=\"og:locale\" content=\"es_ES\" \/>\n<meta property=\"og:type\" content=\"article\" \/>\n<meta property=\"og:title\" content=\"Arquitectura de grandes estructuras con madera - Pallars Fustes\" \/>\n<meta property=\"og:description\" content=\"Somos profesionales en la arquitectura de grandes estructuras con madera. Conoce todos nuestros proyectos y las posibilidades de la madera.\" \/>\n<meta property=\"og:url\" content=\"https:\/\/pallarsfustes.com\/es\/arquitectura-madera-grandes-estructuras\/\" \/>\n<meta property=\"og:site_name\" content=\"Pallars\" \/>\n<meta property=\"article:modified_time\" content=\"2024-11-14T13:37:48+00:00\" \/>\n<meta name=\"twitter:card\" content=\"summary_large_image\" \/>\n<meta name=\"twitter:label1\" content=\"Tiempo de lectura\" \/>\n\t<meta name=\"twitter:data1\" content=\"3 minutos\" \/>\n<script type=\"application\/ld+json\" class=\"yoast-schema-graph\">{\"@context\":\"https:\/\/schema.org\",\"@graph\":[{\"@type\":\"WebPage\",\"@id\":\"https:\/\/pallarsfustes.com\/es\/arquitectura-madera-grandes-estructuras\/\",\"url\":\"https:\/\/pallarsfustes.com\/es\/arquitectura-madera-grandes-estructuras\/\",\"name\":\"Arquitectura de grandes estructuras con madera - Pallars Fustes\",\"isPartOf\":{\"@id\":\"https:\/\/pallarsfustes.com\/es\/#website\"},\"datePublished\":\"2021-04-19T08:15:25+00:00\",\"dateModified\":\"2024-11-14T13:37:48+00:00\",\"description\":\"Somos profesionales en la arquitectura de grandes estructuras con madera. Conoce todos nuestros proyectos y las posibilidades de la madera.\",\"breadcrumb\":{\"@id\":\"https:\/\/pallarsfustes.com\/es\/arquitectura-madera-grandes-estructuras\/#breadcrumb\"},\"inLanguage\":\"es\",\"potentialAction\":[{\"@type\":\"ReadAction\",\"target\":[\"https:\/\/pallarsfustes.com\/es\/arquitectura-madera-grandes-estructuras\/\"]}]},{\"@type\":\"BreadcrumbList\",\"@id\":\"https:\/\/pallarsfustes.com\/es\/arquitectura-madera-grandes-estructuras\/#breadcrumb\",\"itemListElement\":[{\"@type\":\"ListItem\",\"position\":1,\"name\":\"Home\",\"item\":\"https:\/\/pallarsfustes.com\/es\/\"},{\"@type\":\"ListItem\",\"position\":2,\"name\":\"Arquitectura Grandes Estructuras\"}]},{\"@type\":\"WebSite\",\"@id\":\"https:\/\/pallarsfustes.com\/es\/#website\",\"url\":\"https:\/\/pallarsfustes.com\/es\/\",\"name\":\"Pallars\",\"description\":\"\",\"potentialAction\":[{\"@type\":\"SearchAction\",\"target\":{\"@type\":\"EntryPoint\",\"urlTemplate\":\"https:\/\/pallarsfustes.com\/es\/?s={search_term_string}\"},\"query-input\":{\"@type\":\"PropertyValueSpecification\",\"valueRequired\":true,\"valueName\":\"search_term_string\"}}],\"inLanguage\":\"es\"}]}<\/script>\n<!-- \/ Yoast SEO plugin. -->","yoast_head_json":{"title":"Arquitectura de grandes estructuras con madera - Pallars Fustes","description":"Somos profesionales en la arquitectura de grandes estructuras con madera. Conoce todos nuestros proyectos y las posibilidades de la madera.","robots":{"index":"index","follow":"follow","max-snippet":"max-snippet:-1","max-image-preview":"max-image-preview:large","max-video-preview":"max-video-preview:-1"},"canonical":"https:\/\/pallarsfustes.com\/es\/arquitectura-madera-grandes-estructuras\/","og_locale":"es_ES","og_type":"article","og_title":"Arquitectura de grandes estructuras con madera - Pallars Fustes","og_description":"Somos profesionales en la arquitectura de grandes estructuras con madera. Conoce todos nuestros proyectos y las posibilidades de la madera.","og_url":"https:\/\/pallarsfustes.com\/es\/arquitectura-madera-grandes-estructuras\/","og_site_name":"Pallars","article_modified_time":"2024-11-14T13:37:48+00:00","twitter_card":"summary_large_image","twitter_misc":{"Tiempo de lectura":"3 minutos"},"schema":{"@context":"https:\/\/schema.org","@graph":[{"@type":"WebPage","@id":"https:\/\/pallarsfustes.com\/es\/arquitectura-madera-grandes-estructuras\/","url":"https:\/\/pallarsfustes.com\/es\/arquitectura-madera-grandes-estructuras\/","name":"Arquitectura de grandes estructuras con madera - Pallars Fustes","isPartOf":{"@id":"https:\/\/pallarsfustes.com\/es\/#website"},"datePublished":"2021-04-19T08:15:25+00:00","dateModified":"2024-11-14T13:37:48+00:00","description":"Somos profesionales en la arquitectura de grandes estructuras con madera. Conoce todos nuestros proyectos y las posibilidades de la madera.","breadcrumb":{"@id":"https:\/\/pallarsfustes.com\/es\/arquitectura-madera-grandes-estructuras\/#breadcrumb"},"inLanguage":"es","potentialAction":[{"@type":"ReadAction","target":["https:\/\/pallarsfustes.com\/es\/arquitectura-madera-grandes-estructuras\/"]}]},{"@type":"BreadcrumbList","@id":"https:\/\/pallarsfustes.com\/es\/arquitectura-madera-grandes-estructuras\/#breadcrumb","itemListElement":[{"@type":"ListItem","position":1,"name":"Home","item":"https:\/\/pallarsfustes.com\/es\/"},{"@type":"ListItem","position":2,"name":"Arquitectura Grandes Estructuras"}]},{"@type":"WebSite","@id":"https:\/\/pallarsfustes.com\/es\/#website","url":"https:\/\/pallarsfustes.com\/es\/","name":"Pallars","description":"","potentialAction":[{"@type":"SearchAction","target":{"@type":"EntryPoint","urlTemplate":"https:\/\/pallarsfustes.com\/es\/?s={search_term_string}"},"query-input":{"@type":"PropertyValueSpecification","valueRequired":true,"valueName":"search_term_string"}}],"inLanguage":"es"}]}},"_links":{"self":[{"href":"https:\/\/pallarsfustes.com\/es\/wp-json\/wp\/v2\/pages\/4472","targetHints":{"allow":["GET"]}}],"collection":[{"href":"https:\/\/pallarsfustes.com\/es\/wp-json\/wp\/v2\/pages"}],"about":[{"href":"https:\/\/pallarsfustes.com\/es\/wp-json\/wp\/v2\/types\/page"}],"author":[{"embeddable":true,"href":"https:\/\/pallarsfustes.com\/es\/wp-json\/wp\/v2\/users\/5"}],"replies":[{"embeddable":true,"href":"https:\/\/pallarsfustes.com\/es\/wp-json\/wp\/v2\/comments?post=4472"}],"version-history":[{"count":16,"href":"https:\/\/pallarsfustes.com\/es\/wp-json\/wp\/v2\/pages\/4472\/revisions"}],"predecessor-version":[{"id":11151,"href":"https:\/\/pallarsfustes.com\/es\/wp-json\/wp\/v2\/pages\/4472\/revisions\/11151"}],"wp:attachment":[{"href":"https:\/\/pallarsfustes.com\/es\/wp-json\/wp\/v2\/media?parent=4472"}],"curies":[{"name":"wp","href":"https:\/\/api.w.org\/{rel}","templated":true}]}}