{"id":4469,"date":"2021-04-19T08:11:14","date_gmt":"2021-04-19T08:11:14","guid":{"rendered":"https:\/\/niunapalabraanadie.com\/pallarsfustes\/area-tecnica\/"},"modified":"2024-11-14T13:33:34","modified_gmt":"2024-11-14T13:33:34","slug":"area-tecnica","status":"publish","type":"page","link":"https:\/\/pallarsfustes.com\/es\/area-tecnica\/","title":{"rendered":"\u00c1rea t\u00e9cnica &#8211; Pallars Fustes"},"content":{"rendered":"[mk_page_section bg_image=\u00bbhttps:\/\/pallarsfustes.com\/wp-content\/uploads\/2019\/03\/calculo.jpg\u00bb bg_position=\u00bbcenter bottom\u00bb bg_stretch=\u00bbtrue\u00bb enable_3d=\u00bbtrue\u00bb video_color_mask=\u00bb#000000&#8243; padding_top=\u00bb175&#8243; padding_bottom=\u00bb175&#8243; sidebar=\u00bbsidebar-1&#8243;][vc_column][vc_custom_heading text=\u00bb\u00c1rea t\u00e9cnica &#8211; Pallars Fustes\u00bb font_container=\u00bbtag:h2|text_align:center|color:%23ffffff\u00bb use_theme_fonts=\u00bbyes\u00bb][\/vc_column][\/mk_page_section][vc_row][vc_column][vc_empty_space height=\u00bb70px\u00bb][vc_custom_heading text=\u00bbEl \u00e1rea t\u00e9cnica de Pallars Maderas est\u00e1 formada por un equipo t\u00e9cnico y humano especializado en cada uno de los \u00e1mbitos y necesidades de nuestros proyecto.\u00bb font_container=\u00bbtag:h4|text_align:center\u00bb use_theme_fonts=\u00bbyes\u00bb][vc_empty_space height=\u00bb20px\u00bb][vc_custom_heading text=\u00bbComo profesionales en la arquitectura con madera, en Pallars Maderas utilizamos el c\u00e1lculo estructural preciso, la medici\u00f3n con las m\u00e1s avanzadas e innovadoras herramientas y tratamientos de mantenimiento y cura de la madera en todos nuestros proyectos.\u00bb font_container=\u00bbtag:h5|text_align:center\u00bb use_theme_fonts=\u00bbyes\u00bb][vc_empty_space height=\u00bb20px\u00bb][\/vc_column][\/vc_row][vc_row fullwidth=\u00bbtrue\u00bb css=\u00bb.vc_custom_1605539938481{padding-right: 10% !important;padding-left: 10% !important;}\u00bb][vc_column][vc_row_inner attached=\u00bbtrue\u00bb column_padding=\u00bb4&#8243;][vc_column_inner width=\u00bb1\/2&#8243;][vc_single_image image=\u00bb137&#8243; img_size=\u00bbfull\u00bb css=\u00bb.vc_custom_1699866138184{margin-bottom: 10px !important;}\u00bb][vc_empty_space height=\u00bb10px\u00bb][vc_custom_heading text=\u00bbASESOR\u00cdA T\u00c9CNICA\u00bb font_container=\u00bbtag:h5|text_align:left\u00bb use_theme_fonts=\u00bbyes\u00bb][vc_column_text css=\u00bb.vc_custom_1697625182870{margin-bottom: 0px !important;}\u00bb]En el \u00e1rea t\u00e9cnica de Pallars Maderas disponemos de un gran equipo de profesionales que integran, ingenieros calculistas, arquitectos t\u00e9cnicos e ingenieros industriales que dan a todos nuestros proyectos vida. Todas nuestras construcciones con madera siguen la normativa vigente CTE, siempre trabajamos con productos certificados por la CE y nuestra prioridad siempre ha estado trabajar con productos altamente sostenibles. Llevamos m\u00e1s de 22 a\u00f1os trabajando la madera, aportando soluciones y mejorando la vida de nuestros clientes, trabajando en profundidad el \u00e1rea t\u00e9cnica de la madera. El c\u00e1lculo estructural es otra de nuestras pasiones, la versatilidad de opciones en este material tan noble, aporta soluciones y tipolog\u00edas estructurales para poder dar a nuestros proyectos una gran solidez en nuestras construcciones. Nuestros or\u00edgenes se remontan a una empresa primaria de serrado de madera en el Pallars, nuestros abuelos ya trabajaban la madera, nuestros padres incorporaron la transformaci\u00f3n industrial secundaria, y nosotros, los hijos, hemos continuado con esta tradici\u00f3n familiar integrando la madera y la edificaci\u00f3n en un producto integral de gran belleza. Estamos en vanguardia de los nuevos sistemas de construcci\u00f3n con madera, nuestra experiencia en miles de proyectos hace que no tengamos l\u00edmites en la construcci\u00f3n con toda clase de madera y podamos aportar toda nuestra experiencia para trabajar tus ideas y funcionalidades en el espacio que requieras construir o modelar, cuenta con nosotros. Disponemos de asesoramiento profesional para una construcci\u00f3n pasiva y sostenible. Hemos construido una gran variedad de hogares con est\u00e1ndares pasivos y con innumerables protocolos para mejorar la confortabilidad y habitabilidad en los hogares. Aportamos soluciones diferenciadoras que dan a nuestras construcciones una mejora sustancial en conjunto del proyecto con madera. Somos conscientes de la relaci\u00f3n de la vida en las casas, la madera en el medio natural, como producto de construcci\u00f3n claramente sostenible, para poder ser m\u00e1s respetuosos con el planeta, haciendo de nuestras estructuras y construcciones, referentes a nivel regional.   <\/p>\n<p> Siempre respetando, el medio natural y teniendo en cuenta la parte est\u00e9tica, arquitect\u00f3nica y ecol\u00f3gica.[\/vc_column_text][\/vc_column_inner][vc_column_inner width=\u00bb1\/2&#8243;][vc_single_image image=\u00bb142&#8243; img_size=\u00bbfull\u00bb css=\u00bb.vc_custom_1553261677707{margin-bottom: 10px !important;}\u00bb][vc_empty_space height=\u00bb10px\u00bb][vc_custom_heading text=\u00bbC\u00c1LCULO ESTRUCTURAL\u00bb font_container=\u00bbtag:h5|text_align:left\u00bb use_theme_fonts=\u00bbyes\u00bb][vc_column_text css=\u00bb.vc_custom_1623840313032{margin-bottom: 0px !important;}\u00bb]Nuestro equipo de pallars Fustes cuenta con ingenieros calculistas de gran experiencia que aportan todo el conjunto de soluciones a cada proyecto. Conjuntamente con programas de dise\u00f1o real en tres dimensiones para llegar al milim\u00e9trico detalle en cada estructura t\u00e9cnica de madera, podemos definir con toda exactitud todos los detalles del conjunto tanto en cubiertas t\u00e9cnicas de madera como en estructuras complejas de CLT. Siempre calculamos con normativa vigente CTE, tanto elementos separados, conjuntos de elementos, p\u00f3rticos, vigas de grandes luces, forjados mixtos madera-hormig\u00f3n, estructuras en madera contralaminada (CLT), estructura de entramado ligero y estructuras de entramado pesado.<\/p>\n<p>Una vez definidas las soluciones a grandes rasgos, pasamos a la soluci\u00f3n y c\u00e1lculo de elementos a peque\u00f1a escala: uniones de vigas, uniones met\u00e1licas, uniones mixtas, sujeciones y conjuntos de detalles. Tambi\u00e9n podemos calcular los elementos de estructura de otros materiales como hormig\u00f3n, metal y cristal para lograr un conjunto de soluci\u00f3n perfecta y mejorando sus puntos m\u00e1s complejos.<\/p>\n<p>Nuestra experiencia en infinidad de proyectos sobre madera ayuda a disponer de un gran n\u00famero de soluciones para cada caso concreto. Somos especialistas en trabajos complejos y de alta dificultad, trabajando con sistemas innovadores de soluciones y aportando mejoras continuas a todos los conjuntos estructurales. Somos especialistas en cubiertas t\u00e9cnicas de madera y en todo tipo de montajes en CLT.<\/p>\n<p>Trabajamos con la direcci\u00f3n facultativa, asesorando, dise\u00f1ando a gusto de la propiedad con un amplio conocimiento t\u00e9cnico en todo lo referente a estructuras de madera, para lograr lo que el cliente quer\u00eda, mejorando a\u00fan m\u00e1s sus expectativas y logrando estructuras tanto perfectas en c\u00e1lculo, como perfectas en visi\u00f3n est\u00e9tica. Un conjunto \u00fatil para lograr proyectos r\u00e1pidos, precisos y armoniosos con el medio.[\/vc_column_text][\/vc_column_inner][\/vc_row_inner][vc_row_inner attached=\u00bbtrue\u00bb column_padding=\u00bb4&#8243;][vc_column_inner width=\u00bb1\/2&#8243;][vc_single_image image=\u00bb2637&#8243; img_size=\u00bbfull\u00bb css=\u00bb.vc_custom_1611837048880{margin-bottom: 10px !important;}\u00bb][vc_empty_space height=\u00bb10px\u00bb][vc_custom_heading text=\u00bbMEDICI\u00d3N REAL\u00bb font_container=\u00bbtag:h5|text_align:left\u00bb use_theme_fonts=\u00bbyes\u00bb][vc_column_text css=\u00bb.vc_custom_1699872596200{margin-bottom: 0px !important;}\u00bb]Pallars Fustes dispone de los sistemas m\u00e1s completos para la medici\u00f3n real de obra y su posterior trabajo en programas de dise\u00f1o y c\u00e1lculo y producci\u00f3n en madera. Somos de la opini\u00f3n que para tener \u00e9xito en cada proyecto necesitamos ser perfeccionistas en todos los detalles, por tanto, hemos incorporado estaciones topogr\u00e1ficas para una medici\u00f3n milim\u00e9trica del conjunto de obra.<\/p>\n<p>Una vez que nuestro conjunto de base de anclaje est\u00e1 listo, nuestros t\u00e9cnicos se personan en obra conjuntamente con la direcci\u00f3n de obra, para poder comprobar mediciones, tomar nuevas y encontrar soluciones a todos los puntos complicados del proyecto. Esta medici\u00f3n perfecta nos da toda la informaci\u00f3n para elaborar un dibujo en tres dimensiones real, perfectamente calculado, con un sistema de uni\u00f3n adecuado a cada proyecto y con una exactitud milim\u00e9trica para lograr una puesta en obra completamente prefabricada y r\u00e1pida.[\/vc_column_text][\/vc_column_inner][vc_column_inner width=\u00bb1\/2&#8243;][vc_single_image image=\u00bb138&#8243; img_size=\u00bbfull\u00bb css=\u00bb.vc_custom_1553251157151{margin-bottom: 10px !important;}\u00bb][vc_empty_space height=\u00bb10px\u00bb][vc_custom_heading text=\u00bbMECANIZADOS CON CNC\u00bb font_container=\u00bbtag:h5|text_align:left\u00bb use_theme_fonts=\u00bbyes\u00bb][vc_column_text css=\u00bb.vc_custom_1699872678621{margin-bottom: 0px !important;}\u00bb]Una vez el conjunto del proyecto est\u00e1 en luz verde, revisados planos de fabricaci\u00f3n y acordadas todas las soluciones con propiedad y t\u00e9cnicos de construcci\u00f3n, pasamos a la vertiente de la fabricaci\u00f3n.<\/p>\n<p>Nuestro sistema CAD-CAM, mediante Cadwork (www.cadwork.es) , nos permite realizar un prefabricado de todos los elementos de obra, incorporando todo el conjunto de mecanizaciones que admite la madera: taladros, entallas, medias maderas, rayos j\u00fapiter, colas de milano, ranuras, biselados, cortes, cabezales de vigas etc.<\/p>\n<p>Cada viga, panel y conjunto de estructura tiene un n\u00famero de producci\u00f3n, que a la vez, nos dice su colocaci\u00f3n dentro de obra. Las m\u00e1quinas de CNC se cortan a la d\u00e9cima de mil\u00edmetro cada pieza, nos ponen los n\u00fameros y preparamos el gran \u201cMecano\u201d para posterior montaje.<\/p>\n<p>Trabajamos con las m\u00e1quinas m\u00e1s modernas del mercado, m\u00e1quinas de CNC a 5 ejes de grandes producciones para vigas de madera, para paneles de CLT y tambi\u00e9n pant\u00f3grafos para vigas de longitud m\u00e1xima 36m. Realizamos un control preciso de todos los mecanizados, precisamos todos los detalles porque la fabricaci\u00f3n sea exacta y la puesta en obra perfecta.<\/p>\n<p>Tambi\u00e9n tenemos en cuenta nuestros m\u00e1rgenes de optimizaci\u00f3n de material, trabajamos en m\u00e1rgenes estrechos para lograr una construcci\u00f3n a\u00fan m\u00e1s sostenible.[\/vc_column_text][\/vc_column_inner][\/vc_row_inner][vc_row_inner attached=\u00bbtrue\u00bb column_padding=\u00bb4&#8243;][vc_column_inner width=\u00bb1\/2&#8243;][vc_single_image image=\u00bb2638&#8243; img_size=\u00bbfull\u00bb css=\u00bb.vc_custom_1611837074082{margin-bottom: 10px !important;}\u00bb][vc_empty_space height=\u00bb10px\u00bb][vc_custom_heading text=\u00bbTRATAMIENTOS\u00bb font_container=\u00bbtag:h5|text_align:left\u00bb use_theme_fonts=\u00bbyes\u00bb][vc_column_text css=\u00bb.vc_custom_1699873110054{margin-bottom: 0px !important;}\u00bb]Damos a nuestros productos el <a href=\"https:\/\/pallarsfustes.com\/es\/tratamientos-madera\/\">tratamiento<\/a> m\u00e1s adecuado para cada tipo de madera y seg\u00fan la normativa vigente. Adem\u00e1s ofrecemos tratamientos de inmersi\u00f3n fungicida-insecticida riesgo II y tratamientos autoclave incoloro, verde y marr\u00f3n con clase de riesgo III y IV.[\/vc_column_text][\/vc_column_inner][vc_column_inner width=\u00bb1\/2&#8243;][vc_single_image image=\u00bb143&#8243; img_size=\u00bbfull\u00bb css=\u00bb.vc_custom_1553251134261{margin-bottom: 10px !important;}\u00bb][vc_empty_space height=\u00bb10px\u00bb][vc_custom_heading text=\u00bbACABADOS EN COLOR\u00bb font_container=\u00bbtag:h5|text_align:left\u00bb use_theme_fonts=\u00bbyes\u00bb][vc_column_text css=\u00bb.vc_custom_1699872713079{margin-bottom: 0px !important;}\u00bb]Acorde con la necesidad de nuestros clientes escogemos el color m\u00e1s adecuado que corresponde a la necesidad del momento. Tenemos un gran abanico de acabados tanto en color como en textura. As\u00ed logramos crear espacios m\u00e1s acogedores, de dise\u00f1o, modernos y de todo tipo. Pod\u00e9is pasar a ver nuestro showroom.[\/vc_column_text][\/vc_column_inner][\/vc_row_inner][vc_row_inner attached=\u00bbtrue\u00bb column_padding=\u00bb4&#8243;][vc_column_inner width=\u00bb1\/2&#8243;][vc_single_image image=\u00bb139&#8243; img_size=\u00bbfull\u00bb css=\u00bb.vc_custom_1553251113764{margin-bottom: 10px !important;}\u00bb][vc_empty_space height=\u00bb10px\u00bb][vc_custom_heading text=\u00bbMANTENIMIENTO Y REPARACI\u00d3N\u00bb font_container=\u00bbtag:h5|text_align:left\u00bb use_theme_fonts=\u00bbyes\u00bb][vc_column_text css=\u00bb.vc_custom_1699872734402{margin-bottom: 0px !important;}\u00bb]Realizamos reparaciones de elementos estructurales y decorativos en madera de todo tipo y forma. Utilizamos pr\u00f3tesis o resinas de varios componentes. Para un buen mantenimiento aplicamos tratamientos preventivos y curativos de los elementos da\u00f1ados. Nuestros peritos hacen un estudio exhaustivo y valoran el proyecto a rehabilitar.[\/vc_column_text][\/vc_column_inner][vc_column_inner width=\u00bb1\/2&#8243;][vc_single_image image=\u00bb140&#8243; img_size=\u00bbfull\u00bb css=\u00bb.vc_custom_1553251122869{margin-bottom: 10px !important;}\u00bb][vc_empty_space height=\u00bb10px\u00bb][vc_custom_heading text=\u00bbCOLOCACI\u00d3N\u00bb font_container=\u00bbtag:h5|text_align:left\u00bb use_theme_fonts=\u00bbyes\u00bb][vc_column_text css=\u00bb.vc_custom_1699872808572{margin-bottom: 0px !important;}\u00bb]La log\u00edstica y colocaci\u00f3n es uno de nuestros puntos fuertes y una de las claves en la resoluci\u00f3n de una construcci\u00f3n prefabricada en madera.<\/p>\n<p>Nuestra empresa dispone de un equipo especializado, con gran experiencia en la colocaci\u00f3n de estructuras de madera, que realizan la puesta en obra con exactitud, tal y como los planos de montaje describen, tras un correcto c\u00e1lculo estructural. Su destreza es comprensible por su habilidad y rapidez de colocaci\u00f3n. Disponen de la maquinaria m\u00e1s moderna, para solucionar con exactitud todos los trabajos con seguridad, precisi\u00f3n y pulcritud. Somos conscientes de las velocidades de montajes en nuestras construcciones y por tanto, se ven reforzadas por un conjunto de log\u00edstica y elevaci\u00f3n pertinente.<\/p>\n<p>Disponemos de los conjuntos de veh\u00edculos, veh\u00edculos r\u00edgidos y veh\u00edculos especiales para transportar todos los materiales hasta obra. Hacemos la coordinaci\u00f3n de maquinaria para la elevaci\u00f3n y verificamos todos los requisitos para una correcta y segura puesta en obra. Trabajamos con Auto Gr\u00faas, o Gr\u00faas autopropulsadas dependiendo de las necesidades.<\/p>\n<p>Conjuntamente, para los trabajos verticales tambi\u00e9n disponemos del conjunto de elevaci\u00f3n para que nuestros equipos trabajen con la m\u00e1xima seguridad y logren montajes en tiempos cortos ajust\u00e1ndose a tiempos y fechas de entregas previstas.<\/p>\n<p>Para la aplicaci\u00f3n de otros materiales no maderables, tambi\u00e9n disponemos de personas expertas en sus propios campos, que coordinamos y controlamos todo el conjunto para conseguir el objetivo de calidad y fecha planteado.[\/vc_column_text][\/vc_column_inner][\/vc_row_inner][\/vc_column][\/vc_row][vc_row][vc_column][vc_empty_space height=\u00bb20px\u00bb][vc_btn title=\u00bbExpl\u00edcanos tu proyecto\u00bb shape=\u00bbround\u00bb color=\u00bbchino\u00bb size=\u00bblg\u00bb align=\u00bbcenter\u00bb link=\u00bburl:https%3A%2F%2Fapi.leadconnectorhq.com%2Fwidget%2Fsurvey%2F9yjqQASJOobo7Cpovp63|target:%20_blank|\u00bb][vc_empty_space height=\u00bb100px\u00bb][\/vc_column][\/vc_row]\n","protected":false},"excerpt":{"rendered":"<p>[mk_page_section bg_image=\u00bbhttps:\/\/pallarsfustes.com\/wp-content\/uploads\/2019\/03\/calculo.jpg\u00bb bg_position=\u00bbcenter bottom\u00bb bg_stretch=\u00bbtrue\u00bb enable_3d=\u00bbtrue\u00bb video_color_mask=\u00bb#000000&#8243; padding_top=\u00bb175&#8243; padding_bottom=\u00bb175&#8243; sidebar=\u00bbsidebar-1&#8243;][vc_column][vc_custom_heading text=\u00bb\u00c1rea t\u00e9cnica &#8211; Pallars Fustes\u00bb font_container=\u00bbtag:h2|text_align:center|color:%23ffffff\u00bb use_theme_fonts=\u00bbyes\u00bb][\/vc_column][\/mk_page_section][vc_row][vc_column][vc_empty_space height=\u00bb70px\u00bb][vc_custom_heading text=\u00bbEl \u00e1rea t\u00e9cnica de Pallars Maderas est\u00e1 formada por un equipo t\u00e9cnico y humano especializado en cada uno de los \u00e1mbitos y necesidades de nuestros proyecto.\u00bb font_container=\u00bbtag:h4|text_align:center\u00bb use_theme_fonts=\u00bbyes\u00bb][vc_empty_space height=\u00bb20px\u00bb][vc_custom_heading text=\u00bbComo profesionales en la arquitectura con madera, en [&hellip;]<\/p>\n","protected":false},"author":5,"featured_media":0,"parent":0,"menu_order":0,"comment_status":"closed","ping_status":"closed","template":"","meta":{"footnotes":""},"class_list":["post-4469","page","type-page","status-publish","hentry"],"yoast_head":"<!-- This site is optimized with the Yoast SEO plugin v26.0 - https:\/\/yoast.com\/wordpress\/plugins\/seo\/ -->\n<title>\u00c1rea t\u00e9cnica - Pallars Fustes - Pallars Maderas<\/title>\n<meta name=\"description\" content=\"En el \u00e1rea t\u00e9cnica de Pallars Maderas utilizamos el c\u00e1lculo estructural, avanzados equipos de medici\u00f3n y la aplicaci\u00f3n de tratamientos en madera.\" \/>\n<meta name=\"robots\" content=\"index, follow, max-snippet:-1, max-image-preview:large, max-video-preview:-1\" \/>\n<link rel=\"canonical\" href=\"https:\/\/pallarsfustes.com\/es\/area-tecnica\/\" \/>\n<meta property=\"og:locale\" content=\"es_ES\" \/>\n<meta property=\"og:type\" content=\"article\" \/>\n<meta property=\"og:title\" content=\"\u00c1rea t\u00e9cnica - Pallars Fustes - Pallars Maderas\" \/>\n<meta property=\"og:description\" content=\"En el \u00e1rea t\u00e9cnica de Pallars Maderas utilizamos el c\u00e1lculo estructural, avanzados equipos de medici\u00f3n y la aplicaci\u00f3n de tratamientos en madera.\" \/>\n<meta property=\"og:url\" content=\"https:\/\/pallarsfustes.com\/es\/area-tecnica\/\" \/>\n<meta property=\"og:site_name\" content=\"Pallars\" \/>\n<meta property=\"article:modified_time\" content=\"2024-11-14T13:33:34+00:00\" \/>\n<meta name=\"twitter:card\" content=\"summary_large_image\" \/>\n<meta name=\"twitter:label1\" content=\"Tiempo de lectura\" \/>\n\t<meta name=\"twitter:data1\" content=\"9 minutos\" \/>\n<script type=\"application\/ld+json\" class=\"yoast-schema-graph\">{\"@context\":\"https:\/\/schema.org\",\"@graph\":[{\"@type\":\"WebPage\",\"@id\":\"https:\/\/pallarsfustes.com\/es\/area-tecnica\/\",\"url\":\"https:\/\/pallarsfustes.com\/es\/area-tecnica\/\",\"name\":\"\u00c1rea t\u00e9cnica - Pallars Fustes - Pallars Maderas\",\"isPartOf\":{\"@id\":\"https:\/\/pallarsfustes.com\/es\/#website\"},\"datePublished\":\"2021-04-19T08:11:14+00:00\",\"dateModified\":\"2024-11-14T13:33:34+00:00\",\"description\":\"En el \u00e1rea t\u00e9cnica de Pallars Maderas utilizamos el c\u00e1lculo estructural, avanzados equipos de medici\u00f3n y la aplicaci\u00f3n de tratamientos en madera.\",\"breadcrumb\":{\"@id\":\"https:\/\/pallarsfustes.com\/es\/area-tecnica\/#breadcrumb\"},\"inLanguage\":\"es\",\"potentialAction\":[{\"@type\":\"ReadAction\",\"target\":[\"https:\/\/pallarsfustes.com\/es\/area-tecnica\/\"]}]},{\"@type\":\"BreadcrumbList\",\"@id\":\"https:\/\/pallarsfustes.com\/es\/area-tecnica\/#breadcrumb\",\"itemListElement\":[{\"@type\":\"ListItem\",\"position\":1,\"name\":\"Home\",\"item\":\"https:\/\/pallarsfustes.com\/es\/home\/\"},{\"@type\":\"ListItem\",\"position\":2,\"name\":\"\u00c1rea t\u00e9cnica &#8211; Pallars Fustes\"}]},{\"@type\":\"WebSite\",\"@id\":\"https:\/\/pallarsfustes.com\/es\/#website\",\"url\":\"https:\/\/pallarsfustes.com\/es\/\",\"name\":\"Pallars\",\"description\":\"\",\"potentialAction\":[{\"@type\":\"SearchAction\",\"target\":{\"@type\":\"EntryPoint\",\"urlTemplate\":\"https:\/\/pallarsfustes.com\/es\/?s={search_term_string}\"},\"query-input\":{\"@type\":\"PropertyValueSpecification\",\"valueRequired\":true,\"valueName\":\"search_term_string\"}}],\"inLanguage\":\"es\"}]}<\/script>\n<!-- \/ Yoast SEO plugin. -->","yoast_head_json":{"title":"\u00c1rea t\u00e9cnica - Pallars Fustes - Pallars Maderas","description":"En el \u00e1rea t\u00e9cnica de Pallars Maderas utilizamos el c\u00e1lculo estructural, avanzados equipos de medici\u00f3n y la aplicaci\u00f3n de tratamientos en madera.","robots":{"index":"index","follow":"follow","max-snippet":"max-snippet:-1","max-image-preview":"max-image-preview:large","max-video-preview":"max-video-preview:-1"},"canonical":"https:\/\/pallarsfustes.com\/es\/area-tecnica\/","og_locale":"es_ES","og_type":"article","og_title":"\u00c1rea t\u00e9cnica - Pallars Fustes - Pallars Maderas","og_description":"En el \u00e1rea t\u00e9cnica de Pallars Maderas utilizamos el c\u00e1lculo estructural, avanzados equipos de medici\u00f3n y la aplicaci\u00f3n de tratamientos en madera.","og_url":"https:\/\/pallarsfustes.com\/es\/area-tecnica\/","og_site_name":"Pallars","article_modified_time":"2024-11-14T13:33:34+00:00","twitter_card":"summary_large_image","twitter_misc":{"Tiempo de lectura":"9 minutos"},"schema":{"@context":"https:\/\/schema.org","@graph":[{"@type":"WebPage","@id":"https:\/\/pallarsfustes.com\/es\/area-tecnica\/","url":"https:\/\/pallarsfustes.com\/es\/area-tecnica\/","name":"\u00c1rea t\u00e9cnica - Pallars Fustes - Pallars Maderas","isPartOf":{"@id":"https:\/\/pallarsfustes.com\/es\/#website"},"datePublished":"2021-04-19T08:11:14+00:00","dateModified":"2024-11-14T13:33:34+00:00","description":"En el \u00e1rea t\u00e9cnica de Pallars Maderas utilizamos el c\u00e1lculo estructural, avanzados equipos de medici\u00f3n y la aplicaci\u00f3n de tratamientos en madera.","breadcrumb":{"@id":"https:\/\/pallarsfustes.com\/es\/area-tecnica\/#breadcrumb"},"inLanguage":"es","potentialAction":[{"@type":"ReadAction","target":["https:\/\/pallarsfustes.com\/es\/area-tecnica\/"]}]},{"@type":"BreadcrumbList","@id":"https:\/\/pallarsfustes.com\/es\/area-tecnica\/#breadcrumb","itemListElement":[{"@type":"ListItem","position":1,"name":"Home","item":"https:\/\/pallarsfustes.com\/es\/home\/"},{"@type":"ListItem","position":2,"name":"\u00c1rea t\u00e9cnica &#8211; Pallars Fustes"}]},{"@type":"WebSite","@id":"https:\/\/pallarsfustes.com\/es\/#website","url":"https:\/\/pallarsfustes.com\/es\/","name":"Pallars","description":"","potentialAction":[{"@type":"SearchAction","target":{"@type":"EntryPoint","urlTemplate":"https:\/\/pallarsfustes.com\/es\/?s={search_term_string}"},"query-input":{"@type":"PropertyValueSpecification","valueRequired":true,"valueName":"search_term_string"}}],"inLanguage":"es"}]}},"_links":{"self":[{"href":"https:\/\/pallarsfustes.com\/es\/wp-json\/wp\/v2\/pages\/4469","targetHints":{"allow":["GET"]}}],"collection":[{"href":"https:\/\/pallarsfustes.com\/es\/wp-json\/wp\/v2\/pages"}],"about":[{"href":"https:\/\/pallarsfustes.com\/es\/wp-json\/wp\/v2\/types\/page"}],"author":[{"embeddable":true,"href":"https:\/\/pallarsfustes.com\/es\/wp-json\/wp\/v2\/users\/5"}],"replies":[{"embeddable":true,"href":"https:\/\/pallarsfustes.com\/es\/wp-json\/wp\/v2\/comments?post=4469"}],"version-history":[{"count":29,"href":"https:\/\/pallarsfustes.com\/es\/wp-json\/wp\/v2\/pages\/4469\/revisions"}],"predecessor-version":[{"id":11149,"href":"https:\/\/pallarsfustes.com\/es\/wp-json\/wp\/v2\/pages\/4469\/revisions\/11149"}],"wp:attachment":[{"href":"https:\/\/pallarsfustes.com\/es\/wp-json\/wp\/v2\/media?parent=4469"}],"curies":[{"name":"wp","href":"https:\/\/api.w.org\/{rel}","templated":true}]}}