{"id":11108,"date":"2024-11-14T10:14:34","date_gmt":"2024-11-14T10:14:34","guid":{"rendered":"https:\/\/pallarsfustes.com\/lading-page\/"},"modified":"2024-11-14T10:14:34","modified_gmt":"2024-11-14T10:14:34","slug":"lading-page","status":"publish","type":"page","link":"https:\/\/pallarsfustes.com\/es\/lading-page\/","title":{"rendered":"Lading Page"},"content":{"rendered":"[mk_page_section bg_image=\u00bbhttps:\/\/pallarsfustes.com\/wp-content\/uploads\/2021\/06\/img_6773-scaled.jpeg\u00bb bg_position=\u00bbcenter center\u00bb bg_stretch=\u00bbtrue\u00bb enable_3d=\u00bbtrue\u00bb video_color_mask=\u00bb#000000&#8243; video_opacity=\u00bb0.7&#8243; padding_top=\u00bb175&#8243; padding_bottom=\u00bb175&#8243; sidebar=\u00bbsidebar-1&#8243;][vc_column][vc_custom_heading text=\u00bbHaz realidad tu proyecto\u00bb font_container=\u00bbtag:h1|text_align:center|color:%23ffffff\u00bb use_theme_fonts=\u00bbyes\u00bb][\/vc_column][\/mk_page_section][vc_row][vc_column][vc_empty_space height=\u00bb70px\u00bb][vc_row_inner][vc_column_inner width=\u00bb2\/2&#8243;][vc_column_text css=\u00bb.vc_custom_1647859629600{margin-bottom: 0px !important;}\u00bb]\n<h5 style=\"text-align: center;\"><span style=\"color: #a29a86;\">Movidos por nuestra pasi\u00f3n, la madera, hemos construido una historia de m\u00e1s de 20 a\u00f1os dedicados a realizar proyectos de arquitectura.<\/span><\/h5>\n[\/vc_column_text][vc_column_text css=\u00bb.vc_custom_1647859653743{margin-bottom: 0px !important;}\u00bb]\n<p style=\"text-align: center;\">Nuestra actividad est\u00e1 basada en la ingenier\u00eda, fabricaci\u00f3n y montaje de todo tipo de estructuras y casas de madera. Nuestra premisa es trabajar pensando en el cuidado del medio ambiente y manteniendo un entorno sostenible.<\/p>\n<p style=\"text-align: center;\">Cuidamos hasta el \u00faltimo detalle atendiendo a nuestros clientes, ya sea creando entornos \u00fanicos y acogedores para conseguir el bienestar de nuestro cliente.<\/p>\n[\/vc_column_text][\/vc_column_inner][\/vc_row_inner][vc_empty_space height=\u00bb70px\u00bb][vc_empty_space height=\u00bb30px\u00bb][\/vc_column][\/vc_row][vc_row fullwidth=\u00bbtrue\u00bb css=\u00bb.vc_custom_1647248089361{background-color: #a29a86 !important;}\u00bb][vc_column][mk_fancy_title margin_top=\u00bb33&#8243; margin_bottom=\u00bb28&#8243; font_family=\u00bbnone\u00bb]\n<h4 style=\"text-align: center;\"><span style=\"color: #ffffff;\">ESPECIALISTAS EN CUBIERTAS T\u00c9CNICAS Y P\u00c9RGOLAS DE MADERA<\/span><\/h4>\n[\/mk_fancy_title][\/vc_column][\/vc_row][vc_row fullwidth=\u00bbtrue\u00bb equal_columns=\u00bbtrue\u00bb][vc_column][vc_row_inner attached=\u00bbtrue\u00bb][vc_column_inner width=\u00bb1\/2&#8243;][vc_single_image image=\u00bb6643&#8243; img_size=\u00bbfull\u00bb onclick=\u00bbcustom_link\u00bb img_link_target=\u00bb_blank\u00bb link=\u00bbhttps:\/\/pallarsfustes.com\/arquitectura-grans-estructures\/\u00bb][\/vc_column_inner][vc_column_inner width=\u00bb1\/2&#8243;][vc_single_image image=\u00bb6646&#8243; img_size=\u00bbfull\u00bb onclick=\u00bbcustom_link\u00bb img_link_target=\u00bb_blank\u00bb link=\u00bbhttps:\/\/pallarsfustes.com\/arquitectura-mitjanes-estructures\/\u00bb][\/vc_column_inner][\/vc_row_inner][vc_empty_space height=\u00bb20px\u00bb][\/vc_column][\/vc_row][vc_row fullwidth=\u00bbtrue\u00bb css=\u00bb.vc_custom_1576605310864{background-color: #333333 !important;}\u00bb][vc_column css=\u00bb.vc_custom_1646756923021{background-color: #ffffff !important;}\u00bb][vc_empty_space][mk_fancy_title font_family=\u00bbnone\u00bb align=\u00bbcenter\u00bb]\n<h4 style=\"text-align: center;\"><span style=\"color: #a29a86;\">\u00daLTIMOS PROYECTOS<\/span><\/h4>\n[\/mk_fancy_title][\/vc_column][vc_column][mk_portfolio_carousel style=\u00bbmodern\u00bb hover_scenarios=\u00bbzoomin\u00bb count=\u00bb-1&#8243; categories=\u00bbproyectos\u00bb][\/vc_column][\/vc_row][vc_row][vc_column][vc_empty_space height=\u00bb70px\u00bb][mk_button dimension=\u00bbflat\u00bb corner_style=\u00bbrounded\u00bb size=\u00bbx-large\u00bb url=\u00bbhttps:\/\/pallarsfustes.com\/\u00bb align=\u00bbcenter\u00bb bg_color=\u00bb#a29a86&#8243;]VISITA LA WEB[\/mk_button][vc_empty_space height=\u00bb70px\u00bb][vc_custom_heading text=\u00bbCONTACTA\u00bb font_container=\u00bbtag:h5|text_align:center|color:%23a29a86&#8243; use_theme_fonts=\u00bbyes\u00bb][vc_separator color=\u00bbcustom\u00bb border_width=\u00bb3&#8243; accent_color=\u00bb#a69a85&#8243;][vc_empty_space height=\u00bb30px\u00bb][\/vc_column][\/vc_row][vc_row][vc_column]\n<div class=\"wpcf7 no-js\" id=\"wpcf7-f6544-o1\" lang=\"ca\" dir=\"ltr\" data-wpcf7-id=\"6544\">\n<div class=\"screen-reader-response\"><p role=\"status\" aria-live=\"polite\" aria-atomic=\"true\"><\/p> <ul><\/ul><\/div>\n<form action=\"\/es\/wp-json\/wp\/v2\/pages\/11108#wpcf7-f6544-o1\" method=\"post\" class=\"wpcf7-form init\" aria-label=\"Formulari de contacte\" novalidate=\"novalidate\" data-status=\"init\">\n<fieldset class=\"hidden-fields-container\"><input type=\"hidden\" name=\"_wpcf7\" value=\"6544\" \/><input type=\"hidden\" name=\"_wpcf7_version\" value=\"6.1.1\" \/><input type=\"hidden\" name=\"_wpcf7_locale\" value=\"ca\" \/><input type=\"hidden\" name=\"_wpcf7_unit_tag\" value=\"wpcf7-f6544-o1\" \/><input type=\"hidden\" name=\"_wpcf7_container_post\" value=\"0\" \/><input type=\"hidden\" name=\"_wpcf7_posted_data_hash\" value=\"\" \/>\n<\/fieldset>\n<p><label> Nombre y apelllidos<br \/>\n<span class=\"wpcf7-form-control-wrap\" data-name=\"your-name\"><input size=\"40\" maxlength=\"400\" class=\"wpcf7-form-control wpcf7-text wpcf7-validates-as-required\" aria-required=\"true\" aria-invalid=\"false\" value=\"\" type=\"text\" name=\"your-name\" \/><\/span> <\/label>\n<\/p>\n<p><label> Correo<br \/>\n<span class=\"wpcf7-form-control-wrap\" data-name=\"your-email\"><input size=\"40\" maxlength=\"400\" class=\"wpcf7-form-control wpcf7-email wpcf7-validates-as-required wpcf7-text wpcf7-validates-as-email\" aria-required=\"true\" aria-invalid=\"false\" value=\"\" type=\"email\" name=\"your-email\" \/><\/span> <\/label>\n<\/p>\n<p><label> Empresa<br \/>\n<span class=\"wpcf7-form-control-wrap\" data-name=\"your-empresa\"><input size=\"40\" maxlength=\"400\" class=\"wpcf7-form-control wpcf7-text wpcf7-validates-as-required\" aria-required=\"true\" aria-invalid=\"false\" value=\"\" type=\"text\" name=\"your-empresa\" \/><\/span> <\/label>\n<\/p>\n<p><label> Tel\u00e9fono<br \/>\n<span class=\"wpcf7-form-control-wrap\" data-name=\"your-telefon\"><input size=\"40\" maxlength=\"400\" class=\"wpcf7-form-control wpcf7-text wpcf7-validates-as-required\" aria-required=\"true\" aria-invalid=\"false\" value=\"\" type=\"text\" name=\"your-telefon\" \/><\/span> <\/label>\n<\/p>\n<p><span class=\"wpcf7-form-control-wrap\" data-name=\"Tipodeproyecto\"><select class=\"wpcf7-form-control wpcf7-select\" aria-invalid=\"false\" multiple=\"multiple\" name=\"Tipodeproyecto[]\"><option value=\"Cubiertas t\u00e9cnicas de madera\">Cubiertas t\u00e9cnicas de madera<\/option><option value=\"P\u00e9rgolas de madera\">P\u00e9rgolas de madera<\/option><option value=\"Otros\">Otros<\/option><\/select><\/span>\n<\/p>\n<p><label> Comentarios (opcional)<br \/>\n<span class=\"wpcf7-form-control-wrap\" data-name=\"your-message\"><textarea cols=\"40\" rows=\"10\" maxlength=\"2000\" class=\"wpcf7-form-control wpcf7-textarea\" aria-invalid=\"false\" name=\"your-message\"><\/textarea><\/span> <\/label>\n<\/p>\n<p><input class=\"wpcf7-form-control wpcf7-submit has-spinner\" type=\"submit\" value=\"Enviar\" \/>\n<\/p><div class=\"wpcf7-response-output\" aria-hidden=\"true\"><\/div>\n<\/form>\n<\/div>\n[vc_empty_space][\/vc_column][\/vc_row]\n","protected":false},"excerpt":{"rendered":"<p>[mk_page_section bg_image=\u00bbhttps:\/\/pallarsfustes.com\/wp-content\/uploads\/2021\/06\/img_6773-scaled.jpeg\u00bb bg_position=\u00bbcenter center\u00bb bg_stretch=\u00bbtrue\u00bb enable_3d=\u00bbtrue\u00bb video_color_mask=\u00bb#000000&#8243; video_opacity=\u00bb0.7&#8243; padding_top=\u00bb175&#8243; padding_bottom=\u00bb175&#8243; sidebar=\u00bbsidebar-1&#8243;][vc_column][vc_custom_heading text=\u00bbHaz realidad tu proyecto\u00bb font_container=\u00bbtag:h1|text_align:center|color:%23ffffff\u00bb use_theme_fonts=\u00bbyes\u00bb][\/vc_column][\/mk_page_section][vc_row][vc_column][vc_empty_space height=\u00bb70px\u00bb][vc_row_inner][vc_column_inner width=\u00bb2\/2&#8243;][vc_column_text css=\u00bb.vc_custom_1647859629600{margin-bottom: 0px !important;}\u00bb] Movidos por nuestra pasi\u00f3n, la madera, hemos construido una historia de m\u00e1s de 20 a\u00f1os dedicados a realizar proyectos de arquitectura. [\/vc_column_text][vc_column_text css=\u00bb.vc_custom_1647859653743{margin-bottom: 0px !important;}\u00bb] Nuestra actividad est\u00e1 basada en la ingenier\u00eda, fabricaci\u00f3n [&hellip;]<\/p>\n","protected":false},"author":10,"featured_media":0,"parent":0,"menu_order":0,"comment_status":"closed","ping_status":"closed","template":"","meta":{"footnotes":""},"class_list":["post-11108","page","type-page","status-publish","hentry"],"yoast_head":"<!-- This site is optimized with the Yoast SEO plugin v26.0 - https:\/\/yoast.com\/wordpress\/plugins\/seo\/ -->\n<title>Lading Page - Pallars<\/title>\n<meta name=\"robots\" content=\"index, follow, max-snippet:-1, max-image-preview:large, max-video-preview:-1\" \/>\n<link rel=\"canonical\" href=\"https:\/\/pallarsfustes.com\/es\/lading-page\/\" \/>\n<meta property=\"og:locale\" content=\"es_ES\" \/>\n<meta property=\"og:type\" content=\"article\" \/>\n<meta property=\"og:title\" content=\"Lading Page - Pallars\" \/>\n<meta property=\"og:description\" content=\"[mk_page_section bg_image=\u00bbhttps:\/\/pallarsfustes.com\/wp-content\/uploads\/2021\/06\/img_6773-scaled.jpeg\u00bb bg_position=\u00bbcenter center\u00bb bg_stretch=\u00bbtrue\u00bb enable_3d=\u00bbtrue\u00bb video_color_mask=\u00bb#000000&#8243; video_opacity=\u00bb0.7&#8243; padding_top=\u00bb175&#8243; padding_bottom=\u00bb175&#8243; sidebar=\u00bbsidebar-1&#8243;][vc_column][vc_custom_heading text=\u00bbHaz realidad tu proyecto\u00bb font_container=\u00bbtag:h1|text_align:center|color:%23ffffff\u00bb use_theme_fonts=\u00bbyes\u00bb][\/vc_column][\/mk_page_section][vc_row][vc_column][vc_empty_space height=\u00bb70px\u00bb][vc_row_inner][vc_column_inner width=\u00bb2\/2&#8243;][vc_column_text css=\u00bb.vc_custom_1647859629600{margin-bottom: 0px !important;}\u00bb] Movidos por nuestra pasi\u00f3n, la madera, hemos construido una historia de m\u00e1s de 20 a\u00f1os dedicados a realizar proyectos de arquitectura. [\/vc_column_text][vc_column_text css=\u00bb.vc_custom_1647859653743{margin-bottom: 0px !important;}\u00bb] Nuestra actividad est\u00e1 basada en la ingenier\u00eda, fabricaci\u00f3n [&hellip;]\" \/>\n<meta property=\"og:url\" content=\"https:\/\/pallarsfustes.com\/es\/lading-page\/\" \/>\n<meta property=\"og:site_name\" content=\"Pallars\" \/>\n<meta name=\"twitter:card\" content=\"summary_large_image\" \/>\n<meta name=\"twitter:label1\" content=\"Tiempo de lectura\" \/>\n\t<meta name=\"twitter:data1\" content=\"2 minutos\" \/>\n<script type=\"application\/ld+json\" class=\"yoast-schema-graph\">{\"@context\":\"https:\/\/schema.org\",\"@graph\":[{\"@type\":\"WebPage\",\"@id\":\"https:\/\/pallarsfustes.com\/es\/lading-page\/\",\"url\":\"https:\/\/pallarsfustes.com\/es\/lading-page\/\",\"name\":\"Lading Page - Pallars\",\"isPartOf\":{\"@id\":\"https:\/\/pallarsfustes.com\/es\/#website\"},\"datePublished\":\"2024-11-14T10:14:34+00:00\",\"breadcrumb\":{\"@id\":\"https:\/\/pallarsfustes.com\/es\/lading-page\/#breadcrumb\"},\"inLanguage\":\"es\",\"potentialAction\":[{\"@type\":\"ReadAction\",\"target\":[\"https:\/\/pallarsfustes.com\/es\/lading-page\/\"]}]},{\"@type\":\"BreadcrumbList\",\"@id\":\"https:\/\/pallarsfustes.com\/es\/lading-page\/#breadcrumb\",\"itemListElement\":[{\"@type\":\"ListItem\",\"position\":1,\"name\":\"Home\",\"item\":\"https:\/\/pallarsfustes.com\/es\/home\/\"},{\"@type\":\"ListItem\",\"position\":2,\"name\":\"Lading Page\"}]},{\"@type\":\"WebSite\",\"@id\":\"https:\/\/pallarsfustes.com\/es\/#website\",\"url\":\"https:\/\/pallarsfustes.com\/es\/\",\"name\":\"Pallars\",\"description\":\"\",\"potentialAction\":[{\"@type\":\"SearchAction\",\"target\":{\"@type\":\"EntryPoint\",\"urlTemplate\":\"https:\/\/pallarsfustes.com\/es\/?s={search_term_string}\"},\"query-input\":{\"@type\":\"PropertyValueSpecification\",\"valueRequired\":true,\"valueName\":\"search_term_string\"}}],\"inLanguage\":\"es\"}]}<\/script>\n<!-- \/ Yoast SEO plugin. -->","yoast_head_json":{"title":"Lading Page - Pallars","robots":{"index":"index","follow":"follow","max-snippet":"max-snippet:-1","max-image-preview":"max-image-preview:large","max-video-preview":"max-video-preview:-1"},"canonical":"https:\/\/pallarsfustes.com\/es\/lading-page\/","og_locale":"es_ES","og_type":"article","og_title":"Lading Page - Pallars","og_description":"[mk_page_section bg_image=\u00bbhttps:\/\/pallarsfustes.com\/wp-content\/uploads\/2021\/06\/img_6773-scaled.jpeg\u00bb bg_position=\u00bbcenter center\u00bb bg_stretch=\u00bbtrue\u00bb enable_3d=\u00bbtrue\u00bb video_color_mask=\u00bb#000000&#8243; video_opacity=\u00bb0.7&#8243; padding_top=\u00bb175&#8243; padding_bottom=\u00bb175&#8243; sidebar=\u00bbsidebar-1&#8243;][vc_column][vc_custom_heading text=\u00bbHaz realidad tu proyecto\u00bb font_container=\u00bbtag:h1|text_align:center|color:%23ffffff\u00bb use_theme_fonts=\u00bbyes\u00bb][\/vc_column][\/mk_page_section][vc_row][vc_column][vc_empty_space height=\u00bb70px\u00bb][vc_row_inner][vc_column_inner width=\u00bb2\/2&#8243;][vc_column_text css=\u00bb.vc_custom_1647859629600{margin-bottom: 0px !important;}\u00bb] Movidos por nuestra pasi\u00f3n, la madera, hemos construido una historia de m\u00e1s de 20 a\u00f1os dedicados a realizar proyectos de arquitectura. [\/vc_column_text][vc_column_text css=\u00bb.vc_custom_1647859653743{margin-bottom: 0px !important;}\u00bb] Nuestra actividad est\u00e1 basada en la ingenier\u00eda, fabricaci\u00f3n [&hellip;]","og_url":"https:\/\/pallarsfustes.com\/es\/lading-page\/","og_site_name":"Pallars","twitter_card":"summary_large_image","twitter_misc":{"Tiempo de lectura":"2 minutos"},"schema":{"@context":"https:\/\/schema.org","@graph":[{"@type":"WebPage","@id":"https:\/\/pallarsfustes.com\/es\/lading-page\/","url":"https:\/\/pallarsfustes.com\/es\/lading-page\/","name":"Lading Page - Pallars","isPartOf":{"@id":"https:\/\/pallarsfustes.com\/es\/#website"},"datePublished":"2024-11-14T10:14:34+00:00","breadcrumb":{"@id":"https:\/\/pallarsfustes.com\/es\/lading-page\/#breadcrumb"},"inLanguage":"es","potentialAction":[{"@type":"ReadAction","target":["https:\/\/pallarsfustes.com\/es\/lading-page\/"]}]},{"@type":"BreadcrumbList","@id":"https:\/\/pallarsfustes.com\/es\/lading-page\/#breadcrumb","itemListElement":[{"@type":"ListItem","position":1,"name":"Home","item":"https:\/\/pallarsfustes.com\/es\/home\/"},{"@type":"ListItem","position":2,"name":"Lading Page"}]},{"@type":"WebSite","@id":"https:\/\/pallarsfustes.com\/es\/#website","url":"https:\/\/pallarsfustes.com\/es\/","name":"Pallars","description":"","potentialAction":[{"@type":"SearchAction","target":{"@type":"EntryPoint","urlTemplate":"https:\/\/pallarsfustes.com\/es\/?s={search_term_string}"},"query-input":{"@type":"PropertyValueSpecification","valueRequired":true,"valueName":"search_term_string"}}],"inLanguage":"es"}]}},"_links":{"self":[{"href":"https:\/\/pallarsfustes.com\/es\/wp-json\/wp\/v2\/pages\/11108","targetHints":{"allow":["GET"]}}],"collection":[{"href":"https:\/\/pallarsfustes.com\/es\/wp-json\/wp\/v2\/pages"}],"about":[{"href":"https:\/\/pallarsfustes.com\/es\/wp-json\/wp\/v2\/types\/page"}],"author":[{"embeddable":true,"href":"https:\/\/pallarsfustes.com\/es\/wp-json\/wp\/v2\/users\/10"}],"replies":[{"embeddable":true,"href":"https:\/\/pallarsfustes.com\/es\/wp-json\/wp\/v2\/comments?post=11108"}],"version-history":[{"count":2,"href":"https:\/\/pallarsfustes.com\/es\/wp-json\/wp\/v2\/pages\/11108\/revisions"}],"predecessor-version":[{"id":11110,"href":"https:\/\/pallarsfustes.com\/es\/wp-json\/wp\/v2\/pages\/11108\/revisions\/11110"}],"wp:attachment":[{"href":"https:\/\/pallarsfustes.com\/es\/wp-json\/wp\/v2\/media?parent=11108"}],"curies":[{"name":"wp","href":"https:\/\/api.w.org\/{rel}","templated":true}]}}