{"id":4842,"date":"2021-04-20T12:31:37","date_gmt":"2021-04-20T12:31:37","guid":{"rendered":"https:\/\/niunapalabraanadie.com\/pallarsfustes\/projects\/projects-can-lluis-de-brunyola\/"},"modified":"2024-11-14T11:37:31","modified_gmt":"2024-11-14T11:37:31","slug":"projects-can-lluis-de-brunyola","status":"publish","type":"page","link":"https:\/\/pallarsfustes.com\/en\/projects\/projects-can-lluis-de-brunyola\/","title":{"rendered":"Projects: Can Lluis de Brunyola"},"content":{"rendered":"[mk_page_section vertical_align=&#8221;center&#8221; bg_image=&#8221;https:\/\/pallarsfustes.com\/wp-content\/uploads\/2020\/03\/pallarsfustes-can-lluis-de-brunyola-9.jpg&#8221; bg_position=&#8221;center center&#8221; bg_stretch=&#8221;true&#8221; enable_3d=&#8221;true&#8221; video_color_mask=&#8221;#000000&#8243; padding_top=&#8221;150&#8243; padding_bottom=&#8221;150&#8243; sidebar=&#8221;sidebar-1&#8243;][vc_column][vc_custom_heading text=&#8221;Can Luis de Brunyola&#8221; font_container=&#8221;tag:h2|text_align:center|color:%23ffffff&#8221; use_theme_fonts=&#8221;yes&#8221;][\/vc_column][\/mk_page_section][vc_row][vc_column][vc_empty_space height=&#8221;70px&#8221;][vc_column_text css=&#8221;.vc_custom_1699963831451{margin-bottom: 0px !important;}&#8221;]En el Pol\u00edgono Industrial Can Luis de Brunyola, Pallars Maderas ha creado una estructura innovadora: una serie de vigas de madera laminada curvada con una longitud imponente de catorce metros. Estas vigas son soportadas por j\u00e1cenas correas laminadas Gl24h cada metro veinte, conformando la esencia del edificio municipal polivalente en construcci\u00f3n. Entender como se desarrollan y son implementados los proyectos es crucial para apreciar la magnitud y la meticulosidad involucradas. La intrincada estructura ha sido concebida de manera meticulosa, asegurando que cada detalle cumpla con las especificaciones del dise\u00f1o. La forma esf\u00e9rica de las vigas laminadas, pilar a pilar, resalta el rigor de los c\u00e1lculos y de los procesos de corte y montaje. La precisi\u00f3n es clave en este proyecto: las j\u00e1cenas laminadas son tajadas con inclinaciones espec\u00edficas para garantizar los espaldarazos y los vuelos exteriores, proporcionando estabilidad y funcionalidad. Toda la estructura de madera, desde sus componentes hasta la suya montaje, se ha realizado bajo los m\u00e1s altos est\u00e1ndares de conformidad con la normativa vigente. Esta atenci\u00f3n meticulosa a los detalles asegura no solo la seguridad y la fiabilidad, sino tambi\u00e9n una belleza y un atractivo \u00fanico en el edificio municipal. El proceso de construcci\u00f3n se ha optimizado al m\u00e1ximo. La fabricaci\u00f3n de los elementos a taller permite una precisi\u00f3n milim\u00e9trica y una instalaci\u00f3n \u00e1gil y r\u00e1pida. La cobertura, con el panel Sandwich prefabricado, aporta no solo una protecci\u00f3n \u00f3ptima sino tambi\u00e9n una est\u00e9tica atractiva con su combinaci\u00f3n de madera, aislamiento t\u00e9rmico y acabado hidr\u00f3fugo. Todo esto convierte la cubierta en un elemento de atractivo visual \u00fanico. Con una superficie aproximada de 600m2, esta proeza estructural de Pallars Maderas se complet\u00f3 en un tiempo incre\u00edblemente corto: tan solo cuatro d\u00edas laborables, destacando la capacidad y eficiencia del equipo.[\/vc_column_text][vc_empty_space][vc_video host=&#8221;self_hosted&#8221; mp4=&#8221;https:\/\/pallarsfustes.com\/wp-content\/uploads\/2020\/03\/pallars-can-lluis.mp4&#8243; autoplay=&#8221;true&#8221; aspect_ratio=&#8221;true&#8221;][\/vc_column][\/vc_row][vc_row fullwidth=&#8221;true&#8221;][vc_column][vc_empty_space height=&#8221;10px&#8221;][mk_gallery images=&#8221;1096,1092,1093,1094,1098,1095,1100,1099,1091,1101&#8243; column=&#8221;2&#8243; image_size=&#8221;large&#8221; item_spacing=&#8221;10&#8243;][vc_empty_space height=&#8221;70px&#8221;][\/vc_column][\/vc_row]\n","protected":false},"excerpt":{"rendered":"<p>[mk_page_section vertical_align=&#8221;center&#8221; bg_image=&#8221;https:\/\/pallarsfustes.com\/wp-content\/uploads\/2020\/03\/pallarsfustes-can-lluis-de-brunyola-9.jpg&#8221; bg_position=&#8221;center center&#8221; bg_stretch=&#8221;true&#8221; enable_3d=&#8221;true&#8221; video_color_mask=&#8221;#000000&#8243; padding_top=&#8221;150&#8243; padding_bottom=&#8221;150&#8243; sidebar=&#8221;sidebar-1&#8243;][vc_column][vc_custom_heading text=&#8221;Can Luis de Brunyola&#8221; font_container=&#8221;tag:h2|text_align:center|color:%23ffffff&#8221; use_theme_fonts=&#8221;yes&#8221;][\/vc_column][\/mk_page_section][vc_row][vc_column][vc_empty_space height=&#8221;70px&#8221;][vc_column_text css=&#8221;.vc_custom_1699963831451{margin-bottom: 0px !important;}&#8221;]En el Pol\u00edgono Industrial Can Luis de Brunyola, Pallars Maderas ha creado una estructura innovadora: una serie de vigas de madera laminada curvada con una longitud imponente de catorce metros. Estas vigas son soportadas por [&hellip;]<\/p>\n","protected":false},"author":5,"featured_media":0,"parent":4830,"menu_order":0,"comment_status":"closed","ping_status":"closed","template":"","meta":{"footnotes":""},"class_list":["post-4842","page","type-page","status-publish","hentry"],"yoast_head":"<!-- This site is optimized with the Yoast SEO plugin v26.0 - https:\/\/yoast.com\/wordpress\/plugins\/seo\/ -->\n<title>Proyectos: Can Luis de Brunyola - Pallars Maderas<\/title>\n<meta name=\"description\" content=\"Estructura de vigas de madera laminadas curvadas por el edificio municipal polivalente Can Lluis de Brunyola.\" \/>\n<meta name=\"robots\" content=\"index, follow, max-snippet:-1, max-image-preview:large, max-video-preview:-1\" \/>\n<link rel=\"canonical\" href=\"https:\/\/pallarsfustes.com\/en\/projects\/projects-can-lluis-de-brunyola\/\" \/>\n<meta property=\"og:locale\" content=\"en_US\" \/>\n<meta property=\"og:type\" content=\"article\" \/>\n<meta property=\"og:title\" content=\"Proyectos: Can Luis de Brunyola - Pallars Maderas\" \/>\n<meta property=\"og:description\" content=\"Estructura de vigas de madera laminadas curvadas por el edificio municipal polivalente Can Lluis de Brunyola.\" \/>\n<meta property=\"og:url\" content=\"https:\/\/pallarsfustes.com\/en\/projects\/projects-can-lluis-de-brunyola\/\" \/>\n<meta property=\"og:site_name\" content=\"Pallars\" \/>\n<meta property=\"article:modified_time\" content=\"2024-11-14T11:37:31+00:00\" \/>\n<meta name=\"twitter:card\" content=\"summary_large_image\" \/>\n<meta name=\"twitter:label1\" content=\"Est. reading time\" \/>\n\t<meta name=\"twitter:data1\" content=\"2 minutes\" \/>\n<script type=\"application\/ld+json\" class=\"yoast-schema-graph\">{\"@context\":\"https:\/\/schema.org\",\"@graph\":[{\"@type\":\"WebPage\",\"@id\":\"https:\/\/pallarsfustes.com\/en\/projects\/projects-can-lluis-de-brunyola\/\",\"url\":\"https:\/\/pallarsfustes.com\/en\/projects\/projects-can-lluis-de-brunyola\/\",\"name\":\"Proyectos: Can Luis de Brunyola - Pallars Maderas\",\"isPartOf\":{\"@id\":\"https:\/\/pallarsfustes.com\/en\/#website\"},\"datePublished\":\"2021-04-20T12:31:37+00:00\",\"dateModified\":\"2024-11-14T11:37:31+00:00\",\"description\":\"Estructura de vigas de madera laminadas curvadas por el edificio municipal polivalente Can Lluis de Brunyola.\",\"breadcrumb\":{\"@id\":\"https:\/\/pallarsfustes.com\/en\/projects\/projects-can-lluis-de-brunyola\/#breadcrumb\"},\"inLanguage\":\"en-US\",\"potentialAction\":[{\"@type\":\"ReadAction\",\"target\":[\"https:\/\/pallarsfustes.com\/en\/projects\/projects-can-lluis-de-brunyola\/\"]}]},{\"@type\":\"BreadcrumbList\",\"@id\":\"https:\/\/pallarsfustes.com\/en\/projects\/projects-can-lluis-de-brunyola\/#breadcrumb\",\"itemListElement\":[{\"@type\":\"ListItem\",\"position\":1,\"name\":\"Home\",\"item\":\"https:\/\/pallarsfustes.com\/en\/home\/\"},{\"@type\":\"ListItem\",\"position\":2,\"name\":\"Projects\",\"item\":\"https:\/\/pallarsfustes.com\/en\/projects\/\"},{\"@type\":\"ListItem\",\"position\":3,\"name\":\"Projects: Can Lluis de Brunyola\"}]},{\"@type\":\"WebSite\",\"@id\":\"https:\/\/pallarsfustes.com\/en\/#website\",\"url\":\"https:\/\/pallarsfustes.com\/en\/\",\"name\":\"Pallars\",\"description\":\"\",\"potentialAction\":[{\"@type\":\"SearchAction\",\"target\":{\"@type\":\"EntryPoint\",\"urlTemplate\":\"https:\/\/pallarsfustes.com\/en\/?s={search_term_string}\"},\"query-input\":{\"@type\":\"PropertyValueSpecification\",\"valueRequired\":true,\"valueName\":\"search_term_string\"}}],\"inLanguage\":\"en-US\"}]}<\/script>\n<!-- \/ Yoast SEO plugin. -->","yoast_head_json":{"title":"Proyectos: Can Luis de Brunyola - Pallars Maderas","description":"Estructura de vigas de madera laminadas curvadas por el edificio municipal polivalente Can Lluis de Brunyola.","robots":{"index":"index","follow":"follow","max-snippet":"max-snippet:-1","max-image-preview":"max-image-preview:large","max-video-preview":"max-video-preview:-1"},"canonical":"https:\/\/pallarsfustes.com\/en\/projects\/projects-can-lluis-de-brunyola\/","og_locale":"en_US","og_type":"article","og_title":"Proyectos: Can Luis de Brunyola - Pallars Maderas","og_description":"Estructura de vigas de madera laminadas curvadas por el edificio municipal polivalente Can Lluis de Brunyola.","og_url":"https:\/\/pallarsfustes.com\/en\/projects\/projects-can-lluis-de-brunyola\/","og_site_name":"Pallars","article_modified_time":"2024-11-14T11:37:31+00:00","twitter_card":"summary_large_image","twitter_misc":{"Est. reading time":"2 minutes"},"schema":{"@context":"https:\/\/schema.org","@graph":[{"@type":"WebPage","@id":"https:\/\/pallarsfustes.com\/en\/projects\/projects-can-lluis-de-brunyola\/","url":"https:\/\/pallarsfustes.com\/en\/projects\/projects-can-lluis-de-brunyola\/","name":"Proyectos: Can Luis de Brunyola - Pallars Maderas","isPartOf":{"@id":"https:\/\/pallarsfustes.com\/en\/#website"},"datePublished":"2021-04-20T12:31:37+00:00","dateModified":"2024-11-14T11:37:31+00:00","description":"Estructura de vigas de madera laminadas curvadas por el edificio municipal polivalente Can Lluis de Brunyola.","breadcrumb":{"@id":"https:\/\/pallarsfustes.com\/en\/projects\/projects-can-lluis-de-brunyola\/#breadcrumb"},"inLanguage":"en-US","potentialAction":[{"@type":"ReadAction","target":["https:\/\/pallarsfustes.com\/en\/projects\/projects-can-lluis-de-brunyola\/"]}]},{"@type":"BreadcrumbList","@id":"https:\/\/pallarsfustes.com\/en\/projects\/projects-can-lluis-de-brunyola\/#breadcrumb","itemListElement":[{"@type":"ListItem","position":1,"name":"Home","item":"https:\/\/pallarsfustes.com\/en\/home\/"},{"@type":"ListItem","position":2,"name":"Projects","item":"https:\/\/pallarsfustes.com\/en\/projects\/"},{"@type":"ListItem","position":3,"name":"Projects: Can Lluis de Brunyola"}]},{"@type":"WebSite","@id":"https:\/\/pallarsfustes.com\/en\/#website","url":"https:\/\/pallarsfustes.com\/en\/","name":"Pallars","description":"","potentialAction":[{"@type":"SearchAction","target":{"@type":"EntryPoint","urlTemplate":"https:\/\/pallarsfustes.com\/en\/?s={search_term_string}"},"query-input":{"@type":"PropertyValueSpecification","valueRequired":true,"valueName":"search_term_string"}}],"inLanguage":"en-US"}]}},"_links":{"self":[{"href":"https:\/\/pallarsfustes.com\/en\/wp-json\/wp\/v2\/pages\/4842","targetHints":{"allow":["GET"]}}],"collection":[{"href":"https:\/\/pallarsfustes.com\/en\/wp-json\/wp\/v2\/pages"}],"about":[{"href":"https:\/\/pallarsfustes.com\/en\/wp-json\/wp\/v2\/types\/page"}],"author":[{"embeddable":true,"href":"https:\/\/pallarsfustes.com\/en\/wp-json\/wp\/v2\/users\/5"}],"replies":[{"embeddable":true,"href":"https:\/\/pallarsfustes.com\/en\/wp-json\/wp\/v2\/comments?post=4842"}],"version-history":[{"count":3,"href":"https:\/\/pallarsfustes.com\/en\/wp-json\/wp\/v2\/pages\/4842\/revisions"}],"predecessor-version":[{"id":11127,"href":"https:\/\/pallarsfustes.com\/en\/wp-json\/wp\/v2\/pages\/4842\/revisions\/11127"}],"up":[{"embeddable":true,"href":"https:\/\/pallarsfustes.com\/en\/wp-json\/wp\/v2\/pages\/4830"}],"wp:attachment":[{"href":"https:\/\/pallarsfustes.com\/en\/wp-json\/wp\/v2\/media?parent=4842"}],"curies":[{"name":"wp","href":"https:\/\/api.w.org\/{rel}","templated":true}]}}