{"id":4811,"date":"2021-04-20T12:13:08","date_gmt":"2021-04-20T12:13:08","guid":{"rendered":"https:\/\/niunapalabraanadie.com\/pallarsfustes\/wooden-houses\/"},"modified":"2024-11-15T08:31:00","modified_gmt":"2024-11-15T08:31:00","slug":"wooden-houses","status":"publish","type":"page","link":"https:\/\/pallarsfustes.com\/en\/wooden-houses\/","title":{"rendered":"Wooden houses"},"content":{"rendered":"[mk_page_section vertical_align=&#8221;center&#8221; bg_image=&#8221;https:\/\/pallarsfustes.com\/wp-content\/uploads\/2019\/03\/casas-de-fusta-7-3.jpg&#8221; bg_position=&#8221;center center&#8221; bg_repeat=&#8221;no-repeat&#8221; bg_stretch=&#8221;true&#8221; enable_3d=&#8221;true&#8221; video_mask=&#8221;true&#8221; video_color_mask=&#8221;#000000&#8243; video_opacity=&#8221;0.5&#8243; min_height=&#8221;300&#8243; padding_top=&#8221;150&#8243; padding_bottom=&#8221;150&#8243; sidebar=&#8221;sidebar-1&#8243;][vc_column][vc_custom_heading text=&#8221;Wooden houses&#8221; font_container=&#8221;tag:h2|text_align:center|color:%23ffffff&#8221; use_theme_fonts=&#8221;yes&#8221;][\/vc_column][\/mk_page_section][vc_row][vc_column][vc_empty_space height=&#8221;70px&#8221;][vc_column_text css=&#8221;.vc_custom_1690881620941{margin-bottom: 0px !important;}&#8221;]\n<h1 style=\"text-align: center;\">Why buy a wooden house? Or, why live in a prefabricated wooden house?<br \/>\n<\/h1>\n[\/vc_column_text][vc_column_text css=&#8221;.vc_custom_1623839327471{margin-bottom: 0px !important;}&#8221;]\n<div>Modern wooden homes offer the opportunity to live in a natural and unique environment; they aren\u2019t just any type of house where you can reside, the wooden home allows you to achieve a different, healthier and happier life. The people who live in wooden houses manage to feel more comfortable than in conventional homes, because they achieve much more sustainable economic, ecological and biological advantages.<\/div>\n<div>The prefabricated wooden houses are made up of high quality chained spruce wooden beams, of various thicknesses and textures, with infinity of finishes, which combined give an appearance of spectacular harmony. They are built linked in height, with the corners in a straight and polished finish, with a variety and assortment of inexhaustible and infinite wood such as: beams, walls and other materials for the construction of a wooden house are infinite. <\/div>\n[\/vc_column_text][vc_empty_space height=&#8221;15px&#8221;][vc_column_text css=&#8221;.vc_custom_1592236787294{margin-bottom: 0px !important;}&#8221;]From Pallars we offer you the integral service with the included assembly of the wooden floors of spruce tongue and groove boards, the wooden deck with its respective insulation and treated pine wood doors and windows. Our wooden homes can be used as summer or weekend house, camping, residential houses, garden house, wooden sheds and countless other uses.[\/vc_column_text][vc_empty_space height=&#8221;20px&#8221;][\/vc_column][\/vc_row][vc_row][vc_column][vc_row_inner][vc_column_inner width=&#8221;1\/2&#8243;][vc_images_carousel images=&#8221;2609,59,2608,2610,2611,2620&#8243; img_size=&#8221;full&#8221; autoplay=&#8221;yes&#8221; hide_prev_next_buttons=&#8221;yes&#8221; wrap=&#8221;yes&#8221;][\/vc_column_inner][vc_column_inner width=&#8221;1\/2&#8243;][vc_custom_heading text=&#8221;Light frame houses&#8221; use_theme_fonts=&#8221;yes&#8221;][vc_separator color=&#8221;custom&#8221; border_width=&#8221;2&#8243; accent_color=&#8221;#a89985&#8243; css=&#8221;.vc_custom_1553253579843{margin-bottom: 10px !important;}&#8221;][vc_column_text css=&#8221;.vc_custom_1623839458264{margin-bottom: 0px !important;}&#8221;]\n<p class=\"p1\" style=\"text-align: left;\"><span style=\"font-weight: 400;\">The main structures we use are large panels, which are assembled in a controlled situation factory to guarantee the highest quality in each of its elements. We offer the possibility of adapting the composition and material of the panels to the specific needs of each client.  We work with all the prefabricated panels necessary for the construction of custom buildings. With an optimal assembly time, between 2 and 7 days depending on the size and complexity of the work.<\/span><\/p>\n[\/vc_column_text][\/vc_column_inner][\/vc_row_inner][vc_row_inner][vc_column_inner width=&#8221;1\/2&#8243;][vc_images_carousel images=&#8221;2613,2612&#8243; img_size=&#8221;full&#8221; autoplay=&#8221;yes&#8221; hide_prev_next_buttons=&#8221;yes&#8221; wrap=&#8221;yes&#8221;][\/vc_column_inner][vc_column_inner width=&#8221;1\/2&#8243;][vc_custom_heading text=&#8221;Heavy frame houses&#8221; use_theme_fonts=&#8221;yes&#8221;][vc_separator color=&#8221;custom&#8221; border_width=&#8221;2&#8243; accent_color=&#8221;#a89985&#8243; css=&#8221;.vc_custom_1553253579843{margin-bottom: 10px !important;}&#8221;][vc_column_text css=&#8221;.vc_custom_1553253633692{margin-bottom: 0px !important;}&#8221;]\n<p class=\"p1\" style=\"text-align: left;\"><span style=\"font-weight: 400;\">For the construction of this type of house, we use more solid elements, such as poles or beams. We also use laminated elements to achieve greater expansion without intermediate pillars, which allows us to project large areas of free plants. All the pieces of wood used are intertwined with each other. That is why we need the help of couplings at different angles, through the use of metal tools or special connectors. We make them for both standard and custom measurements and custom-designed, whatever the client needs.<\/span><\/p>\n[\/vc_column_text][\/vc_column_inner][\/vc_row_inner][vc_row_inner][vc_column_inner width=&#8221;1\/2&#8243;][vc_images_carousel images=&#8221;947,2615,2616,2617,2618&#8243; img_size=&#8221;full&#8221; autoplay=&#8221;yes&#8221; hide_prev_next_buttons=&#8221;yes&#8221; wrap=&#8221;yes&#8221;][\/vc_column_inner][vc_column_inner width=&#8221;1\/2&#8243;][vc_custom_heading text=&#8221;Block Houses&#8221; use_theme_fonts=&#8221;yes&#8221;][vc_separator color=&#8221;custom&#8221; border_width=&#8221;2&#8243; accent_color=&#8221;#a89985&#8243; css=&#8221;.vc_custom_1553253579843{margin-bottom: 10px !important;}&#8221;][vc_column_text css=&#8221;.vc_custom_1553253622587{margin-bottom: 0px !important;}&#8221;]\n<p class=\"p1\" style=\"text-align: left;\"><span style=\"font-weight: 400;\">The main advantage offered by this type of house is the good thermal insulation that maintains the structure at the ideal temperatures. The idea of block houses derives from the logic of the \u201ctrunk house\u201d, in which the vertices intersect and the pieces are assembled vertically. We make them for both standard and custom measurements and custom-designed, whatever the client needs.<\/span><\/p>\n[\/vc_column_text][\/vc_column_inner][\/vc_row_inner][vc_row_inner][vc_column_inner width=&#8221;1\/2&#8243;][vc_images_carousel images=&#8221;2621,2622&#8243; img_size=&#8221;full&#8221; autoplay=&#8221;yes&#8221; hide_prev_next_buttons=&#8221;yes&#8221; wrap=&#8221;yes&#8221;][\/vc_column_inner][vc_column_inner width=&#8221;1\/2&#8243;][vc_custom_heading text=&#8221;CLT Homes&#8221; use_theme_fonts=&#8221;yes&#8221;][vc_separator color=&#8221;custom&#8221; border_width=&#8221;2&#8243; accent_color=&#8221;#a89985&#8243; css=&#8221;.vc_custom_1553253579843{margin-bottom: 10px !important;}&#8221;][vc_column_text css=&#8221;.vc_custom_1623839525026{margin-bottom: 0px !important;}&#8221;]\n<p class=\"p1\" style=\"text-align: left;\">Cross-laminated lumber (CLT) is a solid structural lumber product made from a minimum of three bonded layers of right-angle laminated lumber and is designed for ceiling, floor, and wall applications. The CLT is prefabricated and digitally designed with minimal production waste, which improves efficiency, safety and speed in construction. That is why CLT houses are an excellent option.<\/p>\n[\/vc_column_text][\/vc_column_inner][\/vc_row_inner][\/vc_column][\/vc_row][vc_row][vc_column][vc_column_text css=&#8221;.vc_custom_1623839584102{margin-bottom: 0px !important;}&#8221;]\n<h2 dir=\"ltr\">10 things to know about prefabricated wooden houses<\/h2>\n<p dir=\"ltr\">Living in a wooden house is an experience that can hardly be matched by any other kind of life. These log house buildings are the best way to relax and enjoy a happy and healthy life.<\/p>\n<p dir=\"ltr\">Prefabricated wooden houses offer a peaceful and quiet life and are an alternative to escape the noise, pollution and crowd of cities. The wooden houses are located in natural habitats and this results in better physical and mental health. Wood, in itself, has several properties that are beneficial to human beings. From Pallars we explain some of them <\/p>\n[\/vc_column_text][\/vc_column][\/vc_row][vc_row][vc_column width=&#8221;1\/2&#8243;][vc_column_text css=&#8221;.vc_custom_1592237580512{margin-bottom: 0px !important;}&#8221;]\n<h3 dir=\"ltr\"><strong>1. Do you know that wood is the best natural insulation?<\/strong><\/h3>\n<p dir=\"ltr\">Wood is a natural insulator. It means that those who live in a prefabricated wooden house are protected from the severity of external weather conditions. Even if it\u2019s very cold outside in winter, the internal temperature of a prefab log home remains at a uniform level.<\/p>\n<p>Sudden drops in temperature do not have the same impact on the temperature of the interiors of a wooden house. In contrast, the internal temperature of the structures is maintained even when the external climate is highly variable.<\/p>\n<p dir=\"ltr\">Turn your wooden house into a comfortable and cozy place to live. Those who live in a wooden house have better physical and mental health, since they live in an environment with a stable temperature.<\/p>\n[\/vc_column_text][\/vc_column][vc_column width=&#8221;1\/2&#8243;][vc_column_text css=&#8221;.vc_custom_1592237663024{margin-bottom: 0px !important;}&#8221;]\n<h3 dir=\"ltr\"><strong>2. Do you know the thermal benefits of destrongfusta<\/strong> <strong>houses?<\/strong><\/h3>\n<p dir=\"ltr\">Wood is a very thermally beneficial material. Other materials used in construction, such as concrete, cement, and metals, are affected by changes in heat. Most of these materials that are generally used in building constructions expand when temperatures rise.<\/p>\n<p dir=\"ltr\">Wood, on the other hand, does not wear out even in intense heat. Even when the temperature is too low, wood is not affected and helps preserve the integrity of the structure. Prefab wooden houses therefore have a longer life and face less damage due to changes in heat.<\/p>\n[\/vc_column_text][\/vc_column][\/vc_row][vc_row][vc_column width=&#8221;1\/2&#8243;][vc_column_text css=&#8221;.vc_custom_1623839633171{margin-bottom: 0px !important;}&#8221;]\n<h3 dir=\"ltr\"><strong>3. Do you know the acoustic advantages of wooden houses?<\/strong><\/h3>\n<p dir=\"ltr\">Many musical instruments are made of wood. It is due to the acoustic properties of wood. It is also the reason why music concerts are held in rooms that have wooden walls. Wood absorbs sound, which produces less noise and echo and this generates an inner peace that is very important for our well-being.<\/p>\n<p dir=\"ltr\">Prefabricated wooden houses enjoy the same properties as wood. There is little noise indoors and these log house buildings provide a peaceful and quiet living environment. Also, if you like to play some musical instruments, the noise absorbing property of wood together with the serene and beautiful atmosphere of a wooden house makes for the best setting.<\/p>\n[\/vc_column_text][\/vc_column][vc_column width=&#8221;1\/2&#8243;][vc_column_text css=&#8221;.vc_custom_1623839677598{margin-bottom: 0px !important;}&#8221;]\n<h3 dir=\"ltr\"><strong>4. Did you know about the energy efficiency of wood?<\/strong><\/h3>\n<p dir=\"ltr\">Prefab wooden houses are highly energy efficient. Due to its natural insulating properties, wooden structures like the log house require less use of temperature control equipment. Durant l&#8217;hivern ofereixen interiors m\u00e9s c\u00e0lids i a l&#8217;estiu, la temperatura interna \u00e9s relativament fresca. Reducing dependency on energy-intensive equipment such as heaters or air conditioners. Our pockets and the environment will thank us as well.<\/p>\n[\/vc_column_text][\/vc_column][\/vc_row][vc_row][vc_column width=&#8221;1\/2&#8243;][vc_column_text css=&#8221;.vc_custom_1623839705516{margin-bottom: 0px !important;}&#8221;]\n<h3 dir=\"ltr\"><strong>5. Do you know the resistance to electricity of wood?<\/strong><\/h3>\n<p dir=\"ltr\">Wood is resistant to electricity, which makes prefab wooden homes a safer option to live in compared to other types of structures. There is very little chance of fire due to short circuit. Prefabricated wooden houses are generally located near forests or landscaped areas where there is a greater likelihood of protection during rain. Wood provides a safer option by protecting against any adverse case for its resistance to electricity. <\/p>\n[\/vc_column_text][\/vc_column][vc_column width=&#8221;1\/2&#8243;][vc_column_text css=&#8221;.vc_custom_1592237708021{margin-bottom: 0px !important;}&#8221;]\n<h3 dir=\"ltr\"><strong>6. The aesthetics of wooden houses<\/strong><\/h3>\n<p dir=\"ltr\">The construction of a wooden house is more aesthetically pleasing than any other type of building. The natural shapes in wood make a wooden house naturally attractive and beautiful and very pleasing to the eye. Such aesthetic beauty makes wooden houses relaxing, comfortable and cozy to live in. In addition, decorating prefabricated wooden houses with wooden furniture and decorative wood-based elements, gives it a warmth and a unique, warm and pleasant atmosphere where you want to be and live.<\/p>\n[\/vc_column_text][\/vc_column][\/vc_row][vc_row][vc_column width=&#8221;1\/2&#8243;][vc_column_text css=&#8221;.vc_custom_1623839776451{margin-bottom: 0px !important;}&#8221;]\n<h3 dir=\"ltr\"><strong>7. Did you know that wood helps protect the environment?<\/strong><\/h3>\n<p dir=\"ltr\">Due to lower energy consumption, wooden houses have low levels of carbon emission. Such wooden buildings are environmentally friendly. Those who are concerned about their carbon footprint and its subsequent impact on the environment, can choose a prefabricated wooden house as their place of residence and have a very clear conscience.<\/p>\n<p dir=\"ltr\">These wooden structures, due to the type of material used in its construction, also help to keep the environment clean and safe. The characteristics of a prefabricated wooden house help to improve the physical health and mental well-being of its inhabitants. <\/p>\n[\/vc_column_text][\/vc_column][vc_column width=&#8221;1\/2&#8243;][vc_column_text css=&#8221;.vc_custom_1623839796596{margin-bottom: 0px !important;}&#8221;]\n<h3 dir=\"ltr\"><strong>8. Do you know the natural habitat of prefabricated wooden houses?<\/strong><\/h3>\n<p dir=\"ltr\">Prefabricated wooden houses are built away from towns. These are usually located in rural areas or near the forest. Such wooden structures, therefore, provide a natural habitat. Due to their proximity to nature, prefabricated wooden houses are immensely beneficial to the health of those who live in them.<\/p>\n<p dir=\"ltr\">These structures are far from the pollution and noise of urban areas, making them the perfect place to live. Living in wooden houses has several health-related benefits. These cabins are also a great source of fresh, clean air.<\/p>\n[\/vc_column_text][\/vc_column][\/vc_row][vc_row][vc_column width=&#8221;1\/2&#8243;][vc_column_text css=&#8221;.vc_custom_1592237741286{margin-bottom: 0px !important;}&#8221;]\n<h3 dir=\"ltr\"><strong>9. The lightness of wood<\/strong><\/h3>\n<p dir=\"ltr\">Prefab log houses are made of wooden logs that are lightweight. Therefore, they are easier to build. It is easy to carry the wooden logs to the location where a wooden house is being built. It makes transportation easy and cost effective.<\/p>\n<p dir=\"ltr\">The construction of such wooden house buildings is also easy compared to the construction of concrete buildings. Even in the case of damage, it is easier to replace damaged wooden logs with new ones and to bring them to the location of the residential cabin.<\/p>\n[\/vc_column_text][\/vc_column][vc_column width=&#8221;1\/2&#8243;][vc_column_text css=&#8221;.vc_custom_1623839841089{margin-bottom: 0px !important;}&#8221;]\n<h3 dir=\"ltr\"><strong>10. Did you know the resistance to oxidation of prefabricated wooden houses?<\/strong><\/h3>\n<p dir=\"ltr\">Wood has resistance to oxidation. Rust is the reason for consequent metal damage. But, wood on the other hand is protected from any oxidation, which gives wooden buildings a longer life. A residential log cabin therefore faces less wear and tear, reducing the requirements for maintenance and repair.<\/p>\n<p dir=\"ltr\">Log home buildings like residential log cabins offer several benefits due to the inherent traits mentioned in this article. These structures are more resistant to the climate and other natural elements, have a longer useful life, are more energy efficient, profitable and environmentally friendly. Prefab log homes offer the best way to live a peaceful, happy and healthy life.<\/p>\n[\/vc_column_text][\/vc_column][\/vc_row][vc_row][vc_column][vc_column_text css=&#8221;.vc_custom_1623839878977{margin-bottom: 0px !important;}&#8221;]\n<p dir=\"ltr\">In Pallars we offer you a variety of wooden houses and prefabricated houses that are made with top quality materials and all their interior endings, as well as their exterior, allowing a unique maintenance and comfort in this type of prefabricated wooden houses.<\/p>\n<p dir=\"ltr\">If you are looking for prefabricated wooden houses for life and want a high quality and a service of wooden professionals with extensive experience in the sector, do not hesitate to contact us, we will be happy to advise you and help you in your best choice.<\/p>\n[\/vc_column_text][\/vc_column][\/vc_row][vc_row][vc_column][vc_empty_space height=&#8221;50px&#8221;][vc_column_text css=&#8221;.vc_custom_1592295389182{margin-bottom: 0px !important;}&#8221;]\n<h5 style=\"text-align: center;\">For more information call us at 872 029 065 or write to us at <a href=\"mailto:comercial@pallarsfustes.com\"><u>commercial@pallarsfustes.com <\/u><\/a><\/h5>\n[\/vc_column_text][vc_empty_space height=&#8221;100px&#8221;][\/vc_column][\/vc_row][vc_row fullwidth=&#8221;true&#8221; fullwidth_content=&#8221;false&#8221; css=&#8221;.vc_custom_1553190768314{background-color: #a89985 !important;}&#8221;][vc_column][vc_empty_space height=&#8221;50px&#8221;][vc_custom_heading text=&#8221;SOME PROJECTS WE HAVE DONE&#8221; font_container=&#8221;tag:h4|text_align:center|color:%23ffffff&#8221; use_theme_fonts=&#8221;yes&#8221;][vc_separator color=&#8221;custom&#8221; border_width=&#8221;3&#8243; accent_color=&#8221;#ffffff&#8221;][mk_edge_slider order=&#8221;ASC&#8221; full_height=&#8221;false&#8221; height=&#8221;400&#8243; skip_arrow=&#8221;false&#8221; slides=&#8221;226, 232, 238, 242, 235, 246&#8243;][vc_empty_space height=&#8221;80px&#8221;][\/vc_column][\/vc_row]\n","protected":false},"excerpt":{"rendered":"<p>[mk_page_section vertical_align=&#8221;center&#8221; bg_image=&#8221;https:\/\/pallarsfustes.com\/wp-content\/uploads\/2019\/03\/casas-de-fusta-7-3.jpg&#8221; bg_position=&#8221;center center&#8221; bg_repeat=&#8221;no-repeat&#8221; bg_stretch=&#8221;true&#8221; enable_3d=&#8221;true&#8221; video_mask=&#8221;true&#8221; video_color_mask=&#8221;#000000&#8243; video_opacity=&#8221;0.5&#8243; min_height=&#8221;300&#8243; padding_top=&#8221;150&#8243; padding_bottom=&#8221;150&#8243; sidebar=&#8221;sidebar-1&#8243;][vc_column][vc_custom_heading text=&#8221;Wooden houses&#8221; font_container=&#8221;tag:h2|text_align:center|color:%23ffffff&#8221; use_theme_fonts=&#8221;yes&#8221;][\/vc_column][\/mk_page_section][vc_row][vc_column][vc_empty_space height=&#8221;70px&#8221;][vc_column_text css=&#8221;.vc_custom_1690881620941{margin-bottom: 0px !important;}&#8221;] Why buy a wooden house? Or, why live in a prefabricated wooden house? [\/vc_column_text][vc_column_text css=&#8221;.vc_custom_1623839327471{margin-bottom: 0px !important;}&#8221;] Modern wooden homes offer the opportunity to live in a natural and unique environment; they [&hellip;]<\/p>\n","protected":false},"author":5,"featured_media":0,"parent":0,"menu_order":0,"comment_status":"closed","ping_status":"closed","template":"","meta":{"footnotes":""},"class_list":["post-4811","page","type-page","status-publish","hentry"],"yoast_head":"<!-- This site is optimized with the Yoast SEO plugin v26.0 - https:\/\/yoast.com\/wordpress\/plugins\/seo\/ -->\n<title>High quality and design wooden houses - Pallars Fustes<\/title>\n<meta name=\"description\" content=\"We offer high quality wooden houses, design and comfort. Discover our range of models. Contact us today!\" \/>\n<meta name=\"robots\" content=\"index, follow, max-snippet:-1, max-image-preview:large, max-video-preview:-1\" \/>\n<link rel=\"canonical\" href=\"https:\/\/pallarsfustes.com\/en\/wooden-houses\/\" \/>\n<meta property=\"og:locale\" content=\"en_US\" \/>\n<meta property=\"og:type\" content=\"article\" \/>\n<meta property=\"og:title\" content=\"High quality and design wooden houses - Pallars Fustes\" \/>\n<meta property=\"og:description\" content=\"We offer high quality wooden houses, design and comfort. Discover our range of models. Contact us today!\" \/>\n<meta property=\"og:url\" content=\"https:\/\/pallarsfustes.com\/en\/wooden-houses\/\" \/>\n<meta property=\"og:site_name\" content=\"Pallars\" \/>\n<meta property=\"article:modified_time\" content=\"2024-11-15T08:31:00+00:00\" \/>\n<meta name=\"twitter:card\" content=\"summary_large_image\" \/>\n<meta name=\"twitter:label1\" content=\"Est. reading time\" \/>\n\t<meta name=\"twitter:data1\" content=\"11 minutes\" \/>\n<script type=\"application\/ld+json\" class=\"yoast-schema-graph\">{\"@context\":\"https:\/\/schema.org\",\"@graph\":[{\"@type\":\"WebPage\",\"@id\":\"https:\/\/pallarsfustes.com\/en\/wooden-houses\/\",\"url\":\"https:\/\/pallarsfustes.com\/en\/wooden-houses\/\",\"name\":\"High quality and design wooden houses - Pallars Fustes\",\"isPartOf\":{\"@id\":\"https:\/\/pallarsfustes.com\/en\/#website\"},\"datePublished\":\"2021-04-20T12:13:08+00:00\",\"dateModified\":\"2024-11-15T08:31:00+00:00\",\"description\":\"We offer high quality wooden houses, design and comfort. Discover our range of models. Contact us today!\",\"breadcrumb\":{\"@id\":\"https:\/\/pallarsfustes.com\/en\/wooden-houses\/#breadcrumb\"},\"inLanguage\":\"en-US\",\"potentialAction\":[{\"@type\":\"ReadAction\",\"target\":[\"https:\/\/pallarsfustes.com\/en\/wooden-houses\/\"]}]},{\"@type\":\"BreadcrumbList\",\"@id\":\"https:\/\/pallarsfustes.com\/en\/wooden-houses\/#breadcrumb\",\"itemListElement\":[{\"@type\":\"ListItem\",\"position\":1,\"name\":\"Home\",\"item\":\"https:\/\/pallarsfustes.com\/en\/\"},{\"@type\":\"ListItem\",\"position\":2,\"name\":\"Wooden houses\"}]},{\"@type\":\"WebSite\",\"@id\":\"https:\/\/pallarsfustes.com\/en\/#website\",\"url\":\"https:\/\/pallarsfustes.com\/en\/\",\"name\":\"Pallars\",\"description\":\"\",\"potentialAction\":[{\"@type\":\"SearchAction\",\"target\":{\"@type\":\"EntryPoint\",\"urlTemplate\":\"https:\/\/pallarsfustes.com\/en\/?s={search_term_string}\"},\"query-input\":{\"@type\":\"PropertyValueSpecification\",\"valueRequired\":true,\"valueName\":\"search_term_string\"}}],\"inLanguage\":\"en-US\"}]}<\/script>\n<!-- \/ Yoast SEO plugin. -->","yoast_head_json":{"title":"High quality and design wooden houses - Pallars Fustes","description":"We offer high quality wooden houses, design and comfort. Discover our range of models. Contact us today!","robots":{"index":"index","follow":"follow","max-snippet":"max-snippet:-1","max-image-preview":"max-image-preview:large","max-video-preview":"max-video-preview:-1"},"canonical":"https:\/\/pallarsfustes.com\/en\/wooden-houses\/","og_locale":"en_US","og_type":"article","og_title":"High quality and design wooden houses - Pallars Fustes","og_description":"We offer high quality wooden houses, design and comfort. Discover our range of models. Contact us today!","og_url":"https:\/\/pallarsfustes.com\/en\/wooden-houses\/","og_site_name":"Pallars","article_modified_time":"2024-11-15T08:31:00+00:00","twitter_card":"summary_large_image","twitter_misc":{"Est. reading time":"11 minutes"},"schema":{"@context":"https:\/\/schema.org","@graph":[{"@type":"WebPage","@id":"https:\/\/pallarsfustes.com\/en\/wooden-houses\/","url":"https:\/\/pallarsfustes.com\/en\/wooden-houses\/","name":"High quality and design wooden houses - Pallars Fustes","isPartOf":{"@id":"https:\/\/pallarsfustes.com\/en\/#website"},"datePublished":"2021-04-20T12:13:08+00:00","dateModified":"2024-11-15T08:31:00+00:00","description":"We offer high quality wooden houses, design and comfort. Discover our range of models. Contact us today!","breadcrumb":{"@id":"https:\/\/pallarsfustes.com\/en\/wooden-houses\/#breadcrumb"},"inLanguage":"en-US","potentialAction":[{"@type":"ReadAction","target":["https:\/\/pallarsfustes.com\/en\/wooden-houses\/"]}]},{"@type":"BreadcrumbList","@id":"https:\/\/pallarsfustes.com\/en\/wooden-houses\/#breadcrumb","itemListElement":[{"@type":"ListItem","position":1,"name":"Home","item":"https:\/\/pallarsfustes.com\/en\/"},{"@type":"ListItem","position":2,"name":"Wooden houses"}]},{"@type":"WebSite","@id":"https:\/\/pallarsfustes.com\/en\/#website","url":"https:\/\/pallarsfustes.com\/en\/","name":"Pallars","description":"","potentialAction":[{"@type":"SearchAction","target":{"@type":"EntryPoint","urlTemplate":"https:\/\/pallarsfustes.com\/en\/?s={search_term_string}"},"query-input":{"@type":"PropertyValueSpecification","valueRequired":true,"valueName":"search_term_string"}}],"inLanguage":"en-US"}]}},"_links":{"self":[{"href":"https:\/\/pallarsfustes.com\/en\/wp-json\/wp\/v2\/pages\/4811","targetHints":{"allow":["GET"]}}],"collection":[{"href":"https:\/\/pallarsfustes.com\/en\/wp-json\/wp\/v2\/pages"}],"about":[{"href":"https:\/\/pallarsfustes.com\/en\/wp-json\/wp\/v2\/types\/page"}],"author":[{"embeddable":true,"href":"https:\/\/pallarsfustes.com\/en\/wp-json\/wp\/v2\/users\/5"}],"replies":[{"embeddable":true,"href":"https:\/\/pallarsfustes.com\/en\/wp-json\/wp\/v2\/comments?post=4811"}],"version-history":[{"count":7,"href":"https:\/\/pallarsfustes.com\/en\/wp-json\/wp\/v2\/pages\/4811\/revisions"}],"predecessor-version":[{"id":11166,"href":"https:\/\/pallarsfustes.com\/en\/wp-json\/wp\/v2\/pages\/4811\/revisions\/11166"}],"wp:attachment":[{"href":"https:\/\/pallarsfustes.com\/en\/wp-json\/wp\/v2\/media?parent=4811"}],"curies":[{"name":"wp","href":"https:\/\/api.w.org\/{rel}","templated":true}]}}